{"id":1079,"date":"2024-03-08T12:19:52","date_gmt":"2024-03-08T11:19:52","guid":{"rendered":"https:\/\/iista.ugr.es\/actris\/?page_id=1079"},"modified":"2024-07-25T12:28:34","modified_gmt":"2024-07-25T10:28:34","slug":"upc","status":"publish","type":"page","link":"https:\/\/actris.es\/en\/upc\/","title":{"rendered":"UPC Polytechnic University of Catalonia"},"content":{"rendered":"<div data-elementor-type=\"wp-page\" data-elementor-id=\"1079\" class=\"elementor elementor-1079\">\n\t\t\t\t<div class=\"elementor-element elementor-element-5451f2f7 e-flex e-con-boxed wpr-particle-no wpr-jarallax-no wpr-parallax-no wpr-sticky-section-no e-con e-parent\" data-id=\"5451f2f7\" data-element_type=\"container\" data-settings=\"{&quot;content_width&quot;:&quot;boxed&quot;}\" data-core-v316-plus=\"true\">\n\t\t\t\t\t<div class=\"e-con-inner\">\n\t\t<div class=\"elementor-element elementor-element-18b00042 e-con-full e-flex wpr-particle-no wpr-jarallax-no wpr-parallax-no wpr-sticky-section-no e-con e-child\" data-id=\"18b00042\" data-element_type=\"container\" data-settings=\"{&quot;content_width&quot;:&quot;full&quot;}\">\n\t\t\t\t<div class=\"elementor-element elementor-element-66171ad1 elementor-widget elementor-widget-heading\" data-id=\"66171ad1\" data-element_type=\"widget\" data-widget_type=\"heading.default\">\n\t\t\t\t<div class=\"elementor-widget-container\">\n\t\t\t<style>\/*! elementor - v3.19.0 - 28-02-2024 *\/\n.elementor-heading-title{padding:0;margin:0;line-height:1}.elementor-widget-heading .elementor-heading-title[class*=elementor-size-]>a{color:inherit;font-size:inherit;line-height:inherit}.elementor-widget-heading .elementor-heading-title.elementor-size-small{font-size:15px}.elementor-widget-heading .elementor-heading-title.elementor-size-medium{font-size:19px}.elementor-widget-heading .elementor-heading-title.elementor-size-large{font-size:29px}.elementor-widget-heading .elementor-heading-title.elementor-size-xl{font-size:39px}.elementor-widget-heading .elementor-heading-title.elementor-size-xxl{font-size:59px}<\/style><h3 class=\"elementor-heading-title elementor-size-default\">Optical remote sensing group of the Polytechnic University of Catalonia<\/h3>\t\t<\/div>\n\t\t\t\t<\/div>\n\t\t\t\t<div class=\"elementor-element elementor-element-2f751a0 elementor-widget elementor-widget-spacer\" data-id=\"2f751a0\" data-element_type=\"widget\" data-widget_type=\"spacer.default\">\n\t\t\t\t<div class=\"elementor-widget-container\">\n\t\t\t<style>\/*! elementor - v3.19.0 - 28-02-2024 *\/\n.elementor-column .elementor-spacer-inner{height:var(--spacer-size)}.e-con{--container-widget-width:100%}.e-con-inner>.elementor-widget-spacer,.e-con>.elementor-widget-spacer{width:var(--container-widget-width,var(--spacer-size));--align-self:var(--container-widget-align-self,initial);--flex-shrink:0}.e-con-inner>.elementor-widget-spacer>.elementor-widget-container,.e-con>.elementor-widget-spacer>.elementor-widget-container{height:100%;width:100%}.e-con-inner>.elementor-widget-spacer>.elementor-widget-container>.elementor-spacer,.e-con>.elementor-widget-spacer>.elementor-widget-container>.elementor-spacer{height:100%}.e-con-inner>.elementor-widget-spacer>.elementor-widget-container>.elementor-spacer>.elementor-spacer-inner,.e-con>.elementor-widget-spacer>.elementor-widget-container>.elementor-spacer>.elementor-spacer-inner{height:var(--container-widget-height,var(--spacer-size))}.e-con-inner>.elementor-widget-spacer.elementor-widget-empty,.e-con>.elementor-widget-spacer.elementor-widget-empty{position:relative;min-height:22px;min-width:22px}.e-con-inner>.elementor-widget-spacer.elementor-widget-empty .elementor-widget-empty-icon,.e-con>.elementor-widget-spacer.elementor-widget-empty .elementor-widget-empty-icon{position:absolute;top:0;bottom:0;left:0;right:0;margin:auto;padding:0;width:22px;height:22px}<\/style>\t\t<div class=\"elementor-spacer\">\n\t\t\t<div class=\"elementor-spacer-inner\"><\/div>\n\t\t<\/div>\n\t\t\t\t<\/div>\n\t\t\t\t<\/div>\n\t\t\t\t<div class=\"elementor-element elementor-element-876af09 elementor-widget elementor-widget-text-editor\" data-id=\"876af09\" data-element_type=\"widget\" data-widget_type=\"text-editor.default\">\n\t\t\t\t<div class=\"elementor-widget-container\">\n\t\t\t<style>\/*! elementor - v3.19.0 - 28-02-2024 *\/\n.elementor-widget-text-editor.elementor-drop-cap-view-stacked .elementor-drop-cap{background-color:#69727d;color:#fff}.elementor-widget-text-editor.elementor-drop-cap-view-framed .elementor-drop-cap{color:#69727d;border:3px solid;background-color:transparent}.elementor-widget-text-editor:not(.elementor-drop-cap-view-default) .elementor-drop-cap{margin-top:8px}.elementor-widget-text-editor:not(.elementor-drop-cap-view-default) .elementor-drop-cap-letter{width:1em;height:1em}.elementor-widget-text-editor .elementor-drop-cap{float:left;text-align:center;line-height:1;font-size:50px}.elementor-widget-text-editor .elementor-drop-cap-letter{display:inline-block}<\/style>\t\t\t\t<p>The <a href=\"https:\/\/www.upc.edu\/\"><strong>UPC <\/strong><\/a>participates as Observational Platform in the Aerosol Remote Sensing (ARS) component with its station in Barcelona.<\/p><p class=\"translation-block\">The UPC participates in this proposal through the optical remote sensing group integrated in the Mar\u00eda de Maeztu CommSensLab unit of excellence of the Department of Signal Theory and Communications.  The optical remote sensing group carries out research especially in lidar systems, having developed a high-power pulsed system according to EARLINET standards.<\/p><p>The UPC point of contact manages the EARLINET lidar station in Barcelona, which meets ACTRIS requirements for aerosol remote sensing stations and provides advanced lidar aerosol profiling capabilities (three elastic channels at 355 nm, 532 nm and 1064 nm, two rotational Raman channels at 354 nm and 530 nm, and two depolarisation channels at 355 nm and 532 nm).<\/p>\t\t\t\t\t\t<\/div>\n\t\t\t\t<\/div>\n\t\t\t\t<div class=\"elementor-element elementor-element-5cb939e elementor-widget elementor-widget-heading\" data-id=\"5cb939e\" data-element_type=\"widget\" data-widget_type=\"heading.default\">\n\t\t\t\t<div class=\"elementor-widget-container\">\n\t\t\t<h3 class=\"elementor-heading-title elementor-size-default\">Significant Infrastructures<\/h3>\t\t<\/div>\n\t\t\t\t<\/div>\n\t\t\t\t<div class=\"elementor-element elementor-element-40151814 elementor-widget elementor-widget-text-editor\" data-id=\"40151814\" data-element_type=\"widget\" data-widget_type=\"text-editor.default\">\n\t\t\t\t<div class=\"elementor-widget-container\">\n\t\t\t\t\t\t\t<ul><li class=\"translation-block\">High-power aerosol lidar, integrated in EARLINET: 3 backscatter channels, 2 extinction channels, 1 water vapour channel and 2 depolarisation channels.<\/li><li class=\"translation-block\">9-channel sun\/sky\/moon photometer (CE318-TP9) with depolarisation measurement capability integrated in AERONET.<\/li><li class=\"translation-block\">Micropulse lidar at 532 nm with depolarisation channel integrated in MPLNET.<\/li><li class=\"translation-block\">Radiometric station integrated in SolRad-Net.<\/li><\/ul>\t\t\t\t\t\t<\/div>\n\t\t\t\t<\/div>\n\t\t\t\t<\/div>\n\t\t<div class=\"elementor-element elementor-element-475e9ffc e-con-full e-flex wpr-particle-no wpr-jarallax-no wpr-parallax-no wpr-sticky-section-no e-con e-child\" data-id=\"475e9ffc\" data-element_type=\"container\" data-settings=\"{&quot;content_width&quot;:&quot;full&quot;}\">\n\t\t<div class=\"elementor-element elementor-element-5198e1db e-con-full e-flex wpr-particle-no wpr-jarallax-no wpr-parallax-no wpr-sticky-section-no e-con e-child\" data-id=\"5198e1db\" data-element_type=\"container\" data-settings=\"{&quot;content_width&quot;:&quot;full&quot;}\">\n\t\t\t\t<div class=\"elementor-element elementor-element-30f7d4bf elementor-widget__width-initial elementor-widget elementor-widget-image\" data-id=\"30f7d4bf\" data-element_type=\"widget\" data-widget_type=\"image.default\">\n\t\t\t\t<div class=\"elementor-widget-container\">\n\t\t\t<style>\/*! elementor - v3.19.0 - 28-02-2024 *\/\n.elementor-widget-image{text-align:center}.elementor-widget-image a{display:inline-block}.elementor-widget-image a img[src$=\".svg\"]{width:48px}.elementor-widget-image img{vertical-align:middle;display:inline-block}<\/style>\t\t\t\t\t\t\t\t\t\t<img fetchpriority=\"high\" decoding=\"async\" width=\"713\" height=\"620\" src=\"https:\/\/actris.es\/wp-content\/uploads\/2024\/05\/IMG_1019_edit2-713x620.jpg\" class=\"attachment-neve-blog size-neve-blog wp-image-3283\" alt=\"\" \/>\t\t\t\t\t\t\t\t\t\t\t\t\t<\/div>\n\t\t\t\t<\/div>\n\t\t\t\t<\/div>\n\t\t<div class=\"elementor-element elementor-element-36c573b1 e-con-full e-flex wpr-particle-no wpr-jarallax-no wpr-parallax-no wpr-sticky-section-no e-con e-child\" data-id=\"36c573b1\" data-element_type=\"container\" data-settings=\"{&quot;content_width&quot;:&quot;full&quot;}\">\n\t\t\t\t<div class=\"elementor-element elementor-element-370adc86 elementor-widget elementor-widget-spacer\" data-id=\"370adc86\" data-element_type=\"widget\" data-widget_type=\"spacer.default\">\n\t\t\t\t<div class=\"elementor-widget-container\">\n\t\t\t\t\t<div class=\"elementor-spacer\">\n\t\t\t<div class=\"elementor-spacer-inner\"><\/div>\n\t\t<\/div>\n\t\t\t\t<\/div>\n\t\t\t\t<\/div>\n\t\t\t\t<div class=\"elementor-element elementor-element-513a9169 elementor-widget elementor-widget-heading\" data-id=\"513a9169\" data-element_type=\"widget\" data-widget_type=\"heading.default\">\n\t\t\t\t<div class=\"elementor-widget-container\">\n\t\t\t<h4 class=\"elementor-heading-title elementor-size-default\">Responsible <\/h4>\t\t<\/div>\n\t\t\t\t<\/div>\n\t\t\t\t<div class=\"elementor-element elementor-element-45f82ff9 elementor-widget elementor-widget-spacer\" data-id=\"45f82ff9\" data-element_type=\"widget\" data-widget_type=\"spacer.default\">\n\t\t\t\t<div class=\"elementor-widget-container\">\n\t\t\t\t\t<div class=\"elementor-spacer\">\n\t\t\t<div class=\"elementor-spacer-inner\"><\/div>\n\t\t<\/div>\n\t\t\t\t<\/div>\n\t\t\t\t<\/div>\n\t\t\t\t<div class=\"elementor-element elementor-element-28a365ac elementor-widget elementor-widget-text-editor\" data-id=\"28a365ac\" data-element_type=\"widget\" data-widget_type=\"text-editor.default\">\n\t\t\t\t<div class=\"elementor-widget-container\">\n\t\t\t\t\t\t\t<p>Alejandro Rodr\u00edguez<\/p>\t\t\t\t\t\t<\/div>\n\t\t\t\t<\/div>\n\t\t\t\t<div class=\"elementor-element elementor-element-78412700 elementor-widget elementor-widget-heading\" data-id=\"78412700\" data-element_type=\"widget\" data-widget_type=\"heading.default\">\n\t\t\t\t<div class=\"elementor-widget-container\">\n\t\t\t<h4 class=\"elementor-heading-title elementor-size-default\">Where we are<\/h4>\t\t<\/div>\n\t\t\t\t<\/div>\n\t\t\t\t<div class=\"elementor-element elementor-element-72a99d08 elementor-widget elementor-widget-spacer\" data-id=\"72a99d08\" data-element_type=\"widget\" data-widget_type=\"spacer.default\">\n\t\t\t\t<div class=\"elementor-widget-container\">\n\t\t\t\t\t<div class=\"elementor-spacer\">\n\t\t\t<div class=\"elementor-spacer-inner\"><\/div>\n\t\t<\/div>\n\t\t\t\t<\/div>\n\t\t\t\t<\/div>\n\t\t\t\t<div class=\"elementor-element elementor-element-41114192 elementor-widget elementor-widget-google_maps\" data-id=\"41114192\" data-element_type=\"widget\" data-widget_type=\"google_maps.default\">\n\t\t\t\t<div class=\"elementor-widget-container\">\n\t\t\t<style>\/*! elementor - v3.19.0 - 28-02-2024 *\/\n.elementor-widget-google_maps .elementor-widget-container{overflow:hidden}.elementor-widget-google_maps .elementor-custom-embed{line-height:0}.elementor-widget-google_maps iframe{height:300px}<\/style>\t\t<div class=\"elementor-custom-embed\">\n\t\t\t<iframe loading=\"lazy\"\n\t\t\t\t\tsrc=\"https:\/\/maps.google.com\/maps?q=Universidad%20Polit%C3%A9cnica%20de%20Catalu%C3%B1a&#038;t=m&#038;z=12&#038;output=embed&#038;iwloc=near\"\n\t\t\t\t\ttitle=\"Polytechnic University of Catalonia\"\n\t\t\t\t\taria-label=\"Polytechnic University of Catalonia\"\n\t\t\t><\/iframe>\n\t\t<\/div>\n\t\t\t\t<\/div>\n\t\t\t\t<\/div>\n\t\t\t\t<div class=\"elementor-element elementor-element-29cd8bd4 elementor-widget elementor-widget-spacer\" data-id=\"29cd8bd4\" data-element_type=\"widget\" data-widget_type=\"spacer.default\">\n\t\t\t\t<div class=\"elementor-widget-container\">\n\t\t\t\t\t<div class=\"elementor-spacer\">\n\t\t\t<div class=\"elementor-spacer-inner\"><\/div>\n\t\t<\/div>\n\t\t\t\t<\/div>\n\t\t\t\t<\/div>\n\t\t\t\t<div class=\"elementor-element elementor-element-5614cfbc elementor-widget elementor-widget-heading\" data-id=\"5614cfbc\" data-element_type=\"widget\" data-widget_type=\"heading.default\">\n\t\t\t\t<div class=\"elementor-widget-container\">\n\t\t\t<h4 class=\"elementor-heading-title elementor-size-default\">Featured Websites<\/h4>\t\t<\/div>\n\t\t\t\t<\/div>\n\t\t\t\t<div class=\"elementor-element elementor-element-49782af1 elementor-widget elementor-widget-text-editor\" data-id=\"49782af1\" data-element_type=\"widget\" data-widget_type=\"text-editor.default\">\n\t\t\t\t<div class=\"elementor-widget-container\">\n\t\t\t\t\t\t\t<ul><li><a href=\"https:\/\/www.upc.edu\/ca\">Polytechnic University of Catalonia<\/a><\/li><li><a href=\"https:\/\/ors.upc.edu\/\">Grupo de teledetecci\u00f3n \u00f3ptica<\/a><\/li><li><a href=\"https:\/\/www.tsc.upc.edu\/en\/research\/research-groups\/commsenslab\">CommSensLab<\/a><\/li><li><a href=\"https:\/\/www.tsc.upc.edu\/es\">Departamento de Teor\u00eda de la Se\u00f1al y Comunicaciones<\/a><\/li><li><a href=\"https:\/\/actris-nf-labelling.out.ocp.fmi.fi\/facility\/107\">Barcelona &#8211; ACTRIS EU<\/a><\/li><li><a href=\"https:\/\/urldefense.com\/v3\/__https:\/\/www.earlinet.org\/index.php?id=earlinet_homepage__;!!D9dNQwwGXtA!RfEK4b8CA57m_NeQFIu-521iNxiInwJLyeTD1cJmsw8U14za5C3WsgrtZdKInUjWgy8s89ugZsd7UFucBkI6BxzxSIw$\">EARLINET<\/a><\/li><li><a href=\"https:\/\/www.tsc.upc.edu\/en\/research\/research-groups\/commsenslab\">CommSensLab<\/a><\/li><\/ul>\t\t\t\t\t\t<\/div>\n\t\t\t\t<\/div>\n\t\t\t\t<\/div>\n\t\t\t\t<\/div>\n\t\t\t\t\t<\/div>\n\t\t\t\t<\/div>\n\t\t\t\t<\/div>","protected":false},"excerpt":{"rendered":"<p>Grupo de teledetecci\u00f3n \u00f3ptica de la Universidad Polit\u00e9cnica de Catalu\u00f1a La UPC participa como \u201cObservational Platform\u201d en la componente Teledetecci\u00f3n Aerosol (ARS en ingl\u00e9s) con su estaci\u00f3n de Barcelona. La UPC participa en esta propuesta a trav\u00e9s del grupo de teledetecci\u00f3n \u00f3ptica integrado en la unidad de excelencia Mar\u00eda de Maeztu CommSensLab del Departamento de Teor\u00eda de la Se\u00f1al y Comunicaciones.\u00a0 El grupo de teledetecci\u00f3n \u00f3ptica realiza investigaci\u00f3n especialmente en sistemas lidar, habiendo desarrollado un sistema pulsado de alta potencia seg\u00fan los est\u00e1ndares de EARLINET. El punto de contacto de la UPC gestiona la estaci\u00f3n lidar EARLINET de Barcelona, que cumple con los requisitos de ACTRIS para estaciones de teledetecci\u00f3n de aerosoles y proporciona capacidades avanzadas de creaci\u00f3n de perfiles de aerosoles lidar (tres canales el\u00e1sticos a 355 nm, 532 nm y 1064 nm, dos canales Raman rotacionales a 354 nm y 530 nm, y dos canales de despolarizaci\u00f3n a 355 nm y 532 nm). Infraestructuras significativas Lidar de aerosol de alta potencia, integrado en EARLINET: 3 canales de retrodispersi\u00f3n, 2 canales de extinci\u00f3n, 1 canal de vapor de agua y 2 canales de despolarizaci\u00f3n. Fot\u00f3metro solar\/cielo\/lunar (CE318-TP9) de 9 canales y capacidad de medida de despolarizaci\u00f3n integrado en AERONET. Lidar de micropulso a 532 nm con canal de despolarizaci\u00f3n integrado en MPLNET. Estaci\u00f3n radiom\u00e9trica integrada en SolRad&#8211;Net Responsable Alejandro Rodr\u00edguez D\u00f3nde estamos Webs destacadas Universidad Polit\u00e9cnica de Catalu\u00f1a Grupo de teledetecci\u00f3n \u00f3ptica CommSensLab Departamento de Teor\u00eda de la Se\u00f1al y Comunicaciones Barcelona &#8211; ACTRIS EU EARLINET CommSensLab<\/p>","protected":false},"author":1,"featured_media":0,"parent":0,"menu_order":0,"comment_status":"closed","ping_status":"closed","template":"","meta":{"neve_meta_sidebar":"","neve_meta_container":"","neve_meta_enable_content_width":"","neve_meta_content_width":0,"neve_meta_title_alignment":"","neve_meta_author_avatar":"","neve_post_elements_order":"","neve_meta_disable_header":"","neve_meta_disable_footer":"","neve_meta_disable_title":"","neve_meta_reading_time":"","footnotes":""},"class_list":["post-1079","page","type-page","status-publish","hentry"],"publishpress_future_action":{"enabled":false,"date":"2026-05-08 01:18:36","action":"change-status","newStatus":"draft","terms":[],"taxonomy":""},"publishpress_future_workflow_manual_trigger":{"enabledWorkflows":[]},"_links":{"self":[{"href":"https:\/\/actris.es\/en\/wp-json\/wp\/v2\/pages\/1079","targetHints":{"allow":["GET"]}}],"collection":[{"href":"https:\/\/actris.es\/en\/wp-json\/wp\/v2\/pages"}],"about":[{"href":"https:\/\/actris.es\/en\/wp-json\/wp\/v2\/types\/page"}],"author":[{"embeddable":true,"href":"https:\/\/actris.es\/en\/wp-json\/wp\/v2\/users\/1"}],"replies":[{"embeddable":true,"href":"https:\/\/actris.es\/en\/wp-json\/wp\/v2\/comments?post=1079"}],"version-history":[{"count":71,"href":"https:\/\/actris.es\/en\/wp-json\/wp\/v2\/pages\/1079\/revisions"}],"predecessor-version":[{"id":3755,"href":"https:\/\/actris.es\/en\/wp-json\/wp\/v2\/pages\/1079\/revisions\/3755"}],"wp:attachment":[{"href":"https:\/\/actris.es\/en\/wp-json\/wp\/v2\/media?parent=1079"}],"curies":[{"name":"wp","href":"https:\/\/api.w.org\/{rel}","templated":true}]}}