{"id":1204,"date":"2024-03-11T09:04:32","date_gmt":"2024-03-11T08:04:32","guid":{"rendered":"https:\/\/iista.ugr.es\/actris\/?page_id=1204"},"modified":"2024-11-08T12:15:35","modified_gmt":"2024-11-08T11:15:35","slug":"inta","status":"publish","type":"page","link":"https:\/\/actris.es\/en\/inta\/","title":{"rendered":"INTA - National Institute of Aerospace Technology"},"content":{"rendered":"<div data-elementor-type=\"wp-page\" data-elementor-id=\"1204\" class=\"elementor elementor-1204\">\n\t\t\t\t<div class=\"elementor-element elementor-element-df648b3 e-flex e-con-boxed wpr-particle-no wpr-jarallax-no wpr-parallax-no wpr-sticky-section-no e-con e-parent\" data-id=\"df648b3\" data-element_type=\"container\" data-settings=\"{&quot;content_width&quot;:&quot;boxed&quot;}\" data-core-v316-plus=\"true\">\n\t\t\t\t\t<div class=\"e-con-inner\">\n\t\t<div class=\"elementor-element elementor-element-fb3caf6 e-con-full e-flex wpr-particle-no wpr-jarallax-no wpr-parallax-no wpr-sticky-section-no e-con e-child\" data-id=\"fb3caf6\" data-element_type=\"container\" data-settings=\"{&quot;content_width&quot;:&quot;full&quot;}\">\n\t\t\t\t<div class=\"elementor-element elementor-element-50fac5eb elementor-widget elementor-widget-heading\" data-id=\"50fac5eb\" data-element_type=\"widget\" data-widget_type=\"heading.default\">\n\t\t\t\t<div class=\"elementor-widget-container\">\n\t\t\t<style>\/*! elementor - v3.19.0 - 28-02-2024 *\/\n.elementor-heading-title{padding:0;margin:0;line-height:1}.elementor-widget-heading .elementor-heading-title[class*=elementor-size-]>a{color:inherit;font-size:inherit;line-height:inherit}.elementor-widget-heading .elementor-heading-title.elementor-size-small{font-size:15px}.elementor-widget-heading .elementor-heading-title.elementor-size-medium{font-size:19px}.elementor-widget-heading .elementor-heading-title.elementor-size-large{font-size:29px}.elementor-widget-heading .elementor-heading-title.elementor-size-xl{font-size:39px}.elementor-widget-heading .elementor-heading-title.elementor-size-xxl{font-size:59px}<\/style><h3 class=\"elementor-heading-title elementor-size-default\">El Arenosillo Atmospheric Sounding Station<\/h3>\t\t<\/div>\n\t\t\t\t<\/div>\n\t\t\t\t<div class=\"elementor-element elementor-element-d2e88ae elementor-widget elementor-widget-spacer\" data-id=\"d2e88ae\" data-element_type=\"widget\" data-widget_type=\"spacer.default\">\n\t\t\t\t<div class=\"elementor-widget-container\">\n\t\t\t<style>\/*! elementor - v3.19.0 - 28-02-2024 *\/\n.elementor-column .elementor-spacer-inner{height:var(--spacer-size)}.e-con{--container-widget-width:100%}.e-con-inner>.elementor-widget-spacer,.e-con>.elementor-widget-spacer{width:var(--container-widget-width,var(--spacer-size));--align-self:var(--container-widget-align-self,initial);--flex-shrink:0}.e-con-inner>.elementor-widget-spacer>.elementor-widget-container,.e-con>.elementor-widget-spacer>.elementor-widget-container{height:100%;width:100%}.e-con-inner>.elementor-widget-spacer>.elementor-widget-container>.elementor-spacer,.e-con>.elementor-widget-spacer>.elementor-widget-container>.elementor-spacer{height:100%}.e-con-inner>.elementor-widget-spacer>.elementor-widget-container>.elementor-spacer>.elementor-spacer-inner,.e-con>.elementor-widget-spacer>.elementor-widget-container>.elementor-spacer>.elementor-spacer-inner{height:var(--container-widget-height,var(--spacer-size))}.e-con-inner>.elementor-widget-spacer.elementor-widget-empty,.e-con>.elementor-widget-spacer.elementor-widget-empty{position:relative;min-height:22px;min-width:22px}.e-con-inner>.elementor-widget-spacer.elementor-widget-empty .elementor-widget-empty-icon,.e-con>.elementor-widget-spacer.elementor-widget-empty .elementor-widget-empty-icon{position:absolute;top:0;bottom:0;left:0;right:0;margin:auto;padding:0;width:22px;height:22px}<\/style>\t\t<div class=\"elementor-spacer\">\n\t\t\t<div class=\"elementor-spacer-inner\"><\/div>\n\t\t<\/div>\n\t\t\t\t<\/div>\n\t\t\t\t<\/div>\n\t\t\t\t<div class=\"elementor-element elementor-element-3a07536f elementor-widget elementor-widget-text-editor\" data-id=\"3a07536f\" data-element_type=\"widget\" data-widget_type=\"text-editor.default\">\n\t\t\t\t<div class=\"elementor-widget-container\">\n\t\t\t<style>\/*! elementor - v3.19.0 - 28-02-2024 *\/\n.elementor-widget-text-editor.elementor-drop-cap-view-stacked .elementor-drop-cap{background-color:#69727d;color:#fff}.elementor-widget-text-editor.elementor-drop-cap-view-framed .elementor-drop-cap{color:#69727d;border:3px solid;background-color:transparent}.elementor-widget-text-editor:not(.elementor-drop-cap-view-default) .elementor-drop-cap{margin-top:8px}.elementor-widget-text-editor:not(.elementor-drop-cap-view-default) .elementor-drop-cap-letter{width:1em;height:1em}.elementor-widget-text-editor .elementor-drop-cap{float:left;text-align:center;line-height:1;font-size:50px}.elementor-widget-text-editor .elementor-drop-cap-letter{display:inline-block}<\/style>\t\t\t\t<p>The <a href=\"https:\/\/inta.es\/INTA\/es\/index.html\"><strong>INTA <\/strong><\/a>INTA participates as \u201cObservational Platform\u201d in the Aerosol In-situ component (CAIS), with its El Arenosillo station.<\/p><p class=\"translation-block\">The National Institute for Aerospace Technology (INTA), through the Atmospheric Research and Instrumentation Area (AIIA), is dedicated to physicochemical experimental research and observational activities in the field of the planetary atmosphere. In the context of ACTRIS, AIIA operates the El Arenosillo Atmospheric Sounding Station (ESAt-El Arenosillo) in the southwestern Iberian Peninsula (37.18N, 6.78W, 40 m asl). ESAt-El Arenosillo is an experienced, multi-instrumented atmospheric observatory located in the southwestern sector of Spain, in the protected rural environment of the Do\u00f1ana National Park (Mazag\u00f3n, Huelva). ESAt-El Arenosillo combines complementary facilities with a high degree of specialization, providing an ideal capability for a wide range of studies related to atmospheric particles and gases in the framework of GAW, ACTRIS and ICOS. It operates under atmospheric monitoring programs such as NASA\/AERONET, NASA\/MPLNet, NOAA\/FAN, EUBREWNET among others, and is an attractive transnational access point through EU projects such as ATMO-ACCESS and IRISCC.<\/p><p>At ESAt-El Arenosillo, synergistic studies are favored using a variety of instrumentation ranging from passive and active remote sensing to a variety of in-situ methodologies. In addition to the ground-based platform for solar radiation, particulate and atmospheric reactive trace gas and meteorology research, a 100 m tower is equipped with meteorological and greenhouse trace gas sensors at 10, 50 and 100 m. Additionally, several unmanned aerial vehicles (UAV) are available for vertical characterization of atmospheric composition and in particular, if of interest, including several payloads for in-situ characterization of atmospheric particles. ESAt-El Arenosillo also has the capability to perform radio and ozone sounding.\u00a0<\/p><p>Under ACTRIS, the surface aerosol monitoring program with in-situ technologies focuses mainly on the study of the optical and microphysical properties of atmospheric particles. The observation program covers as mandatory in-situ ACTRIS variables: total particle number concentration with diameter greater than 10 nm, particle number size distribution (between 10 and 800 nm), particle scattering, backscattering and absorption coefficients at multiple wavelengths, and as additional in-situ ACTRIS variables: total particle number concentration with diameter less than 10 nm, and particle number size distribution (between 0.8 and 10 \u00b5m). In addition, an in-situ observation program of the enhancement factor of scattering and backscattering by atmospheric water vapor is in place.<\/p><p>\u00a0<\/p>\t\t\t\t\t\t<\/div>\n\t\t\t\t<\/div>\n\t\t\t\t<\/div>\n\t\t<div class=\"elementor-element elementor-element-cacb71b e-con-full e-flex wpr-particle-no wpr-jarallax-no wpr-parallax-no wpr-sticky-section-no e-con e-child\" data-id=\"cacb71b\" data-element_type=\"container\" data-settings=\"{&quot;content_width&quot;:&quot;full&quot;}\">\n\t\t<div class=\"elementor-element elementor-element-41ecfc0c e-con-full e-flex wpr-particle-no wpr-jarallax-no wpr-parallax-no wpr-sticky-section-no e-con e-child\" data-id=\"41ecfc0c\" data-element_type=\"container\" data-settings=\"{&quot;content_width&quot;:&quot;full&quot;}\">\n\t\t\t\t<div class=\"elementor-element elementor-element-56155be elementor-widget elementor-widget-heading\" data-id=\"56155be\" data-element_type=\"widget\" data-widget_type=\"heading.default\">\n\t\t\t\t<div class=\"elementor-widget-container\">\n\t\t\t<h4 class=\"elementor-heading-title elementor-size-default translation-block\">OP data in the<br> ACTRIS Data Portal<\/h4>\t\t<\/div>\n\t\t\t\t<\/div>\n\t\t\t\t<div class=\"elementor-element elementor-element-0695516 elementor-widget elementor-widget-spacer\" data-id=\"0695516\" data-element_type=\"widget\" data-widget_type=\"spacer.default\">\n\t\t\t\t<div class=\"elementor-widget-container\">\n\t\t\t\t\t<div class=\"elementor-spacer\">\n\t\t\t<div class=\"elementor-spacer-inner\"><\/div>\n\t\t<\/div>\n\t\t\t\t<\/div>\n\t\t\t\t<\/div>\n\t\t\t\t<div class=\"elementor-element elementor-element-b4bfe7a elementor-widget elementor-widget-text-editor\" data-id=\"b4bfe7a\" data-element_type=\"widget\" data-widget_type=\"text-editor.default\">\n\t\t\t\t<div class=\"elementor-widget-container\">\n\t\t\t\t\t\t\t<a href=\"https:\/\/dc.actris.nilu.no\/facility\/3pb5\">View data<\/a>\t\t\t\t\t\t<\/div>\n\t\t\t\t<\/div>\n\t\t\t\t<div class=\"elementor-element elementor-element-07190d0 elementor-widget-divider--view-line elementor-widget elementor-widget-divider\" data-id=\"07190d0\" data-element_type=\"widget\" data-widget_type=\"divider.default\">\n\t\t\t\t<div class=\"elementor-widget-container\">\n\t\t\t<style>\/*! elementor - v3.19.0 - 28-02-2024 *\/\n.elementor-widget-divider{--divider-border-style:none;--divider-border-width:1px;--divider-color:#0c0d0e;--divider-icon-size:20px;--divider-element-spacing:10px;--divider-pattern-height:24px;--divider-pattern-size:20px;--divider-pattern-url:none;--divider-pattern-repeat:repeat-x}.elementor-widget-divider .elementor-divider{display:flex}.elementor-widget-divider .elementor-divider__text{font-size:15px;line-height:1;max-width:95%}.elementor-widget-divider .elementor-divider__element{margin:0 var(--divider-element-spacing);flex-shrink:0}.elementor-widget-divider .elementor-icon{font-size:var(--divider-icon-size)}.elementor-widget-divider .elementor-divider-separator{display:flex;margin:0;direction:ltr}.elementor-widget-divider--view-line_icon .elementor-divider-separator,.elementor-widget-divider--view-line_text .elementor-divider-separator{align-items:center}.elementor-widget-divider--view-line_icon .elementor-divider-separator:after,.elementor-widget-divider--view-line_icon .elementor-divider-separator:before,.elementor-widget-divider--view-line_text .elementor-divider-separator:after,.elementor-widget-divider--view-line_text .elementor-divider-separator:before{display:block;content:\"\";border-block-end:0;flex-grow:1;border-block-start:var(--divider-border-width) var(--divider-border-style) var(--divider-color)}.elementor-widget-divider--element-align-left .elementor-divider .elementor-divider-separator>.elementor-divider__svg:first-of-type{flex-grow:0;flex-shrink:100}.elementor-widget-divider--element-align-left .elementor-divider-separator:before{content:none}.elementor-widget-divider--element-align-left .elementor-divider__element{margin-left:0}.elementor-widget-divider--element-align-right .elementor-divider .elementor-divider-separator>.elementor-divider__svg:last-of-type{flex-grow:0;flex-shrink:100}.elementor-widget-divider--element-align-right .elementor-divider-separator:after{content:none}.elementor-widget-divider--element-align-right .elementor-divider__element{margin-right:0}.elementor-widget-divider--element-align-start .elementor-divider .elementor-divider-separator>.elementor-divider__svg:first-of-type{flex-grow:0;flex-shrink:100}.elementor-widget-divider--element-align-start .elementor-divider-separator:before{content:none}.elementor-widget-divider--element-align-start .elementor-divider__element{margin-inline-start:0}.elementor-widget-divider--element-align-end .elementor-divider .elementor-divider-separator>.elementor-divider__svg:last-of-type{flex-grow:0;flex-shrink:100}.elementor-widget-divider--element-align-end .elementor-divider-separator:after{content:none}.elementor-widget-divider--element-align-end .elementor-divider__element{margin-inline-end:0}.elementor-widget-divider:not(.elementor-widget-divider--view-line_text):not(.elementor-widget-divider--view-line_icon) .elementor-divider-separator{border-block-start:var(--divider-border-width) var(--divider-border-style) var(--divider-color)}.elementor-widget-divider--separator-type-pattern{--divider-border-style:none}.elementor-widget-divider--separator-type-pattern.elementor-widget-divider--view-line .elementor-divider-separator,.elementor-widget-divider--separator-type-pattern:not(.elementor-widget-divider--view-line) .elementor-divider-separator:after,.elementor-widget-divider--separator-type-pattern:not(.elementor-widget-divider--view-line) .elementor-divider-separator:before,.elementor-widget-divider--separator-type-pattern:not([class*=elementor-widget-divider--view]) .elementor-divider-separator{width:100%;min-height:var(--divider-pattern-height);-webkit-mask-size:var(--divider-pattern-size) 100%;mask-size:var(--divider-pattern-size) 100%;-webkit-mask-repeat:var(--divider-pattern-repeat);mask-repeat:var(--divider-pattern-repeat);background-color:var(--divider-color);-webkit-mask-image:var(--divider-pattern-url);mask-image:var(--divider-pattern-url)}.elementor-widget-divider--no-spacing{--divider-pattern-size:auto}.elementor-widget-divider--bg-round{--divider-pattern-repeat:round}.rtl .elementor-widget-divider .elementor-divider__text{direction:rtl}.e-con-inner>.elementor-widget-divider,.e-con>.elementor-widget-divider{width:var(--container-widget-width,100%);--flex-grow:var(--container-widget-flex-grow)}<\/style>\t\t<div class=\"elementor-divider\">\n\t\t\t<span class=\"elementor-divider-separator\">\n\t\t\t\t\t\t<\/span>\n\t\t<\/div>\n\t\t\t\t<\/div>\n\t\t\t\t<\/div>\n\t\t\t\t<div class=\"elementor-element elementor-element-3a2a6f26 elementor-widget__width-initial elementor-widget elementor-widget-image\" data-id=\"3a2a6f26\" data-element_type=\"widget\" data-widget_type=\"image.default\">\n\t\t\t\t<div class=\"elementor-widget-container\">\n\t\t\t<style>\/*! elementor - v3.19.0 - 28-02-2024 *\/\n.elementor-widget-image{text-align:center}.elementor-widget-image a{display:inline-block}.elementor-widget-image a img[src$=\".svg\"]{width:48px}.elementor-widget-image img{vertical-align:middle;display:inline-block}<\/style>\t\t\t\t\t\t\t<figure class=\"wp-caption\">\n\t\t\t\t\t\t\t\t\t\t<img fetchpriority=\"high\" decoding=\"async\" width=\"1024\" height=\"576\" src=\"https:\/\/actris.es\/wp-content\/uploads\/2024\/06\/Imagen1-1024x576.jpg\" class=\"attachment-large size-large wp-image-3458\" alt=\"\" srcset=\"https:\/\/actris.es\/wp-content\/uploads\/2024\/06\/Imagen1-1024x576.jpg 1024w, https:\/\/actris.es\/wp-content\/uploads\/2024\/06\/Imagen1-300x169.jpg 300w, https:\/\/actris.es\/wp-content\/uploads\/2024\/06\/Imagen1-768x432.jpg 768w, https:\/\/actris.es\/wp-content\/uploads\/2024\/06\/Imagen1-18x10.jpg 18w, https:\/\/actris.es\/wp-content\/uploads\/2024\/06\/Imagen1.jpg 1350w\" sizes=\"(max-width: 1024px) 100vw, 1024px\" \/>\t\t\t\t\t\t\t\t\t\t\t<figcaption class=\"widget-image-caption wp-caption-text\">Vista a\u00e9rea de la infraestructura ACTRIS nacional de investigaci\u00f3n en la Estaci\u00f3n de Sondeos Atmosf\u00e9ricos El Arenosillo (Huelva, Espa\u00f1a)<\/figcaption>\n\t\t\t\t\t\t\t\t\t\t<\/figure>\n\t\t\t\t\t\t\t<\/div>\n\t\t\t\t<\/div>\n\t\t\t\t<\/div>\n\t\t<div class=\"elementor-element elementor-element-32aa0dcd e-con-full e-flex wpr-particle-no wpr-jarallax-no wpr-parallax-no wpr-sticky-section-no e-con e-child\" data-id=\"32aa0dcd\" data-element_type=\"container\" data-settings=\"{&quot;content_width&quot;:&quot;full&quot;}\">\n\t\t\t\t<div class=\"elementor-element elementor-element-6a801f29 elementor-widget elementor-widget-spacer\" data-id=\"6a801f29\" data-element_type=\"widget\" data-widget_type=\"spacer.default\">\n\t\t\t\t<div class=\"elementor-widget-container\">\n\t\t\t\t\t<div class=\"elementor-spacer\">\n\t\t\t<div class=\"elementor-spacer-inner\"><\/div>\n\t\t<\/div>\n\t\t\t\t<\/div>\n\t\t\t\t<\/div>\n\t\t\t\t<div class=\"elementor-element elementor-element-7d9c70fc elementor-widget elementor-widget-heading\" data-id=\"7d9c70fc\" data-element_type=\"widget\" data-widget_type=\"heading.default\">\n\t\t\t\t<div class=\"elementor-widget-container\">\n\t\t\t<h4 class=\"elementor-heading-title elementor-size-default\">Responsables<\/h4>\t\t<\/div>\n\t\t\t\t<\/div>\n\t\t\t\t<div class=\"elementor-element elementor-element-5f5df626 elementor-widget elementor-widget-spacer\" data-id=\"5f5df626\" data-element_type=\"widget\" data-widget_type=\"spacer.default\">\n\t\t\t\t<div class=\"elementor-widget-container\">\n\t\t\t\t\t<div class=\"elementor-spacer\">\n\t\t\t<div class=\"elementor-spacer-inner\"><\/div>\n\t\t<\/div>\n\t\t\t\t<\/div>\n\t\t\t\t<\/div>\n\t\t\t\t<div class=\"elementor-element elementor-element-3764c6cd elementor-widget elementor-widget-text-editor\" data-id=\"3764c6cd\" data-element_type=\"widget\" data-widget_type=\"text-editor.default\">\n\t\t\t\t<div class=\"elementor-widget-container\">\n\t\t\t\t\t\t\t<p>Margarita Yela y Mar Sorribas<\/p>\t\t\t\t\t\t<\/div>\n\t\t\t\t<\/div>\n\t\t\t\t<div class=\"elementor-element elementor-element-48152068 elementor-widget elementor-widget-heading\" data-id=\"48152068\" data-element_type=\"widget\" data-widget_type=\"heading.default\">\n\t\t\t\t<div class=\"elementor-widget-container\">\n\t\t\t<h4 class=\"elementor-heading-title elementor-size-default\">Where we are<\/h4>\t\t<\/div>\n\t\t\t\t<\/div>\n\t\t\t\t<div class=\"elementor-element elementor-element-6157def7 elementor-widget elementor-widget-spacer\" data-id=\"6157def7\" data-element_type=\"widget\" data-widget_type=\"spacer.default\">\n\t\t\t\t<div class=\"elementor-widget-container\">\n\t\t\t\t\t<div class=\"elementor-spacer\">\n\t\t\t<div class=\"elementor-spacer-inner\"><\/div>\n\t\t<\/div>\n\t\t\t\t<\/div>\n\t\t\t\t<\/div>\n\t\t\t\t<div class=\"elementor-element elementor-element-76f9feb8 elementor-widget elementor-widget-google_maps\" data-id=\"76f9feb8\" data-element_type=\"widget\" data-widget_type=\"google_maps.default\">\n\t\t\t\t<div class=\"elementor-widget-container\">\n\t\t\t<style>\/*! elementor - v3.19.0 - 28-02-2024 *\/\n.elementor-widget-google_maps .elementor-widget-container{overflow:hidden}.elementor-widget-google_maps .elementor-custom-embed{line-height:0}.elementor-widget-google_maps iframe{height:300px}<\/style>\t\t<div class=\"elementor-custom-embed\">\n\t\t\t<iframe loading=\"lazy\"\n\t\t\t\t\tsrc=\"https:\/\/maps.google.com\/maps?q=Instituto%20Nacional%20de%20T%C3%A9cnica%20Aeroespacial%20-%20Centro%20de%20Experimentaci%C3%B3n%20de%20El%20Arenosillo%20%28CEDEA%29&#038;t=m&#038;z=11&#038;output=embed&#038;iwloc=near\"\n\t\t\t\t\ttitle=\"Instituto Nacional de T\u00e9cnica Aeroespacial - Centro de Experimentaci\u00f3n de El Arenosillo (CEDEA)\"\n\t\t\t\t\taria-label=\"Instituto Nacional de T\u00e9cnica Aeroespacial - Centro de Experimentaci\u00f3n de El Arenosillo (CEDEA)\"\n\t\t\t><\/iframe>\n\t\t<\/div>\n\t\t\t\t<\/div>\n\t\t\t\t<\/div>\n\t\t\t\t<div class=\"elementor-element elementor-element-5afd77db elementor-widget elementor-widget-spacer\" data-id=\"5afd77db\" data-element_type=\"widget\" data-widget_type=\"spacer.default\">\n\t\t\t\t<div class=\"elementor-widget-container\">\n\t\t\t\t\t<div class=\"elementor-spacer\">\n\t\t\t<div class=\"elementor-spacer-inner\"><\/div>\n\t\t<\/div>\n\t\t\t\t<\/div>\n\t\t\t\t<\/div>\n\t\t\t\t<div class=\"elementor-element elementor-element-6f7a0e5d elementor-widget elementor-widget-heading\" data-id=\"6f7a0e5d\" data-element_type=\"widget\" data-widget_type=\"heading.default\">\n\t\t\t\t<div class=\"elementor-widget-container\">\n\t\t\t<h4 class=\"elementor-heading-title elementor-size-default\">Featured Websites<\/h4>\t\t<\/div>\n\t\t\t\t<\/div>\n\t\t\t\t<div class=\"elementor-element elementor-element-37093b0a elementor-widget elementor-widget-text-editor\" data-id=\"37093b0a\" data-element_type=\"widget\" data-widget_type=\"text-editor.default\">\n\t\t\t\t<div class=\"elementor-widget-container\">\n\t\t\t\t\t\t\t<ul><li><a href=\"https:\/\/inta.es\/INTA\/es\/index.html\">INTA<\/a><\/li><li><a href=\"https:\/\/www.inta.es\/ATMOSFERA\/es\/inicio\/\">\u00c1rea de Investigaci\u00f3n e Instrumentaci\u00f3n Atmosf\u00e9rica &#8211; INTA<\/a><\/li><li><a href=\"https:\/\/actris-nf-labelling.out.ocp.fmi.fi\/facility\/111\">El Arenosillo &#8211; ACTRIS EU<\/a><\/li><\/ul>\t\t\t\t\t\t<\/div>\n\t\t\t\t<\/div>\n\t\t\t\t<\/div>\n\t\t\t\t<\/div>\n\t\t\t\t\t<\/div>\n\t\t\t\t<\/div>\n\t\t\t\t<\/div>","protected":false},"excerpt":{"rendered":"<p>Estaci\u00f3n de Sondeos Atmosf\u00e9ricos El Arenosillo El INTA participa como \u201cObservational Platform\u201d en la componente Aerosol In-situ, (CAIS en ingl\u00e9s), con su estaci\u00f3n de El Arenosillo. El Instituto Nacional de T\u00e9cnica Aeroespacial (INTA) a trav\u00e9s del \u00c1rea de Investigaci\u00f3n e Instrumentaci\u00f3n Atmosf\u00e9rica (AIIA), se dedica a la investigaci\u00f3n experimental f\u00edsico-qu\u00edmica y a las actividades de observaci\u00f3n en el campo de la atm\u00f3sfera planetaria. En el contexto de ACTRIS, AIIA opera la Estaci\u00f3n de Sondeos Atmosf\u00e9ricos de El Arenosillo (ESAt-El Arenosillo) en el suroeste de la Pen\u00ednsula Ib\u00e9rica (37.18N, 6.78W, 40 m s.n.m.).\u00a0La ESAt-El Arenosillo es un observatorio atmosf\u00e9rico experimentado y multi-instrumentado localizado en el sector suroeste de Espa\u00f1a, en el entorno rural protegido del Parque Nacional de Do\u00f1ana (Mazag\u00f3n, Huelva). La ESAt-El Arenosillo combina instalaciones complementarias y con un alto grado de especializaci\u00f3n, proporcionando una capacidad ideal para una amplia gama de estudios relacionados con las part\u00edculas y gases atmosf\u00e9ricos en el marco de GAW, ACTRIS e ICOS. Opera bajo programas de vigilancia atmosf\u00e9rica como NASA\/AERONET, NASA\/MPLNet, NOAA\/FAN, EUBREWNET entre otros, y es un atractivo punto de acceso-transnacional a trav\u00e9s de proyectos de la EU como ATMO-ACCESS e IRISCC. En la ESAt-El Arenosillo se favorecen los estudios sin\u00e9rgicos utilizando una instrumentaci\u00f3n variada desde la teledetecci\u00f3n pasiva y activa hasta una diversidad de metodolog\u00edas in-situ. Adem\u00e1s de la plataforma sobre suelo para la investigaci\u00f3n en radiaci\u00f3n solar, part\u00edculas y gases traza reactivos atmosf\u00e9ricos y en meteorolog\u00eda, una torre de 100 m est\u00e1 equipada con sensores meteorol\u00f3gicos y de gases traza de efecto invernadero a 10, 50 y 100 m. Adicionalmente, se disponen diversos veh\u00edculos a\u00e9reos no tripulados (UAV) para la caracterizaci\u00f3n vertical de la composici\u00f3n atmosf\u00e9rica y en particular, si es de inter\u00e9s, incluyendo varias cargas \u00fatiles para la caracterizaci\u00f3n in-situ de las part\u00edculas atmosf\u00e9ricas. La ESAt-El Arenosillo tambi\u00e9n dispone de la capacidad de realizar radio y ozono sondeos.\u00a0 Bajo ACTRIS, el programa de monitorizaci\u00f3n del aerosol en superficie con tecnolog\u00edas in-situ se centra principalmente en el estudio de las propiedades \u00f3pticas y microf\u00edsicas de las part\u00edculas atmosf\u00e9ricas. El programa de observaci\u00f3n cubre como variables ACTRIS in-situ obligatorias: la concentraci\u00f3n del n\u00famero total de part\u00edculas con di\u00e1metro superior a 10 nm, la distribuci\u00f3n del tama\u00f1o del n\u00famero de part\u00edculas (entre 10 y 800 nm), los coeficientes de dispersi\u00f3n, retro-dispersi\u00f3n y absorci\u00f3n de las part\u00edculas en m\u00faltiples longitudes de onda, y como variables ACTRIS in-situ adicionales: la concentraci\u00f3n del n\u00famero total de part\u00edculas con di\u00e1metro inferior a 10 nm, y la distribuci\u00f3n del tama\u00f1o del n\u00famero de part\u00edculas (entre 0.8 y 10 \u00b5m). Adem\u00e1s, est\u00e1 en vigor un programa de observaci\u00f3n in-situ del factor de realce de la dispersi\u00f3n y retro-dispersi\u00f3n por el vapor de agua atmosf\u00e9rico. \u00a0 Datos de la OP en el ACTRIS Data Portal Ver datos Vista a\u00e9rea de la infraestructura ACTRIS nacional de investigaci\u00f3n en la Estaci\u00f3n de Sondeos Atmosf\u00e9ricos El Arenosillo (Huelva, Espa\u00f1a) Responsables Margarita Yela y Mar Sorribas D\u00f3nde estamos Webs destacadas INTA \u00c1rea de Investigaci\u00f3n e Instrumentaci\u00f3n Atmosf\u00e9rica &#8211; INTA El Arenosillo &#8211; ACTRIS EU<\/p>","protected":false},"author":1,"featured_media":0,"parent":0,"menu_order":0,"comment_status":"closed","ping_status":"closed","template":"","meta":{"neve_meta_sidebar":"","neve_meta_container":"","neve_meta_enable_content_width":"","neve_meta_content_width":0,"neve_meta_title_alignment":"","neve_meta_author_avatar":"","neve_post_elements_order":"","neve_meta_disable_header":"","neve_meta_disable_footer":"","neve_meta_disable_title":"","neve_meta_reading_time":"","footnotes":""},"class_list":["post-1204","page","type-page","status-publish","hentry"],"publishpress_future_action":{"enabled":false,"date":"2026-04-22 00:40:21","action":"change-status","newStatus":"draft","terms":[],"taxonomy":""},"publishpress_future_workflow_manual_trigger":{"enabledWorkflows":[]},"_links":{"self":[{"href":"https:\/\/actris.es\/en\/wp-json\/wp\/v2\/pages\/1204","targetHints":{"allow":["GET"]}}],"collection":[{"href":"https:\/\/actris.es\/en\/wp-json\/wp\/v2\/pages"}],"about":[{"href":"https:\/\/actris.es\/en\/wp-json\/wp\/v2\/types\/page"}],"author":[{"embeddable":true,"href":"https:\/\/actris.es\/en\/wp-json\/wp\/v2\/users\/1"}],"replies":[{"embeddable":true,"href":"https:\/\/actris.es\/en\/wp-json\/wp\/v2\/comments?post=1204"}],"version-history":[{"count":87,"href":"https:\/\/actris.es\/en\/wp-json\/wp\/v2\/pages\/1204\/revisions"}],"predecessor-version":[{"id":4107,"href":"https:\/\/actris.es\/en\/wp-json\/wp\/v2\/pages\/1204\/revisions\/4107"}],"wp:attachment":[{"href":"https:\/\/actris.es\/en\/wp-json\/wp\/v2\/media?parent=1204"}],"curies":[{"name":"wp","href":"https:\/\/api.w.org\/{rel}","templated":true}]}}