{"id":2532,"date":"2024-04-11T13:06:11","date_gmt":"2024-04-11T11:06:11","guid":{"rendered":"https:\/\/iista.ugr.es\/actris\/?page_id=2532"},"modified":"2024-09-04T13:49:23","modified_gmt":"2024-09-04T11:49:23","slug":"acceso-transnacional-tna-en-valencia","status":"publish","type":"page","link":"https:\/\/actris.es\/en\/acceso-transnacional-tna-en-valencia\/","title":{"rendered":"Transnational Access in Valencia"},"content":{"rendered":"<div data-elementor-type=\"wp-page\" data-elementor-id=\"2532\" class=\"elementor elementor-2532\">\n\t\t\t\t<div class=\"elementor-element elementor-element-05f12e9 e-flex e-con-boxed wpr-particle-no wpr-jarallax-no wpr-parallax-no wpr-sticky-section-no e-con e-parent\" data-id=\"05f12e9\" data-element_type=\"container\" data-settings=\"{&quot;content_width&quot;:&quot;boxed&quot;}\" data-core-v316-plus=\"true\">\n\t\t\t\t\t<div class=\"e-con-inner\">\n\t\t<div class=\"elementor-element elementor-element-b8f2119 e-con-full e-flex wpr-particle-no wpr-jarallax-no wpr-parallax-no wpr-sticky-section-no e-con e-child\" data-id=\"b8f2119\" data-element_type=\"container\" data-settings=\"{&quot;content_width&quot;:&quot;full&quot;}\">\n\t\t\t\t<div class=\"elementor-element elementor-element-70634fa elementor-widget elementor-widget-heading\" data-id=\"70634fa\" data-element_type=\"widget\" data-widget_type=\"heading.default\">\n\t\t\t\t<div class=\"elementor-widget-container\">\n\t\t\t<style>\/*! elementor - v3.19.0 - 28-02-2024 *\/\n.elementor-heading-title{padding:0;margin:0;line-height:1}.elementor-widget-heading .elementor-heading-title[class*=elementor-size-]>a{color:inherit;font-size:inherit;line-height:inherit}.elementor-widget-heading .elementor-heading-title.elementor-size-small{font-size:15px}.elementor-widget-heading .elementor-heading-title.elementor-size-medium{font-size:19px}.elementor-widget-heading .elementor-heading-title.elementor-size-large{font-size:29px}.elementor-widget-heading .elementor-heading-title.elementor-size-xl{font-size:39px}.elementor-widget-heading .elementor-heading-title.elementor-size-xxl{font-size:59px}<\/style><h2 class=\"elementor-heading-title elementor-size-default\">EUPHORE<\/h2>\t\t<\/div>\n\t\t\t\t<\/div>\n\t\t\t\t<div class=\"elementor-element elementor-element-d60c388 elementor-widget-divider--view-line elementor-widget elementor-widget-divider\" data-id=\"d60c388\" data-element_type=\"widget\" data-widget_type=\"divider.default\">\n\t\t\t\t<div class=\"elementor-widget-container\">\n\t\t\t<style>\/*! elementor - v3.19.0 - 28-02-2024 *\/\n.elementor-widget-divider{--divider-border-style:none;--divider-border-width:1px;--divider-color:#0c0d0e;--divider-icon-size:20px;--divider-element-spacing:10px;--divider-pattern-height:24px;--divider-pattern-size:20px;--divider-pattern-url:none;--divider-pattern-repeat:repeat-x}.elementor-widget-divider .elementor-divider{display:flex}.elementor-widget-divider .elementor-divider__text{font-size:15px;line-height:1;max-width:95%}.elementor-widget-divider .elementor-divider__element{margin:0 var(--divider-element-spacing);flex-shrink:0}.elementor-widget-divider .elementor-icon{font-size:var(--divider-icon-size)}.elementor-widget-divider .elementor-divider-separator{display:flex;margin:0;direction:ltr}.elementor-widget-divider--view-line_icon .elementor-divider-separator,.elementor-widget-divider--view-line_text .elementor-divider-separator{align-items:center}.elementor-widget-divider--view-line_icon .elementor-divider-separator:after,.elementor-widget-divider--view-line_icon .elementor-divider-separator:before,.elementor-widget-divider--view-line_text .elementor-divider-separator:after,.elementor-widget-divider--view-line_text .elementor-divider-separator:before{display:block;content:\"\";border-block-end:0;flex-grow:1;border-block-start:var(--divider-border-width) var(--divider-border-style) var(--divider-color)}.elementor-widget-divider--element-align-left .elementor-divider .elementor-divider-separator>.elementor-divider__svg:first-of-type{flex-grow:0;flex-shrink:100}.elementor-widget-divider--element-align-left .elementor-divider-separator:before{content:none}.elementor-widget-divider--element-align-left .elementor-divider__element{margin-left:0}.elementor-widget-divider--element-align-right .elementor-divider .elementor-divider-separator>.elementor-divider__svg:last-of-type{flex-grow:0;flex-shrink:100}.elementor-widget-divider--element-align-right .elementor-divider-separator:after{content:none}.elementor-widget-divider--element-align-right .elementor-divider__element{margin-right:0}.elementor-widget-divider--element-align-start .elementor-divider .elementor-divider-separator>.elementor-divider__svg:first-of-type{flex-grow:0;flex-shrink:100}.elementor-widget-divider--element-align-start .elementor-divider-separator:before{content:none}.elementor-widget-divider--element-align-start .elementor-divider__element{margin-inline-start:0}.elementor-widget-divider--element-align-end .elementor-divider .elementor-divider-separator>.elementor-divider__svg:last-of-type{flex-grow:0;flex-shrink:100}.elementor-widget-divider--element-align-end .elementor-divider-separator:after{content:none}.elementor-widget-divider--element-align-end .elementor-divider__element{margin-inline-end:0}.elementor-widget-divider:not(.elementor-widget-divider--view-line_text):not(.elementor-widget-divider--view-line_icon) .elementor-divider-separator{border-block-start:var(--divider-border-width) var(--divider-border-style) var(--divider-color)}.elementor-widget-divider--separator-type-pattern{--divider-border-style:none}.elementor-widget-divider--separator-type-pattern.elementor-widget-divider--view-line .elementor-divider-separator,.elementor-widget-divider--separator-type-pattern:not(.elementor-widget-divider--view-line) .elementor-divider-separator:after,.elementor-widget-divider--separator-type-pattern:not(.elementor-widget-divider--view-line) .elementor-divider-separator:before,.elementor-widget-divider--separator-type-pattern:not([class*=elementor-widget-divider--view]) .elementor-divider-separator{width:100%;min-height:var(--divider-pattern-height);-webkit-mask-size:var(--divider-pattern-size) 100%;mask-size:var(--divider-pattern-size) 100%;-webkit-mask-repeat:var(--divider-pattern-repeat);mask-repeat:var(--divider-pattern-repeat);background-color:var(--divider-color);-webkit-mask-image:var(--divider-pattern-url);mask-image:var(--divider-pattern-url)}.elementor-widget-divider--no-spacing{--divider-pattern-size:auto}.elementor-widget-divider--bg-round{--divider-pattern-repeat:round}.rtl .elementor-widget-divider .elementor-divider__text{direction:rtl}.e-con-inner>.elementor-widget-divider,.e-con>.elementor-widget-divider{width:var(--container-widget-width,100%);--flex-grow:var(--container-widget-flex-grow)}<\/style>\t\t<div class=\"elementor-divider\">\n\t\t\t<span class=\"elementor-divider-separator\">\n\t\t\t\t\t\t<\/span>\n\t\t<\/div>\n\t\t\t\t<\/div>\n\t\t\t\t<\/div>\n\t\t\t\t<div class=\"elementor-element elementor-element-6e431a6 elementor-widget elementor-widget-spacer\" data-id=\"6e431a6\" data-element_type=\"widget\" data-widget_type=\"spacer.default\">\n\t\t\t\t<div class=\"elementor-widget-container\">\n\t\t\t<style>\/*! elementor - v3.19.0 - 28-02-2024 *\/\n.elementor-column .elementor-spacer-inner{height:var(--spacer-size)}.e-con{--container-widget-width:100%}.e-con-inner>.elementor-widget-spacer,.e-con>.elementor-widget-spacer{width:var(--container-widget-width,var(--spacer-size));--align-self:var(--container-widget-align-self,initial);--flex-shrink:0}.e-con-inner>.elementor-widget-spacer>.elementor-widget-container,.e-con>.elementor-widget-spacer>.elementor-widget-container{height:100%;width:100%}.e-con-inner>.elementor-widget-spacer>.elementor-widget-container>.elementor-spacer,.e-con>.elementor-widget-spacer>.elementor-widget-container>.elementor-spacer{height:100%}.e-con-inner>.elementor-widget-spacer>.elementor-widget-container>.elementor-spacer>.elementor-spacer-inner,.e-con>.elementor-widget-spacer>.elementor-widget-container>.elementor-spacer>.elementor-spacer-inner{height:var(--container-widget-height,var(--spacer-size))}.e-con-inner>.elementor-widget-spacer.elementor-widget-empty,.e-con>.elementor-widget-spacer.elementor-widget-empty{position:relative;min-height:22px;min-width:22px}.e-con-inner>.elementor-widget-spacer.elementor-widget-empty .elementor-widget-empty-icon,.e-con>.elementor-widget-spacer.elementor-widget-empty .elementor-widget-empty-icon{position:absolute;top:0;bottom:0;left:0;right:0;margin:auto;padding:0;width:22px;height:22px}<\/style>\t\t<div class=\"elementor-spacer\">\n\t\t\t<div class=\"elementor-spacer-inner\"><\/div>\n\t\t<\/div>\n\t\t\t\t<\/div>\n\t\t\t\t<\/div>\n\t\t\t\t<div class=\"elementor-element elementor-element-2b43ce9 elementor-widget elementor-widget-text-editor\" data-id=\"2b43ce9\" data-element_type=\"widget\" data-widget_type=\"text-editor.default\">\n\t\t\t\t<div class=\"elementor-widget-container\">\n\t\t\t<style>\/*! elementor - v3.19.0 - 28-02-2024 *\/\n.elementor-widget-text-editor.elementor-drop-cap-view-stacked .elementor-drop-cap{background-color:#69727d;color:#fff}.elementor-widget-text-editor.elementor-drop-cap-view-framed .elementor-drop-cap{color:#69727d;border:3px solid;background-color:transparent}.elementor-widget-text-editor:not(.elementor-drop-cap-view-default) .elementor-drop-cap{margin-top:8px}.elementor-widget-text-editor:not(.elementor-drop-cap-view-default) .elementor-drop-cap-letter{width:1em;height:1em}.elementor-widget-text-editor .elementor-drop-cap{float:left;text-align:center;line-height:1;font-size:50px}.elementor-widget-text-editor .elementor-drop-cap-letter{display:inline-block}<\/style>\t\t\t\t<p><strong><a href=\"https:\/\/www.ceam.es\/es\/investigacion\/quimica-atmosferica\/euphore\/\">EUPHORE<\/a> <\/strong>is one of the world's leading open-air simulation chamber facilities, consisting of two hemispherical domes (200 m3 each). It is used in the research and monitoring of atmospheric chemical processes, which can be simulated under near-real conditions given its large size and the use of natural light. EUPHORE is equipped with a large number of analytical instruments to characterize gas phase and particulate compounds: VOCs, radicals, aerosols, organic nitrates, hydroperoxides, etc. This instrumentation includes different monitors, optical systems, chromatographic techniques, mass spectrometry, particle instruments and systems to characterize key physical parameters. Therefore, both well-established and state-of-the-art techniques (e.g. PTR-ToF-MS and API-ToF-CIMS) are part of the facilities.<\/p>\t\t\t\t\t\t<\/div>\n\t\t\t\t<\/div>\n\t\t\t\t<\/div>\n\t\t<div class=\"elementor-element elementor-element-741c5f8 e-con-full e-flex wpr-particle-no wpr-jarallax-no wpr-parallax-no wpr-sticky-section-no e-con e-child\" data-id=\"741c5f8\" data-element_type=\"container\" data-settings=\"{&quot;content_width&quot;:&quot;full&quot;}\">\n\t\t\t\t<div class=\"elementor-element elementor-element-a7d85b2 elementor-widget elementor-widget-image\" data-id=\"a7d85b2\" data-element_type=\"widget\" data-widget_type=\"image.default\">\n\t\t\t\t<div class=\"elementor-widget-container\">\n\t\t\t<style>\/*! elementor - v3.19.0 - 28-02-2024 *\/\n.elementor-widget-image{text-align:center}.elementor-widget-image a{display:inline-block}.elementor-widget-image a img[src$=\".svg\"]{width:48px}.elementor-widget-image img{vertical-align:middle;display:inline-block}<\/style>\t\t\t\t\t\t\t\t\t\t<img fetchpriority=\"high\" decoding=\"async\" width=\"1024\" height=\"768\" src=\"https:\/\/actris.es\/wp-content\/uploads\/2024\/04\/IMG_3455-1024x768.jpg\" class=\"attachment-large size-large wp-image-2531\" alt=\"\" srcset=\"https:\/\/actris.es\/wp-content\/uploads\/2024\/04\/IMG_3455-1024x768.jpg 1024w, https:\/\/actris.es\/wp-content\/uploads\/2024\/04\/IMG_3455-300x225.jpg 300w, https:\/\/actris.es\/wp-content\/uploads\/2024\/04\/IMG_3455-768x576.jpg 768w, https:\/\/actris.es\/wp-content\/uploads\/2024\/04\/IMG_3455-1536x1152.jpg 1536w, https:\/\/actris.es\/wp-content\/uploads\/2024\/04\/IMG_3455-2048x1536.jpg 2048w, https:\/\/actris.es\/wp-content\/uploads\/2024\/04\/IMG_3455-16x12.jpg 16w\" sizes=\"(max-width: 1024px) 100vw, 1024px\" \/>\t\t\t\t\t\t\t\t\t\t\t\t\t<\/div>\n\t\t\t\t<\/div>\n\t\t\t\t<\/div>\n\t\t<div class=\"elementor-element elementor-element-fdb1324 e-con-full e-flex wpr-particle-no wpr-jarallax-no wpr-parallax-no wpr-sticky-section-no e-con e-child\" data-id=\"fdb1324\" data-element_type=\"container\" data-settings=\"{&quot;content_width&quot;:&quot;full&quot;}\">\n\t\t\t\t<div class=\"elementor-element elementor-element-069bccb elementor-widget elementor-widget-text-editor\" data-id=\"069bccb\" data-element_type=\"widget\" data-widget_type=\"text-editor.default\">\n\t\t\t\t<div class=\"elementor-widget-container\">\n\t\t\t\t\t\t\t<p>Main research areas include atmospheric behaviour of biogenic and anthropogenic VOCs, degradation products, formation of ozone and aerosols. Besides, EUPHORE can be used as a testbed to assess and characterize depolluting technologies and instrumentation, allowing the intercomparison of instrumentation, with the possibility of accommodating a large number of external instruments.<\/p>\t\t\t\t\t\t<\/div>\n\t\t\t\t<\/div>\n\t\t\t\t<\/div>\n\t\t\t\t\t<\/div>\n\t\t\t\t<\/div>\n\t\t<div class=\"elementor-element elementor-element-12f2305 e-flex e-con-boxed wpr-particle-no wpr-jarallax-no wpr-parallax-no wpr-sticky-section-no e-con e-parent\" data-id=\"12f2305\" data-element_type=\"container\" data-settings=\"{&quot;content_width&quot;:&quot;boxed&quot;}\" data-core-v316-plus=\"true\">\n\t\t\t\t\t<div class=\"e-con-inner\">\n\t\t\t\t<div class=\"elementor-element elementor-element-6be50c1 elementor-widget__width-initial elementor-widget elementor-widget-heading\" data-id=\"6be50c1\" data-element_type=\"widget\" data-widget_type=\"heading.default\">\n\t\t\t\t<div class=\"elementor-widget-container\">\n\t\t\t<h2 class=\"elementor-heading-title elementor-size-default\">Activity<\/h2>\t\t<\/div>\n\t\t\t\t<\/div>\n\t\t\t\t<div class=\"elementor-element elementor-element-ee3aa44 elementor-widget elementor-widget-spacer\" data-id=\"ee3aa44\" data-element_type=\"widget\" data-widget_type=\"spacer.default\">\n\t\t\t\t<div class=\"elementor-widget-container\">\n\t\t\t\t\t<div class=\"elementor-spacer\">\n\t\t\t<div class=\"elementor-spacer-inner\"><\/div>\n\t\t<\/div>\n\t\t\t\t<\/div>\n\t\t\t\t<\/div>\n\t\t\t\t<div class=\"elementor-element elementor-element-9e19ba3 elementor-widget__width-initial elementor-widget elementor-widget-text-editor\" data-id=\"9e19ba3\" data-element_type=\"widget\" data-widget_type=\"text-editor.default\">\n\t\t\t\t<div class=\"elementor-widget-container\">\n\t\t\t\t\t\t\t<span style=\"font-weight: 400;\">Scientific research at the EUPHORE atmospheric simulation chamber<\/span>\n\n \t<li style=\"font-weight: 400;\" aria-level=\"1\"><span style=\"font-weight: 400;\">Provision of data from simulation chamber experiments on the study of atmospheric behaviour of biogenic and anthropogenic VOCs and semi-VOCs, aerosols, product formation, etc. under nearly real conditions.<\/span><\/li>\n \t<li style=\"font-weight: 400;\" aria-level=\"1\"><span style=\"font-weight: 400;\">Access to a broad variety of instruments, both established and state-of-the-art, including PTR-ToF-MS, CI-APi-ToFMS, etc.<\/span><\/li>\n \t<li style=\"font-weight: 400;\" aria-level=\"1\"><span style=\"font-weight: 400;\">Validation of photochemical models.<\/span><\/li>\n \t<li style=\"font-weight: 400;\" aria-level=\"1\"><span style=\"font-weight: 400;\">Support for planning and evaluation of data experiments.<\/span><\/li>\n<\/ul>\n<div><\/div>\n<div><\/div>\n<span style=\"font-weight: 400;\">Intercomparison and performance assessment of instrumentation:<\/span>\n<ul>\n \t<li style=\"font-weight: 400;\" aria-level=\"1\"><span style=\"font-weight: 400;\">Intercomparison of instrumentation to evaluate performance under different environmental conditions.<\/span><\/li>\n \t<li style=\"font-weight: 400;\" aria-level=\"1\"><span style=\"font-weight: 400;\">Study of interferences.<\/span><\/li>\n \t<li style=\"font-weight: 400;\" aria-level=\"1\"><span style=\"font-weight: 400;\">Accommodation of a large number of external instruments. Support in planning and installation.<\/span><\/li>\n<\/ul>\n<span style=\"font-weight: 400;\">\u00a0<\/span>\n\n<span style=\"font-weight: 400;\">Technical and innovation services:<\/span>\n<ul>\n \t<li style=\"font-weight: 400;\" aria-level=\"1\"><span style=\"font-weight: 400;\">Prototype testing.<\/span><\/li>\n \t<li style=\"font-weight: 400;\" aria-level=\"1\"><span style=\"font-weight: 400;\">Technological development of instruments.<\/span><\/li>\n \t<li style=\"font-weight: 400;\" aria-level=\"1\"><span style=\"font-weight: 400;\">Test, develop or improve new depolluting materials or devices, e.g. air cleaners, etc.<\/span><\/li>\n \t<li style=\"font-weight: 400;\" aria-level=\"1\"><span style=\"font-weight: 400;\">Close-to-market tests.<\/span><\/li>\n \t<li style=\"font-weight: 400;\" aria-level=\"1\"><span style=\"font-weight: 400;\">Support for planning and evaluation of data experiments.<\/span><\/li>\n<\/ul>\t\t\t\t\t\t<\/div>\n\t\t\t\t<\/div>\n\t\t\t\t\t<\/div>\n\t\t\t\t<\/div>\n\t\t<div class=\"elementor-element elementor-element-70a3723 e-flex e-con-boxed wpr-particle-no wpr-jarallax-no wpr-parallax-no wpr-sticky-section-no e-con e-parent\" data-id=\"70a3723\" data-element_type=\"container\" data-settings=\"{&quot;content_width&quot;:&quot;boxed&quot;}\" data-core-v316-plus=\"true\">\n\t\t\t\t\t<div class=\"e-con-inner\">\n\t\t\t\t<div class=\"elementor-element elementor-element-b567682 elementor-widget elementor-widget-spacer\" data-id=\"b567682\" data-element_type=\"widget\" data-widget_type=\"spacer.default\">\n\t\t\t\t<div class=\"elementor-widget-container\">\n\t\t\t\t\t<div class=\"elementor-spacer\">\n\t\t\t<div class=\"elementor-spacer-inner\"><\/div>\n\t\t<\/div>\n\t\t\t\t<\/div>\n\t\t\t\t<\/div>\n\t\t\t\t\t<\/div>\n\t\t\t\t<\/div>\n\t\t\t\t<\/div>","protected":false},"excerpt":{"rendered":"<p>EUPHORE EUPHORE es una de las principales instalaciones de c\u00e1maras de simulaci\u00f3n al aire libre del mundo, compuesta por dos c\u00fapulas semiesf\u00e9ricas (de 200 m3 cada una). Se utiliza en la investigaci\u00f3n y el seguimiento de procesos qu\u00edmicos atmosf\u00e9ricos, que pueden simularse en condiciones casi reales dado su gran tama\u00f1o y el uso de luz natural. EUPHORE est\u00e1 equipado con un gran n\u00famero de instrumentos anal\u00edticos para caracterizar compuestos en fase gaseosa y de part\u00edculas: COV, radicales, aerosoles, nitratos org\u00e1nicos, hidroper\u00f3xidos, etc. Esta instrumentaci\u00f3n incluye diferentes monitores, sistemas \u00f3pticos, t\u00e9cnicas cromatogr\u00e1ficas, espectrometr\u00eda de masas, instrumentos para part\u00edculas y sistemas para caracterizar par\u00e1metros f\u00edsicos clave. Por lo tanto, forman parte de las instalaciones tanto t\u00e9cnicas bien establecidas como las m\u00e1s avanzadas (por ejemplo, PTR-ToF-MS y API-ToF-CIMS). Las principales \u00e1reas de investigaci\u00f3n incluyen el comportamiento atmosf\u00e9rico de COV biog\u00e9nicos y antropog\u00e9nicos, productos de degradaci\u00f3n, formaci\u00f3n de ozono y aerosoles. Adem\u00e1s, EUPHORE puede utilizarse como banco de pruebas para evaluar y caracterizar tecnolog\u00edas e instrumentaci\u00f3n descontaminantes, permitiendo la intercomparaci\u00f3n de instrumentaci\u00f3n, con la posibilidad de alojar un gran n\u00famero de instrumentos externos. Actividad Investigaci\u00f3n cient\u00edfica en la c\u00e1mara de simulaci\u00f3n atmosf\u00e9rica EUPHORE: Suministro de datos procedentes de experimentos en c\u00e1mara de simulaci\u00f3n sobre el estudio del comportamiento atmosf\u00e9rico de COV y semiCOV biog\u00e9nicos y antropog\u00e9nicos, aerosoles, formaci\u00f3n de productos, etc. en condiciones casi reales. Acceso a una amplia variedad de instrumentos, tanto establecidos como de \u00faltima generaci\u00f3n, incluyendo PTR-ToF-MS, CI-APi-ToFMS, etc. Validaci\u00f3n de modelos fotoqu\u00edmicos. Apoyo a la planificaci\u00f3n y evaluaci\u00f3n de experimentos de datos. Intercomparaci\u00f3n y evaluaci\u00f3n del rendimiento de la instrumentaci\u00f3n: Intercomparaci\u00f3n de instrumentaci\u00f3n para evaluar el rendimiento en diferentes condiciones ambientales. Estudio de interferencias. Alojamiento de un gran n\u00famero de instrumentos externos. Apoyo en la planificaci\u00f3n e instalaci\u00f3n. \u00a0 Servicios t\u00e9cnicos y de innovaci\u00f3n: Ensayos de prototipos. Desarrollo tecnol\u00f3gico de instrumentos. Ensayos, desarrollo o mejora de nuevos materiales o dispositivos descontaminantes, por ejemplo, limpiadores de aire, etc. Pruebas de aproximaci\u00f3n al mercado. Apoyo a la planificaci\u00f3n y evaluaci\u00f3n de experimentos con datos.<\/p>","protected":false},"author":1,"featured_media":0,"parent":0,"menu_order":0,"comment_status":"closed","ping_status":"closed","template":"page-templates\/template-pagebuilder-full-width.php","meta":{"neve_meta_sidebar":"","neve_meta_container":"","neve_meta_enable_content_width":"","neve_meta_content_width":0,"neve_meta_title_alignment":"","neve_meta_author_avatar":"","neve_post_elements_order":"","neve_meta_disable_header":"","neve_meta_disable_footer":"","neve_meta_disable_title":"","neve_meta_reading_time":"","footnotes":""},"class_list":["post-2532","page","type-page","status-publish","hentry"],"publishpress_future_action":{"enabled":false,"date":"2026-05-06 05:13:33","action":"change-status","newStatus":"draft","terms":[],"taxonomy":""},"publishpress_future_workflow_manual_trigger":{"enabledWorkflows":[]},"_links":{"self":[{"href":"https:\/\/actris.es\/en\/wp-json\/wp\/v2\/pages\/2532","targetHints":{"allow":["GET"]}}],"collection":[{"href":"https:\/\/actris.es\/en\/wp-json\/wp\/v2\/pages"}],"about":[{"href":"https:\/\/actris.es\/en\/wp-json\/wp\/v2\/types\/page"}],"author":[{"embeddable":true,"href":"https:\/\/actris.es\/en\/wp-json\/wp\/v2\/users\/1"}],"replies":[{"embeddable":true,"href":"https:\/\/actris.es\/en\/wp-json\/wp\/v2\/comments?post=2532"}],"version-history":[{"count":25,"href":"https:\/\/actris.es\/en\/wp-json\/wp\/v2\/pages\/2532\/revisions"}],"predecessor-version":[{"id":3912,"href":"https:\/\/actris.es\/en\/wp-json\/wp\/v2\/pages\/2532\/revisions\/3912"}],"wp:attachment":[{"href":"https:\/\/actris.es\/en\/wp-json\/wp\/v2\/media?parent=2532"}],"curies":[{"name":"wp","href":"https:\/\/api.w.org\/{rel}","templated":true}]}}