{"id":2567,"date":"2024-04-15T08:44:06","date_gmt":"2024-04-15T06:44:06","guid":{"rendered":"https:\/\/iista.ugr.es\/actris\/?page_id=2567"},"modified":"2024-04-15T09:01:38","modified_gmt":"2024-04-15T07:01:38","slug":"instalaciones-nacionales","status":"publish","type":"page","link":"https:\/\/actris.es\/en\/instalaciones-nacionales\/","title":{"rendered":"National Facilities"},"content":{"rendered":"<div data-elementor-type=\"wp-page\" data-elementor-id=\"2567\" class=\"elementor elementor-2567\">\n\t\t\t\t<div class=\"elementor-element elementor-element-303330b e-flex e-con-boxed wpr-particle-no wpr-jarallax-no wpr-parallax-no wpr-sticky-section-no e-con e-parent\" data-id=\"303330b\" data-element_type=\"container\" data-settings=\"{&quot;content_width&quot;:&quot;boxed&quot;}\" data-core-v316-plus=\"true\">\n\t\t\t\t\t<div class=\"e-con-inner\">\n\t\t<div class=\"elementor-element elementor-element-304ade6 e-con-full e-flex wpr-particle-no wpr-jarallax-no wpr-parallax-no wpr-sticky-section-no e-con e-child\" data-id=\"304ade6\" data-element_type=\"container\" data-settings=\"{&quot;content_width&quot;:&quot;full&quot;}\">\n\t\t\t\t<div class=\"elementor-element elementor-element-4044468 elementor-widget elementor-widget-text-editor\" data-id=\"4044468\" data-element_type=\"widget\" data-widget_type=\"text-editor.default\">\n\t\t\t\t<div class=\"elementor-widget-container\">\n\t\t\t<style>\/*! elementor - v3.19.0 - 28-02-2024 *\/\n.elementor-widget-text-editor.elementor-drop-cap-view-stacked .elementor-drop-cap{background-color:#69727d;color:#fff}.elementor-widget-text-editor.elementor-drop-cap-view-framed .elementor-drop-cap{color:#69727d;border:3px solid;background-color:transparent}.elementor-widget-text-editor:not(.elementor-drop-cap-view-default) .elementor-drop-cap{margin-top:8px}.elementor-widget-text-editor:not(.elementor-drop-cap-view-default) .elementor-drop-cap-letter{width:1em;height:1em}.elementor-widget-text-editor .elementor-drop-cap{float:left;text-align:center;line-height:1;font-size:50px}.elementor-widget-text-editor .elementor-drop-cap-letter{display:inline-block}<\/style>\t\t\t\t<p><span style=\"color: var( --e-global-color-secondary ); font-family: var( --e-global-typography-text-font-family ), Sans-serif; font-weight: var( --e-global-typography-text-font-weight ); text-align: var(--text-align); background-color: var(--nv-site-bg); font-size: var(--bodyfontsize); letter-spacing: var(--bodyletterspacing); text-transform: var(--bodytexttransform);\">The main body of ACTRIS is the distributed observation platform, consisting of observation stations strategically located in diverse climate regimes in Europe and outside Europe, and operated (or co-operated) by ACTRIS partners. Many observation stations belong to  one or several European and international networks, such as EMEP, NDACC, GRUAN, or GAW, and are possibly partly shared with other environmental infrastructures, such as ICOS, SIOS, or ANAEE. A typical ACTRIS National Facility is equipped with state-of-the-art instrumentation for the measurement of variables governing the atmospheric radiation balance above Europe.<\/span><\/p>\t\t\t\t\t\t<\/div>\n\t\t\t\t<\/div>\n\t\t\t\t<\/div>\n\t\t<div class=\"elementor-element elementor-element-bb10219 e-con-full e-flex wpr-particle-no wpr-jarallax-no wpr-parallax-no wpr-sticky-section-no e-con e-child\" data-id=\"bb10219\" data-element_type=\"container\" data-settings=\"{&quot;content_width&quot;:&quot;full&quot;}\">\n\t\t\t\t<div class=\"elementor-element elementor-element-7f12930 elementor-widget elementor-widget-image\" data-id=\"7f12930\" data-element_type=\"widget\" data-widget_type=\"image.default\">\n\t\t\t\t<div class=\"elementor-widget-container\">\n\t\t\t<style>\/*! elementor - v3.19.0 - 28-02-2024 *\/\n.elementor-widget-image{text-align:center}.elementor-widget-image a{display:inline-block}.elementor-widget-image a img[src$=\".svg\"]{width:48px}.elementor-widget-image img{vertical-align:middle;display:inline-block}<\/style>\t\t\t\t\t\t\t<figure class=\"wp-caption\">\n\t\t\t\t\t\t\t\t\t\t<img fetchpriority=\"high\" decoding=\"async\" width=\"341\" height=\"269\" src=\"https:\/\/actris.es\/wp-content\/uploads\/2024\/02\/Clip_2.jpg\" class=\"attachment-large size-large wp-image-58\" alt=\"\" srcset=\"https:\/\/actris.es\/wp-content\/uploads\/2024\/02\/Clip_2.jpg 341w, https:\/\/actris.es\/wp-content\/uploads\/2024\/02\/Clip_2-300x237.jpg 300w\" sizes=\"(max-width: 341px) 100vw, 341px\" \/>\t\t\t\t\t\t\t\t\t\t\t<figcaption class=\"widget-image-caption wp-caption-text\">A view of the envisaged ACTRIS stations based on past delivery to ACTRIS DC, including potential contributing stations (circle). Stations operated by ACTRIS partners outside Europe geographical boundaries are also indicated (GAW\/NDACC). Selection of ACTRIS platforms will be made at a later stage.<\/figcaption>\n\t\t\t\t\t\t\t\t\t\t<\/figure>\n\t\t\t\t\t\t\t<\/div>\n\t\t\t\t<\/div>\n\t\t\t\t<\/div>\n\t\t<div class=\"elementor-element elementor-element-2fc510e e-con-full e-flex wpr-particle-no wpr-jarallax-no wpr-parallax-no wpr-sticky-section-no e-con e-child\" data-id=\"2fc510e\" data-element_type=\"container\" data-settings=\"{&quot;content_width&quot;:&quot;full&quot;}\">\n\t\t\t\t<div class=\"elementor-element elementor-element-7c0f0bb elementor-widget elementor-widget-text-editor\" data-id=\"7c0f0bb\" data-element_type=\"widget\" data-widget_type=\"text-editor.default\">\n\t\t\t\t<div class=\"elementor-widget-container\">\n\t\t\t\t\t\t\t<p>Measurements of all relevant components are obtained  via a combination of in situ and remote-sensing systems and include: i) near-surface measurements of aerosols and short-lived trace gases; ii) vertically resolved measurements of aerosols; iii) vertically resolved measurements of clouds and precipitation; iv) profile and column observations of short-lived trace gases; and v) measurements of a variety of supplementary meteorological and radiation quantities. Besides observation platforms, ACTRIS also includes exploratory platforms at the national level. This category includes laboratories, but also the ability to perform exploratory research in connection with the observational platforms. ACTRIS National Facilities are essentially funded by the member states.<\/p>\n<p><!-- \/wp:paragraph --><!-- wp:image {\"align\":\"center\",\"id\":58,\"sizeSlug\":\"full\",\"linkDestination\":\"none\"} --><\/p>\n<figure class=\"wp-block-image aligncenter size-full\"><\/figure>\t\t\t\t\t\t<\/div>\n\t\t\t\t<\/div>\n\t\t\t\t<\/div>\n\t\t\t\t\t<\/div>\n\t\t\t\t<\/div>\n\t\t\t\t<\/div>","protected":false},"excerpt":{"rendered":"<p>El cuerpo principal de ACTRIS es una plataforma de observaci\u00f3n distribuida, que consta de estaciones de observaci\u00f3n ubicadas estrat\u00e9gicamente en diversos reg\u00edmenes clim\u00e1ticos en Europa y fuera de Europa, y es operado (o co-operado) por los socios de ACTRIS. Muchas estaciones de observaci\u00f3n pertenecen a una o varias redes europeas e internacionales, tales como EMEP, NDACC, GRUAN o GAW, y est\u00e1n posiblemente en parte compartidas con otras infraestructuras ambientales, como ICOS, SIOS o ANAEE. Una t\u00edpica instalaci\u00f3n nacional ACTRIS est\u00e1 equipada con instrumentaci\u00f3n de \u00faltima generaci\u00f3n para la medici\u00f3n de las variables que rigen y condicionan el balance de la radiaci\u00f3n atmosf\u00e9rica sobre Europa. Mapa de las estaciones ACTRIS que ya han suministrado datos al Centro de Datos (ACTRIS), incluidas las estaciones potenciales (c\u00edrculo). Las estaciones operadas por los socios ACTRIS fuera de los l\u00edmites geogr\u00e1ficos de Europa tambi\u00e9n se indican (GAW\/NDACC). La selecci\u00f3n de las plataformas ACTRIS se har\u00e1 en una etapa posterior. Las mediciones de todos los componentes relevantes se obtiene a trav\u00e9s de una combinaci\u00f3n de sistemas in situ y de teledetecci\u00f3n e incluyen: i) medidas en superficie de aerosoles y gases traza de vida corta; ii) medici\u00f3n de perfiles verticales de aerosoles; iii) mediciones de nubes y precipitaci\u00f3n; iv) observaciones de perfiles de gases traza de vida corta; y v) medici\u00f3n de variables meteorol\u00f3gicas y de radiaci\u00f3n complementarias. Adem\u00e1s de las plataformas de observaci\u00f3n, ACTRIS tambi\u00e9n incluye las plataformas de exploraci\u00f3n a nivel nacional. Esta categor\u00eda incluye no s\u00f3lo a los laboratorios, sino tambi\u00e9n la capacidad para llevar a cabo investigaci\u00f3n exploratoria en relaci\u00f3n con las plataformas de observaci\u00f3n. Las instalaciones nacionales ACTRIS son financiadas esencialmente por los Estados miembros.<\/p>","protected":false},"author":1,"featured_media":0,"parent":0,"menu_order":0,"comment_status":"closed","ping_status":"closed","template":"page-templates\/template-pagebuilder-full-width.php","meta":{"neve_meta_sidebar":"","neve_meta_container":"","neve_meta_enable_content_width":"","neve_meta_content_width":0,"neve_meta_title_alignment":"","neve_meta_author_avatar":"","neve_post_elements_order":"","neve_meta_disable_header":"","neve_meta_disable_footer":"","neve_meta_disable_title":"","neve_meta_reading_time":"","footnotes":""},"class_list":["post-2567","page","type-page","status-publish","hentry"],"publishpress_future_action":{"enabled":false,"date":"2026-04-25 11:57:41","action":"change-status","newStatus":"draft","terms":[],"taxonomy":""},"publishpress_future_workflow_manual_trigger":{"enabledWorkflows":[]},"_links":{"self":[{"href":"https:\/\/actris.es\/en\/wp-json\/wp\/v2\/pages\/2567","targetHints":{"allow":["GET"]}}],"collection":[{"href":"https:\/\/actris.es\/en\/wp-json\/wp\/v2\/pages"}],"about":[{"href":"https:\/\/actris.es\/en\/wp-json\/wp\/v2\/types\/page"}],"author":[{"embeddable":true,"href":"https:\/\/actris.es\/en\/wp-json\/wp\/v2\/users\/1"}],"replies":[{"embeddable":true,"href":"https:\/\/actris.es\/en\/wp-json\/wp\/v2\/comments?post=2567"}],"version-history":[{"count":4,"href":"https:\/\/actris.es\/en\/wp-json\/wp\/v2\/pages\/2567\/revisions"}],"predecessor-version":[{"id":2572,"href":"https:\/\/actris.es\/en\/wp-json\/wp\/v2\/pages\/2567\/revisions\/2572"}],"wp:attachment":[{"href":"https:\/\/actris.es\/en\/wp-json\/wp\/v2\/media?parent=2567"}],"curies":[{"name":"wp","href":"https:\/\/api.w.org\/{rel}","templated":true}]}}