{"id":2573,"date":"2024-04-15T09:02:02","date_gmt":"2024-04-15T07:02:02","guid":{"rendered":"https:\/\/iista.ugr.es\/actris\/?page_id=2573"},"modified":"2024-04-15T09:05:44","modified_gmt":"2024-04-15T07:05:44","slug":"instalaciones-centrales","status":"publish","type":"page","link":"https:\/\/actris.es\/en\/instalaciones-centrales\/","title":{"rendered":"Central Facilities"},"content":{"rendered":"<div data-elementor-type=\"wp-page\" data-elementor-id=\"2573\" class=\"elementor elementor-2573\">\n\t\t\t\t<div class=\"elementor-element elementor-element-cfb5c89 e-flex e-con-boxed wpr-particle-no wpr-jarallax-no wpr-parallax-no wpr-sticky-section-no e-con e-parent\" data-id=\"cfb5c89\" data-element_type=\"container\" data-settings=\"{&quot;content_width&quot;:&quot;boxed&quot;}\" data-core-v316-plus=\"true\">\n\t\t\t\t\t<div class=\"e-con-inner\">\n\t\t<div class=\"elementor-element elementor-element-f656009 e-flex e-con-boxed wpr-particle-no wpr-jarallax-no wpr-parallax-no wpr-sticky-section-no e-con e-child\" data-id=\"f656009\" data-element_type=\"container\" data-settings=\"{&quot;content_width&quot;:&quot;boxed&quot;}\">\n\t\t\t\t\t<div class=\"e-con-inner\">\n\t\t<div class=\"elementor-element elementor-element-9c21616 e-con-full e-flex wpr-particle-no wpr-jarallax-no wpr-parallax-no wpr-sticky-section-no e-con e-child\" data-id=\"9c21616\" data-element_type=\"container\" data-settings=\"{&quot;content_width&quot;:&quot;full&quot;}\">\n\t\t\t\t<div class=\"elementor-element elementor-element-0145b2d elementor-widget elementor-widget-text-editor\" data-id=\"0145b2d\" data-element_type=\"widget\" data-widget_type=\"text-editor.default\">\n\t\t\t\t<div class=\"elementor-widget-container\">\n\t\t\t<style>\/*! elementor - v3.19.0 - 28-02-2024 *\/\n.elementor-widget-text-editor.elementor-drop-cap-view-stacked .elementor-drop-cap{background-color:#69727d;color:#fff}.elementor-widget-text-editor.elementor-drop-cap-view-framed .elementor-drop-cap{color:#69727d;border:3px solid;background-color:transparent}.elementor-widget-text-editor:not(.elementor-drop-cap-view-default) .elementor-drop-cap{margin-top:8px}.elementor-widget-text-editor:not(.elementor-drop-cap-view-default) .elementor-drop-cap-letter{width:1em;height:1em}.elementor-widget-text-editor .elementor-drop-cap{float:left;text-align:center;line-height:1;font-size:50px}.elementor-widget-text-editor .elementor-drop-cap-letter{display:inline-block}<\/style>\t\t\t\t<p><span style=\"color: var( --e-global-color-secondary ); font-family: var( --e-global-typography-text-font-family ), Sans-serif; font-weight: var( --e-global-typography-text-font-weight ); text-align: var(--text-align); background-color: var(--nv-site-bg); font-size: var(--bodyfontsize); letter-spacing: var(--bodyletterspacing); text-transform: var(--bodytexttransform);\">Production of harmonized, reliable, and documented observational data in ACTRIS relies on appropriate Central Facilities (Calibration Centres, Data Centre) that ensure compliance with standard operating procedures and\/or quality protocols. Calibration Centres include the existing European WDC and WCC components of GAW and the European component of the AERONET calibration facility and complement CCs already operating within other RIs (ICOS) or networks (NDACC) in Europe. The quality- assurance objectives are therefore compliant to international standards.\u00a0<\/span><\/p>\t\t\t\t\t\t<\/div>\n\t\t\t\t<\/div>\n\t\t\t\t<\/div>\n\t\t<div class=\"elementor-element elementor-element-9a0e380 e-con-full e-flex wpr-particle-no wpr-jarallax-no wpr-parallax-no wpr-sticky-section-no e-con e-child\" data-id=\"9a0e380\" data-element_type=\"container\" data-settings=\"{&quot;content_width&quot;:&quot;full&quot;}\">\n\t\t\t\t<div class=\"elementor-element elementor-element-507b959 elementor-widget elementor-widget-image\" data-id=\"507b959\" data-element_type=\"widget\" data-widget_type=\"image.default\">\n\t\t\t\t<div class=\"elementor-widget-container\">\n\t\t\t<style>\/*! elementor - v3.19.0 - 28-02-2024 *\/\n.elementor-widget-image{text-align:center}.elementor-widget-image a{display:inline-block}.elementor-widget-image a img[src$=\".svg\"]{width:48px}.elementor-widget-image img{vertical-align:middle;display:inline-block}<\/style>\t\t\t\t\t\t\t<figure class=\"wp-caption\">\n\t\t\t\t\t\t\t\t\t\t<img fetchpriority=\"high\" decoding=\"async\" width=\"402\" height=\"240\" src=\"https:\/\/actris.es\/wp-content\/uploads\/2024\/03\/Clip_3.jpg\" class=\"attachment-large size-large wp-image-1578\" alt=\"\" srcset=\"https:\/\/actris.es\/wp-content\/uploads\/2024\/03\/Clip_3.jpg 402w, https:\/\/actris.es\/wp-content\/uploads\/2024\/03\/Clip_3-300x179.jpg 300w, https:\/\/actris.es\/wp-content\/uploads\/2024\/03\/Clip_3-18x12.jpg 18w\" sizes=\"(max-width: 402px) 100vw, 402px\" \/>\t\t\t\t\t\t\t\t\t\t\t<figcaption class=\"widget-image-caption wp-caption-text\">ACTRIS Central Facilities currently operating in the context of ACTRIS-2 \u2013 World Calibration Centers of WMO-GAW (WCC, WDC) and other international networks (AERONET) are indicated in orange.<\/figcaption>\n\t\t\t\t\t\t\t\t\t\t<\/figure>\n\t\t\t\t\t\t\t<\/div>\n\t\t\t\t<\/div>\n\t\t\t\t<\/div>\n\t\t<div class=\"elementor-element elementor-element-e26ba05 e-con-full e-flex wpr-particle-no wpr-jarallax-no wpr-parallax-no wpr-sticky-section-no e-con e-child\" data-id=\"e26ba05\" data-element_type=\"container\" data-settings=\"{&quot;content_width&quot;:&quot;full&quot;}\">\n\t\t\t\t<div class=\"elementor-element elementor-element-0796df6 elementor-widget elementor-widget-text-editor\" data-id=\"0796df6\" data-element_type=\"widget\" data-widget_type=\"text-editor.default\">\n\t\t\t\t<div class=\"elementor-widget-container\">\n\t\t\t\t\t\t\t<p>Five Calibration Centres are currently in operation in ACTRIS, each one organized as one consortium with two or three nodes (additional facilities (or nodes) may complete this landscape at a later stage):<\/p>\n<ul>\n<li>The Lidar Calibration Facility (nodes: Romania, Italy, Germany);<\/li>\n<!-- \/wp:list-item --><!-- wp:list-item -->\n<li>The AERONET-Europe Calibration Facility for sun\/sky photometers (nodes: France, Spain);<\/li>\n<!-- \/wp:list-item --><!-- wp:list-item -->\n<li>The European Centre for Aerosol Calibration that includes the GAW World Calibration Center for Aerosol Physics (WCC-AP) (nodes: Germany, France, and Czech Republic);<\/li>\n<!-- \/wp:list-item --><!-- wp:list-item -->\n<li>The European Calibration Facility for reactive gases that comprises the GAW WCC for Volatile Organic Compounds (WCC-VOC) and for Nitrogen Oxides (WCC-NOx)x(nodes: Germany, Finland, Switzerland);<sub>x<\/sub>) del GAW (nodos: Alemania, Finlandia, Suiza);<\/li>\n<!-- \/wp:list-item --><!-- wp:list-item -->\n<li>The Calibration Facility for Cloud Radars (nodes: The Netherlands, United Kingdom, France).<\/li>\n<!-- \/wp:list-item --><\/ul>\n<p><!-- \/wp:list --><!-- wp:paragraph --><\/p>\n<p>The data curation and storage services, including data management and necessary development work on, e.g., workflow documentation, metadata issues, etc., is handled by a dedicated Central Facility, the ACTRIS Data Centre (ACTRIS DC). ACTRIS follows the open research data initiative of the commission. ACTRIS data and products are interoperable to specific quality standards and free of charge. The ACTRIS Data Centre consists of contributing scientifically based topic facilities in Norway, Italy, Finland and France. ACTRIS DC is shared with EMEP and GAW World Data Centre for Aerosols (WDCA), and is linked to the WDC for Remote Sensing of the Atmosphere as well as with NDACC Data Centre. The architecture of the ACTRIS Data Centre is compliant to international frameworks such as the WMO Information System (WIS) and the Global Climate Observing System (GCOS).<\/p>\t\t\t\t\t\t<\/div>\n\t\t\t\t<\/div>\n\t\t\t\t<\/div>\n\t\t\t\t\t<\/div>\n\t\t\t\t<\/div>\n\t\t\t\t\t<\/div>\n\t\t\t\t<\/div>\n\t\t\t\t<\/div>","protected":false},"excerpt":{"rendered":"<p>La producci\u00f3n de observaciones armonizadas, fiables y documentadas en ACTRIS se basa en instalaciones centrales (centros de calibraci\u00f3n, centro de datos) que garantizan el cumplimiento de los procedimientos operativos est\u00e1ndar y\/o de los protocolos de calidad. Los centros de calibraci\u00f3n incluyen los componentes existentes europeos de WDC y WCC de GAW y el componente europeo de la instalaci\u00f3n de calibraci\u00f3n de AERONET y complementan los centros de calibraci\u00f3n que ya operan dentro de otras infraestructuras de investigaci\u00f3n (ICOS) o redes (NDACC) en Europa. Los objetivos de calidad est\u00e1n garantizados y cumplen con los est\u00e1ndares internacionales.\u00a0 Instalaciones centrales ACTRIS que actualmente operan en el contexto de ACTRIS-2 \u2013 Centros de Calibraci\u00f3n Mundial de la OMM-GAW (WCC, WDC) y otras redes internacionales (AERONET) est\u00e1n indicadas en naranja. Cinco centros de calibraci\u00f3n se encuentran actualmente en operaci\u00f3n en ACTRIS, cada uno organizado como un consorcio con dos o tres nodos (otras instalaciones adicionales (o nodos) pueden completar la actual situaci\u00f3n en una etapa posterior): Instalaciones para calibraci\u00f3n de lidares (nodos: Rumania, Italia, Alemania); La instalaci\u00f3n de calibraci\u00f3n AERONET-Europe para fot\u00f3metros solares\/ de cielo (nodos: Francia, Espa\u00f1a); El Centro Europeo de Calibraci\u00f3n de Aerosoles, que incluye el Centro Mundial de Calibraci\u00f3n para F\u00edsica de Aerosoles del GAW: World Calibration Center for Aerosol Physics (WCC-AP) (nodos: Alemania, Francia y Rep\u00fablica Checa); La instalaci\u00f3n europea de calibraci\u00f3n para gases reactivos que comprende el Centro Mundial de Calibraci\u00f3n para compuestos org\u00e1nicos vol\u00e1tiles (WCC-VOC) y para los \u00f3xidos de nitr\u00f3geno (WCC-NOx) del GAW (nodos: Alemania, Finlandia, Suiza); El servicio de calibraci\u00f3n para radares de nubes (nodos: Pa\u00edses Bajos, Reino Unido, Francia). Los servicios de custodia y almacenamiento de informaci\u00f3n, incluida la gesti\u00f3n de datos y el trabajo de desarrollo necesario: por ejemplo, la documentaci\u00f3n del flujo de trabajo, cuestiones de metadatos, etc., est\u00e1 a cargo de una instalaci\u00f3n central especializada, el Centro de Datos ACTRIS (ACTRIS DC). ACTRIS sigue la iniciativa de datos de investigaci\u00f3n en abierto de la Comisi\u00f3n Europea. Los datos y productos ACTRIS son interoperables seg\u00fan normas espec\u00edficas de calidad y gratuidad. El Centro de Datos ACTRIS consiste en instalaciones tem\u00e1ticas con base cient\u00edfica en Noruega, Italia, Finlandia y Francia; y se comparte con EMEP y el Centro Mundial de Datos de la GAW sobre aerosoles (WDCA), y est\u00e1 vinculado al WDC para teledetecci\u00f3n de la atm\u00f3sfera, as\u00ed como con el Centro de Datos NDACC. La arquitectura del Centro de Datos ACTRIS es compatible con los requerimientos internacionales, tales como el Sistema de informaci\u00f3n de la OMM-Organizaci\u00f3n Meteorol\u00f3gica Mundial (WIS) y el Sistema Global de Observaci\u00f3n del Clima (GCOS).<\/p>","protected":false},"author":1,"featured_media":0,"parent":0,"menu_order":0,"comment_status":"closed","ping_status":"closed","template":"page-templates\/template-pagebuilder-full-width.php","meta":{"neve_meta_sidebar":"","neve_meta_container":"","neve_meta_enable_content_width":"","neve_meta_content_width":0,"neve_meta_title_alignment":"","neve_meta_author_avatar":"","neve_post_elements_order":"","neve_meta_disable_header":"","neve_meta_disable_footer":"","neve_meta_disable_title":"","neve_meta_reading_time":"","footnotes":""},"class_list":["post-2573","page","type-page","status-publish","hentry"],"publishpress_future_action":{"enabled":false,"date":"2026-04-16 00:17:24","action":"change-status","newStatus":"draft","terms":[],"taxonomy":""},"publishpress_future_workflow_manual_trigger":{"enabledWorkflows":[]},"_links":{"self":[{"href":"https:\/\/actris.es\/en\/wp-json\/wp\/v2\/pages\/2573","targetHints":{"allow":["GET"]}}],"collection":[{"href":"https:\/\/actris.es\/en\/wp-json\/wp\/v2\/pages"}],"about":[{"href":"https:\/\/actris.es\/en\/wp-json\/wp\/v2\/types\/page"}],"author":[{"embeddable":true,"href":"https:\/\/actris.es\/en\/wp-json\/wp\/v2\/users\/1"}],"replies":[{"embeddable":true,"href":"https:\/\/actris.es\/en\/wp-json\/wp\/v2\/comments?post=2573"}],"version-history":[{"count":4,"href":"https:\/\/actris.es\/en\/wp-json\/wp\/v2\/pages\/2573\/revisions"}],"predecessor-version":[{"id":2578,"href":"https:\/\/actris.es\/en\/wp-json\/wp\/v2\/pages\/2573\/revisions\/2578"}],"wp:attachment":[{"href":"https:\/\/actris.es\/en\/wp-json\/wp\/v2\/media?parent=2573"}],"curies":[{"name":"wp","href":"https:\/\/api.w.org\/{rel}","templated":true}]}}