{"id":2611,"date":"2024-04-16T13:21:35","date_gmt":"2024-04-16T11:21:35","guid":{"rendered":"https:\/\/iista.ugr.es\/actris\/?page_id=2611"},"modified":"2025-03-19T10:23:51","modified_gmt":"2025-03-19T09:23:51","slug":"acceso-transnacional-tna-en-granada","status":"publish","type":"page","link":"https:\/\/actris.es\/en\/acceso-transnacional-tna-en-granada\/","title":{"rendered":"Transnational Access (TNA) in Granada"},"content":{"rendered":"<div data-elementor-type=\"wp-page\" data-elementor-id=\"2611\" class=\"elementor elementor-2611\">\n\t\t\t\t<div class=\"elementor-element elementor-element-7cdf13c e-flex e-con-boxed wpr-particle-no wpr-jarallax-no wpr-parallax-no wpr-sticky-section-no e-con e-parent\" data-id=\"7cdf13c\" data-element_type=\"container\" data-settings=\"{&quot;content_width&quot;:&quot;boxed&quot;}\" data-core-v316-plus=\"true\">\n\t\t\t\t\t<div class=\"e-con-inner\">\n\t\t\t\t<div class=\"elementor-element elementor-element-c4b6997 elementor-widget elementor-widget-heading\" data-id=\"c4b6997\" data-element_type=\"widget\" data-widget_type=\"heading.default\">\n\t\t\t\t<div class=\"elementor-widget-container\">\n\t\t\t<style>\/*! elementor - v3.19.0 - 28-02-2024 *\/\n.elementor-heading-title{padding:0;margin:0;line-height:1}.elementor-widget-heading .elementor-heading-title[class*=elementor-size-]>a{color:inherit;font-size:inherit;line-height:inherit}.elementor-widget-heading .elementor-heading-title.elementor-size-small{font-size:15px}.elementor-widget-heading .elementor-heading-title.elementor-size-medium{font-size:19px}.elementor-widget-heading .elementor-heading-title.elementor-size-large{font-size:29px}.elementor-widget-heading .elementor-heading-title.elementor-size-xl{font-size:39px}.elementor-widget-heading .elementor-heading-title.elementor-size-xxl{font-size:59px}<\/style><h2 class=\"elementor-heading-title elementor-size-default\">AGORA<\/h2>\t\t<\/div>\n\t\t\t\t<\/div>\n\t\t\t\t<div class=\"elementor-element elementor-element-1f5de66 elementor-widget-divider--view-line elementor-widget elementor-widget-divider\" data-id=\"1f5de66\" data-element_type=\"widget\" data-widget_type=\"divider.default\">\n\t\t\t\t<div class=\"elementor-widget-container\">\n\t\t\t<style>\/*! elementor - v3.19.0 - 28-02-2024 *\/\n.elementor-widget-divider{--divider-border-style:none;--divider-border-width:1px;--divider-color:#0c0d0e;--divider-icon-size:20px;--divider-element-spacing:10px;--divider-pattern-height:24px;--divider-pattern-size:20px;--divider-pattern-url:none;--divider-pattern-repeat:repeat-x}.elementor-widget-divider .elementor-divider{display:flex}.elementor-widget-divider .elementor-divider__text{font-size:15px;line-height:1;max-width:95%}.elementor-widget-divider .elementor-divider__element{margin:0 var(--divider-element-spacing);flex-shrink:0}.elementor-widget-divider .elementor-icon{font-size:var(--divider-icon-size)}.elementor-widget-divider .elementor-divider-separator{display:flex;margin:0;direction:ltr}.elementor-widget-divider--view-line_icon .elementor-divider-separator,.elementor-widget-divider--view-line_text .elementor-divider-separator{align-items:center}.elementor-widget-divider--view-line_icon .elementor-divider-separator:after,.elementor-widget-divider--view-line_icon .elementor-divider-separator:before,.elementor-widget-divider--view-line_text .elementor-divider-separator:after,.elementor-widget-divider--view-line_text .elementor-divider-separator:before{display:block;content:\"\";border-block-end:0;flex-grow:1;border-block-start:var(--divider-border-width) var(--divider-border-style) var(--divider-color)}.elementor-widget-divider--element-align-left .elementor-divider .elementor-divider-separator>.elementor-divider__svg:first-of-type{flex-grow:0;flex-shrink:100}.elementor-widget-divider--element-align-left .elementor-divider-separator:before{content:none}.elementor-widget-divider--element-align-left .elementor-divider__element{margin-left:0}.elementor-widget-divider--element-align-right .elementor-divider .elementor-divider-separator>.elementor-divider__svg:last-of-type{flex-grow:0;flex-shrink:100}.elementor-widget-divider--element-align-right .elementor-divider-separator:after{content:none}.elementor-widget-divider--element-align-right .elementor-divider__element{margin-right:0}.elementor-widget-divider--element-align-start .elementor-divider .elementor-divider-separator>.elementor-divider__svg:first-of-type{flex-grow:0;flex-shrink:100}.elementor-widget-divider--element-align-start .elementor-divider-separator:before{content:none}.elementor-widget-divider--element-align-start .elementor-divider__element{margin-inline-start:0}.elementor-widget-divider--element-align-end .elementor-divider .elementor-divider-separator>.elementor-divider__svg:last-of-type{flex-grow:0;flex-shrink:100}.elementor-widget-divider--element-align-end .elementor-divider-separator:after{content:none}.elementor-widget-divider--element-align-end .elementor-divider__element{margin-inline-end:0}.elementor-widget-divider:not(.elementor-widget-divider--view-line_text):not(.elementor-widget-divider--view-line_icon) .elementor-divider-separator{border-block-start:var(--divider-border-width) var(--divider-border-style) var(--divider-color)}.elementor-widget-divider--separator-type-pattern{--divider-border-style:none}.elementor-widget-divider--separator-type-pattern.elementor-widget-divider--view-line .elementor-divider-separator,.elementor-widget-divider--separator-type-pattern:not(.elementor-widget-divider--view-line) .elementor-divider-separator:after,.elementor-widget-divider--separator-type-pattern:not(.elementor-widget-divider--view-line) .elementor-divider-separator:before,.elementor-widget-divider--separator-type-pattern:not([class*=elementor-widget-divider--view]) .elementor-divider-separator{width:100%;min-height:var(--divider-pattern-height);-webkit-mask-size:var(--divider-pattern-size) 100%;mask-size:var(--divider-pattern-size) 100%;-webkit-mask-repeat:var(--divider-pattern-repeat);mask-repeat:var(--divider-pattern-repeat);background-color:var(--divider-color);-webkit-mask-image:var(--divider-pattern-url);mask-image:var(--divider-pattern-url)}.elementor-widget-divider--no-spacing{--divider-pattern-size:auto}.elementor-widget-divider--bg-round{--divider-pattern-repeat:round}.rtl .elementor-widget-divider .elementor-divider__text{direction:rtl}.e-con-inner>.elementor-widget-divider,.e-con>.elementor-widget-divider{width:var(--container-widget-width,100%);--flex-grow:var(--container-widget-flex-grow)}<\/style>\t\t<div class=\"elementor-divider\">\n\t\t\t<span class=\"elementor-divider-separator\">\n\t\t\t\t\t\t<\/span>\n\t\t<\/div>\n\t\t\t\t<\/div>\n\t\t\t\t<\/div>\n\t\t\t\t\t<\/div>\n\t\t\t\t<\/div>\n\t\t<div class=\"elementor-element elementor-element-00e876d e-flex e-con-boxed wpr-particle-no wpr-jarallax-no wpr-parallax-no wpr-sticky-section-no e-con e-parent\" data-id=\"00e876d\" data-element_type=\"container\" data-settings=\"{&quot;content_width&quot;:&quot;boxed&quot;}\" data-core-v316-plus=\"true\">\n\t\t\t\t\t<div class=\"e-con-inner\">\n\t\t<div class=\"elementor-element elementor-element-d24379c e-con-full e-flex wpr-particle-no wpr-jarallax-no wpr-parallax-no wpr-sticky-section-no e-con e-child\" data-id=\"d24379c\" data-element_type=\"container\" data-settings=\"{&quot;content_width&quot;:&quot;full&quot;}\">\n\t\t\t\t<div class=\"elementor-element elementor-element-0e86623 elementor-align-center elementor-widget elementor-widget-button\" data-id=\"0e86623\" data-element_type=\"widget\" data-widget_type=\"button.default\">\n\t\t\t\t<div class=\"elementor-widget-container\">\n\t\t\t\t\t<div class=\"elementor-button-wrapper\">\n\t\t\t<a class=\"elementor-button elementor-button-link elementor-size-md\" href=\"https:\/\/atmosphere.ugr.es\/informacion\/presentacion\/agora\/instrumentos\" target=\"_blank\">\n\t\t\t\t\t\t<span class=\"elementor-button-content-wrapper\">\n\t\t\t\t\t\t<span class=\"elementor-button-text\">Equipment<\/span>\n\t\t<\/span>\n\t\t\t\t\t<\/a>\n\t\t<\/div>\n\t\t\t\t<\/div>\n\t\t\t\t<\/div>\n\t\t\t\t<\/div>\n\t\t<div class=\"elementor-element elementor-element-5d6f9c1 e-con-full e-flex wpr-particle-no wpr-jarallax-no wpr-parallax-no wpr-sticky-section-no e-con e-child\" data-id=\"5d6f9c1\" data-element_type=\"container\" data-settings=\"{&quot;content_width&quot;:&quot;full&quot;}\">\n\t\t\t\t<div class=\"elementor-element elementor-element-95f0ba1 elementor-align-center elementor-widget elementor-widget-button\" data-id=\"95f0ba1\" data-element_type=\"widget\" data-widget_type=\"button.default\">\n\t\t\t\t<div class=\"elementor-widget-container\">\n\t\t\t\t\t<div class=\"elementor-button-wrapper\">\n\t\t\t<a class=\"elementor-button elementor-button-link elementor-size-md\" href=\"https:\/\/atmosphere.ugr.es\/informacion\/presentacion\/instalaciones\/galeria_imagenes_equipamiento\" target=\"_blank\">\n\t\t\t\t\t\t<span class=\"elementor-button-content-wrapper\">\n\t\t\t\t\t\t<span class=\"elementor-button-text\">Image gallery<\/span>\n\t\t<\/span>\n\t\t\t\t\t<\/a>\n\t\t<\/div>\n\t\t\t\t<\/div>\n\t\t\t\t<\/div>\n\t\t\t\t<\/div>\n\t\t\t\t\t<\/div>\n\t\t\t\t<\/div>\n\t\t<div class=\"elementor-element elementor-element-ed2287b e-flex e-con-boxed wpr-particle-no wpr-jarallax-no wpr-parallax-no wpr-sticky-section-no e-con e-parent\" data-id=\"ed2287b\" data-element_type=\"container\" data-settings=\"{&quot;content_width&quot;:&quot;boxed&quot;}\" data-core-v316-plus=\"true\">\n\t\t\t\t\t<div class=\"e-con-inner\">\n\t\t<div class=\"elementor-element elementor-element-c7ff0dd e-con-full e-flex wpr-particle-no wpr-jarallax-no wpr-parallax-no wpr-sticky-section-no e-con e-child\" data-id=\"c7ff0dd\" data-element_type=\"container\" data-settings=\"{&quot;content_width&quot;:&quot;full&quot;}\">\n\t\t\t\t<div class=\"elementor-element elementor-element-77491c8 elementor-widget elementor-widget-spacer\" data-id=\"77491c8\" data-element_type=\"widget\" data-widget_type=\"spacer.default\">\n\t\t\t\t<div class=\"elementor-widget-container\">\n\t\t\t<style>\/*! elementor - v3.19.0 - 28-02-2024 *\/\n.elementor-column .elementor-spacer-inner{height:var(--spacer-size)}.e-con{--container-widget-width:100%}.e-con-inner>.elementor-widget-spacer,.e-con>.elementor-widget-spacer{width:var(--container-widget-width,var(--spacer-size));--align-self:var(--container-widget-align-self,initial);--flex-shrink:0}.e-con-inner>.elementor-widget-spacer>.elementor-widget-container,.e-con>.elementor-widget-spacer>.elementor-widget-container{height:100%;width:100%}.e-con-inner>.elementor-widget-spacer>.elementor-widget-container>.elementor-spacer,.e-con>.elementor-widget-spacer>.elementor-widget-container>.elementor-spacer{height:100%}.e-con-inner>.elementor-widget-spacer>.elementor-widget-container>.elementor-spacer>.elementor-spacer-inner,.e-con>.elementor-widget-spacer>.elementor-widget-container>.elementor-spacer>.elementor-spacer-inner{height:var(--container-widget-height,var(--spacer-size))}.e-con-inner>.elementor-widget-spacer.elementor-widget-empty,.e-con>.elementor-widget-spacer.elementor-widget-empty{position:relative;min-height:22px;min-width:22px}.e-con-inner>.elementor-widget-spacer.elementor-widget-empty .elementor-widget-empty-icon,.e-con>.elementor-widget-spacer.elementor-widget-empty .elementor-widget-empty-icon{position:absolute;top:0;bottom:0;left:0;right:0;margin:auto;padding:0;width:22px;height:22px}<\/style>\t\t<div class=\"elementor-spacer\">\n\t\t\t<div class=\"elementor-spacer-inner\"><\/div>\n\t\t<\/div>\n\t\t\t\t<\/div>\n\t\t\t\t<\/div>\n\t\t\t\t<div class=\"elementor-element elementor-element-60d17106 elementor-widget elementor-widget-text-editor\" data-id=\"60d17106\" data-element_type=\"widget\" data-widget_type=\"text-editor.default\">\n\t\t\t\t<div class=\"elementor-widget-container\">\n\t\t\t<style>\/*! elementor - v3.19.0 - 28-02-2024 *\/\n.elementor-widget-text-editor.elementor-drop-cap-view-stacked .elementor-drop-cap{background-color:#69727d;color:#fff}.elementor-widget-text-editor.elementor-drop-cap-view-framed .elementor-drop-cap{color:#69727d;border:3px solid;background-color:transparent}.elementor-widget-text-editor:not(.elementor-drop-cap-view-default) .elementor-drop-cap{margin-top:8px}.elementor-widget-text-editor:not(.elementor-drop-cap-view-default) .elementor-drop-cap-letter{width:1em;height:1em}.elementor-widget-text-editor .elementor-drop-cap{float:left;text-align:center;line-height:1;font-size:50px}.elementor-widget-text-editor .elementor-drop-cap-letter{display:inline-block}<\/style>\t\t\t\t<!-- wp:paragraph -->\n<p class=\"translation-block\">The <a href=\"https:\/\/atmosphere.ugr.es\/informacion\/presentacion\/agora\" target=\"_self\"><strong>Andalusian Global ObseRvatory of the Atmosphere (AGORA)<\/strong><\/a> is located in Southern Spain. It consists of several experimental sites that allow the coverage of different atmospheric backgrounds: urban, rural or mountain. In addition, AGORA has a laboratory for aerosol spectroscopy research. AGORA has been developed with the aim of performing multi-instrumental studies of atmospheric processes, with special focus on: (i) atmospheric aerosol and its role in climate and air quality, (ii) aerosol-cloud interaction processes, and (iii) active trace gases in the lowermost atmosphere layers.<\/p>\n<!-- \/wp:paragraph -->\t\t\t\t\t\t<\/div>\n\t\t\t\t<\/div>\n\t\t\t\t<\/div>\n\t\t<div class=\"elementor-element elementor-element-75dfa43 e-con-full e-flex wpr-particle-no wpr-jarallax-no wpr-parallax-no wpr-sticky-section-no e-con e-child\" data-id=\"75dfa43\" data-element_type=\"container\" data-settings=\"{&quot;content_width&quot;:&quot;full&quot;}\">\n\t\t\t\t<div class=\"elementor-element elementor-element-0faf8c1 elementor-widget__width-initial elementor-widget elementor-widget-image\" data-id=\"0faf8c1\" data-element_type=\"widget\" data-widget_type=\"image.default\">\n\t\t\t\t<div class=\"elementor-widget-container\">\n\t\t\t<style>\/*! elementor - v3.19.0 - 28-02-2024 *\/\n.elementor-widget-image{text-align:center}.elementor-widget-image a{display:inline-block}.elementor-widget-image a img[src$=\".svg\"]{width:48px}.elementor-widget-image img{vertical-align:middle;display:inline-block}<\/style>\t\t\t\t\t\t\t\t\t\t<img fetchpriority=\"high\" decoding=\"async\" width=\"1024\" height=\"769\" src=\"https:\/\/actris.es\/wp-content\/uploads\/2024\/04\/AGORA.-Terraza-IISTA.-Equipos-Teledeteccion-Nubes-By-Lucas-Alados-1024x769.jpg\" class=\"attachment-large size-large wp-image-2619\" alt=\"\" srcset=\"https:\/\/actris.es\/wp-content\/uploads\/2024\/04\/AGORA.-Terraza-IISTA.-Equipos-Teledeteccion-Nubes-By-Lucas-Alados-1024x769.jpg 1024w, https:\/\/actris.es\/wp-content\/uploads\/2024\/04\/AGORA.-Terraza-IISTA.-Equipos-Teledeteccion-Nubes-By-Lucas-Alados-300x225.jpg 300w, https:\/\/actris.es\/wp-content\/uploads\/2024\/04\/AGORA.-Terraza-IISTA.-Equipos-Teledeteccion-Nubes-By-Lucas-Alados-768x577.jpg 768w, https:\/\/actris.es\/wp-content\/uploads\/2024\/04\/AGORA.-Terraza-IISTA.-Equipos-Teledeteccion-Nubes-By-Lucas-Alados-1536x1153.jpg 1536w, https:\/\/actris.es\/wp-content\/uploads\/2024\/04\/AGORA.-Terraza-IISTA.-Equipos-Teledeteccion-Nubes-By-Lucas-Alados-2048x1538.jpg 2048w, https:\/\/actris.es\/wp-content\/uploads\/2024\/04\/AGORA.-Terraza-IISTA.-Equipos-Teledeteccion-Nubes-By-Lucas-Alados-16x12.jpg 16w\" sizes=\"(max-width: 1024px) 100vw, 1024px\" \/>\t\t\t\t\t\t\t\t\t\t\t\t\t<\/div>\n\t\t\t\t<\/div>\n\t\t\t\t<\/div>\n\t\t\t\t\t<\/div>\n\t\t\t\t<\/div>\n\t\t<div class=\"elementor-element elementor-element-2b7aaf0 e-con-full e-flex wpr-particle-no wpr-jarallax-no wpr-parallax-no wpr-sticky-section-no e-con e-parent\" data-id=\"2b7aaf0\" data-element_type=\"container\" data-settings=\"{&quot;content_width&quot;:&quot;full&quot;}\" data-core-v316-plus=\"true\">\n\t\t\t\t<div class=\"elementor-element elementor-element-04c4d93 elementor-widget elementor-widget-text-editor\" data-id=\"04c4d93\" data-element_type=\"widget\" data-widget_type=\"text-editor.default\">\n\t\t\t\t<div class=\"elementor-widget-container\">\n\t\t\t\t\t\t\t<p>\u00c1GORA combines a wide variety of measurement techniques, ranging from remote active and passive ground-based sounding to in-situ techniques. \u00c1GORA is deployed in several facilities, located in urban, rural and mountainous environments, plus an aerosol spectroscopy laboratory. Located in the southernmost part of Europe, it offers a unique opportunity to study Saharan dust on its way to mix with polluted air from regions of Europe, as well as the contribution of anthropogenic and biogenic aerosol generated in the city of Granada. The different altitudes of the \u00c1GORA facilities allow the validation study of vertical aerosol profiles and cloud properties, as well as the study of the interaction of the planetary boundary layer (ABL) and the free troposphere. \u00c1GORA operates within the ERIC (European Research Infrastructure Consortia) networks of the ESFRI (European Strategy Forum on Research Infrastructures) program, such as ACTRIS (Aerosol, Clouds and Trace Gases Research Infrastructure), ICOS (Integrated Carbon Observation System) or LifeWatch. As part of ERIC, \u00c1GORA participates in the principles of open access and offers services to the national and international scientific community through monitoring protocols and researcher access to equipment. An example of an access program of which \u00c1GORA is part is the European H2020 project ATMO-ACCESS, which explores the development of sustainable solutions for the provision of access to atmospheric research infrastructures as an alternative to traditional physical (face-to-face) access. One of the singularities of \u00c1GORA is that it is organized in several sites and covers a wide variety of atmospheric observation techniques, making it a unique facility within the ACTRIS ERIC network.<\/p>\t\t\t\t\t\t<\/div>\n\t\t\t\t<\/div>\n\t\t\t\t<\/div>\n\t\t\t\t<\/div>","protected":false},"excerpt":{"rendered":"<p>AGORA Equipamiento Galer\u00eda de im\u00e1genes de equipamiento El Observatorio Global de la Atm\u00f3sfera de Andaluc\u00eda (\u00c1GORA) es una infraestructura desarrollada para el estudio multi-instrumental de procesos atmosf\u00e9ricos, con especial foco en (i) aerosol atmosf\u00e9rico y su papel en el clima y la calidad del aire, (ii) procesos de interacci\u00f3n aerosol-nube y (iii) los llamados gases traza activos en las capas bajas de la atm\u00f3sfera. Se trata de un conjunto de instalaciones singulares, distribuidas entre las estaciones ubicadas en el Instituto Interuniversitario de Investigaci\u00f3n del Sistema Tierra en Andaluc\u00eda, IISTA, y el observatorio de Sierra Nevada, en las que se dispone del equipamiento necesario para investigaciones punteras en el \u00e1mbito atmosf\u00e9rico con una clara vocaci\u00f3n multidisciplinar. \u00c1GORA combina una gran variedad de t\u00e9cnicas de medida, que cubre desde el sondeo remoto activo y pasivo desde tierra hasta t\u00e9cnicas in-situ. \u00c1GORA se despliega en varias instalaciones, situadas en entornos urbanos, rurales y monta\u00f1osos, adem\u00e1s de un laboratorio de espectroscop\u00eda de aerosol. Ubicada en la parte m\u00e1s meridional de Europa, ofrece una oportunidad \u00fanica de estudiar el polvo sahariano en su camino hacia su mezcla con el aire contaminado de regiones de Europa, as\u00ed como la contribuci\u00f3n del aerosol antropog\u00e9nico y biog\u00e9nico generado en la ciudad de Granada. Las diferentes altitudes de las instalaciones de \u00c1GORA permiten el estudio de validaci\u00f3n de perfiles verticales de aerosol y de propiedades de nubes, as\u00ed como el estudio de interacci\u00f3n de la capa l\u00edmite planetaria (ABL) y la troposfera libre. \u00c1GORA opera dentro de las redes ERIC (European Research Infrastructure Consortia) del programa ESFRI (European Strategy Forum on Research Infrastructures), como son ACTRIS (Aerosol, Clouds and Trace Gases Research Infrastructure), ICOS (Integrated Carbon Observation System) o LifeWatch. Como parte de ERIC, \u00c1GORA participa de los principios del acceso abierto y ofrece servicios a la comunidad cient\u00edfica, nacional e internacional, mediante protocolos de monitorizaci\u00f3n y accesos de investigadores al equipamiento. Un ejemplo de programa de acceso del que \u00c1GORA forma parte es el proyecto europeo H2020 ATMO-ACCESS, en el que se explora el desarrollo de soluciones sostenibles para la provisi\u00f3n de acceso a infraestructuras de investigaci\u00f3n atmosf\u00e9rica alternativas a los tradicionales accesos f\u00edsicos (presenciales). Una de las singularidades de \u00c1GORA consiste en que est\u00e1 organizado en varios emplazamientos y cubre una amplia variedad de t\u00e9cnicas de observaci\u00f3n atmosf\u00e9rica, que la convierten en una instalaci\u00f3n singular dentro de la red ACTRIS ERIC.<\/p>","protected":false},"author":1,"featured_media":0,"parent":0,"menu_order":0,"comment_status":"closed","ping_status":"closed","template":"","meta":{"neve_meta_sidebar":"","neve_meta_container":"","neve_meta_enable_content_width":"","neve_meta_content_width":0,"neve_meta_title_alignment":"","neve_meta_author_avatar":"","neve_post_elements_order":"","neve_meta_disable_header":"","neve_meta_disable_footer":"","neve_meta_disable_title":"","neve_meta_reading_time":"","footnotes":""},"class_list":["post-2611","page","type-page","status-publish","hentry"],"publishpress_future_action":{"enabled":false,"date":"2026-04-20 02:29:38","action":"change-status","newStatus":"draft","terms":[],"taxonomy":""},"publishpress_future_workflow_manual_trigger":{"enabledWorkflows":[]},"_links":{"self":[{"href":"https:\/\/actris.es\/en\/wp-json\/wp\/v2\/pages\/2611","targetHints":{"allow":["GET"]}}],"collection":[{"href":"https:\/\/actris.es\/en\/wp-json\/wp\/v2\/pages"}],"about":[{"href":"https:\/\/actris.es\/en\/wp-json\/wp\/v2\/types\/page"}],"author":[{"embeddable":true,"href":"https:\/\/actris.es\/en\/wp-json\/wp\/v2\/users\/1"}],"replies":[{"embeddable":true,"href":"https:\/\/actris.es\/en\/wp-json\/wp\/v2\/comments?post=2611"}],"version-history":[{"count":28,"href":"https:\/\/actris.es\/en\/wp-json\/wp\/v2\/pages\/2611\/revisions"}],"predecessor-version":[{"id":4374,"href":"https:\/\/actris.es\/en\/wp-json\/wp\/v2\/pages\/2611\/revisions\/4374"}],"wp:attachment":[{"href":"https:\/\/actris.es\/en\/wp-json\/wp\/v2\/media?parent=2611"}],"curies":[{"name":"wp","href":"https:\/\/api.w.org\/{rel}","templated":true}]}}