{"id":2822,"date":"2024-04-24T09:45:51","date_gmt":"2024-04-24T07:45:51","guid":{"rendered":"https:\/\/iista.ugr.es\/actris\/?page_id=2822"},"modified":"2024-07-18T12:50:08","modified_gmt":"2024-07-18T10:50:08","slug":"organismos","status":"publish","type":"page","link":"https:\/\/actris.es\/en\/organismos\/","title":{"rendered":"Organizations"},"content":{"rendered":"<div data-elementor-type=\"wp-page\" data-elementor-id=\"2822\" class=\"elementor elementor-2822\">\n\t\t\t\t<div class=\"elementor-element elementor-element-560e7dee e-flex e-con-boxed wpr-particle-no wpr-jarallax-no wpr-parallax-no wpr-sticky-section-no e-con e-parent\" data-id=\"560e7dee\" data-element_type=\"container\" data-settings=\"{&quot;content_width&quot;:&quot;boxed&quot;}\" data-core-v316-plus=\"true\">\n\t\t\t\t\t<div class=\"e-con-inner\">\n\t\t\t\t<div class=\"elementor-element elementor-element-47208502 elementor-widget elementor-widget-text-editor\" data-id=\"47208502\" data-element_type=\"widget\" data-widget_type=\"text-editor.default\">\n\t\t\t\t<div class=\"elementor-widget-container\">\n\t\t\t<style>\/*! elementor - v3.19.0 - 28-02-2024 *\/\n.elementor-widget-text-editor.elementor-drop-cap-view-stacked .elementor-drop-cap{background-color:#69727d;color:#fff}.elementor-widget-text-editor.elementor-drop-cap-view-framed .elementor-drop-cap{color:#69727d;border:3px solid;background-color:transparent}.elementor-widget-text-editor:not(.elementor-drop-cap-view-default) .elementor-drop-cap{margin-top:8px}.elementor-widget-text-editor:not(.elementor-drop-cap-view-default) .elementor-drop-cap-letter{width:1em;height:1em}.elementor-widget-text-editor .elementor-drop-cap{float:left;text-align:center;line-height:1;font-size:50px}.elementor-widget-text-editor .elementor-drop-cap-letter{display:inline-block}<\/style>\t\t\t\t<p><!-- wp:paragraph --><\/p>\n<p><strong><a href=\"https:\/\/actris.es\/en\/\">ACTRIS Spain<\/a><\/strong> is made up of 11 Spanish organizations supported by the <strong>Ministry of Science, Innovation and Universities<\/strong> and grouped in a Joint Research Unit:<\/p>\n<p><!-- \/wp:paragraph --><!-- wp:table --><!-- \/wp:table --><\/p>\t\t\t\t\t\t<\/div>\n\t\t\t\t<\/div>\n\t\t\t\t\t<\/div>\n\t\t\t\t<\/div>\n\t\t<div class=\"elementor-element elementor-element-c66e99c e-flex e-con-boxed wpr-particle-no wpr-jarallax-no wpr-parallax-no wpr-sticky-section-no e-con e-parent\" data-id=\"c66e99c\" data-element_type=\"container\" data-settings=\"{&quot;content_width&quot;:&quot;boxed&quot;}\" data-core-v316-plus=\"true\">\n\t\t\t\t\t<div class=\"e-con-inner\">\n\t\t<div class=\"elementor-element elementor-element-39143ad e-con-full e-flex wpr-particle-no wpr-jarallax-no wpr-parallax-no wpr-sticky-section-no e-con e-child\" data-id=\"39143ad\" data-element_type=\"container\" data-settings=\"{&quot;content_width&quot;:&quot;full&quot;}\">\n\t\t\t\t<div class=\"elementor-element elementor-element-f8d8e8d elementor-widget__width-initial elementor-widget elementor-widget-image\" data-id=\"f8d8e8d\" data-element_type=\"widget\" data-widget_type=\"image.default\">\n\t\t\t\t<div class=\"elementor-widget-container\">\n\t\t\t<style>\/*! elementor - v3.19.0 - 28-02-2024 *\/\n.elementor-widget-image{text-align:center}.elementor-widget-image a{display:inline-block}.elementor-widget-image a img[src$=\".svg\"]{width:48px}.elementor-widget-image img{vertical-align:middle;display:inline-block}<\/style>\t\t\t\t\t\t\t\t\t\t\t<a href=\"https:\/\/www.aemet.es\/es\/portada\">\n\t\t\t\t\t\t\t<img fetchpriority=\"high\" decoding=\"async\" width=\"1024\" height=\"456\" src=\"https:\/\/actris.es\/wp-content\/uploads\/2024\/02\/logotipo_pantone_AEMET_V3-1024x456.jpg\" class=\"attachment-large size-large wp-image-144\" alt=\"\" srcset=\"https:\/\/actris.es\/wp-content\/uploads\/2024\/02\/logotipo_pantone_AEMET_V3-1024x456.jpg 1024w, https:\/\/actris.es\/wp-content\/uploads\/2024\/02\/logotipo_pantone_AEMET_V3-300x133.jpg 300w, https:\/\/actris.es\/wp-content\/uploads\/2024\/02\/logotipo_pantone_AEMET_V3-768x342.jpg 768w, https:\/\/actris.es\/wp-content\/uploads\/2024\/02\/logotipo_pantone_AEMET_V3-1536x683.jpg 1536w, https:\/\/actris.es\/wp-content\/uploads\/2024\/02\/logotipo_pantone_AEMET_V3-2048x911.jpg 2048w\" sizes=\"(max-width: 1024px) 100vw, 1024px\" \/>\t\t\t\t\t\t\t\t<\/a>\n\t\t\t\t\t\t\t\t\t\t\t\t\t<\/div>\n\t\t\t\t<\/div>\n\t\t\t\t<\/div>\n\t\t<div class=\"elementor-element elementor-element-3745ea0 e-con-full e-flex wpr-particle-no wpr-jarallax-no wpr-parallax-no wpr-sticky-section-no e-con e-child\" data-id=\"3745ea0\" data-element_type=\"container\" data-settings=\"{&quot;content_width&quot;:&quot;full&quot;}\">\n\t\t\t\t<div class=\"elementor-element elementor-element-3668007 elementor-widget elementor-widget-image\" data-id=\"3668007\" data-element_type=\"widget\" data-widget_type=\"image.default\">\n\t\t\t\t<div class=\"elementor-widget-container\">\n\t\t\t\t\t\t\t\t\t\t\t\t\t\t<a href=\"https:\/\/www.bsc.es\/\">\n\t\t\t\t\t\t\t<img decoding=\"async\" width=\"1024\" height=\"275\" src=\"https:\/\/actris.es\/wp-content\/uploads\/2024\/02\/BSC-logo-1-1024x275.jpg\" class=\"attachment-large size-large wp-image-145\" alt=\"\" srcset=\"https:\/\/actris.es\/wp-content\/uploads\/2024\/02\/BSC-logo-1-1024x275.jpg 1024w, https:\/\/actris.es\/wp-content\/uploads\/2024\/02\/BSC-logo-1-300x81.jpg 300w, https:\/\/actris.es\/wp-content\/uploads\/2024\/02\/BSC-logo-1-768x206.jpg 768w, https:\/\/actris.es\/wp-content\/uploads\/2024\/02\/BSC-logo-1-1536x412.jpg 1536w, https:\/\/actris.es\/wp-content\/uploads\/2024\/02\/BSC-logo-1-2048x550.jpg 2048w\" sizes=\"(max-width: 1024px) 100vw, 1024px\" \/>\t\t\t\t\t\t\t\t<\/a>\n\t\t\t\t\t\t\t\t\t\t\t\t\t<\/div>\n\t\t\t\t<\/div>\n\t\t\t\t<\/div>\n\t\t<div class=\"elementor-element elementor-element-6f3f85b e-con-full e-flex wpr-particle-no wpr-jarallax-no wpr-parallax-no wpr-sticky-section-no e-con e-child\" data-id=\"6f3f85b\" data-element_type=\"container\" data-settings=\"{&quot;content_width&quot;:&quot;full&quot;}\">\n\t\t\t\t<div class=\"elementor-element elementor-element-23f3d4e elementor-widget__width-initial elementor-widget elementor-widget-image\" data-id=\"23f3d4e\" data-element_type=\"widget\" data-widget_type=\"image.default\">\n\t\t\t\t<div class=\"elementor-widget-container\">\n\t\t\t\t\t\t\t\t\t\t\t\t\t\t<a href=\"https:\/\/www.ciemat.es\/\">\n\t\t\t\t\t\t\t<img decoding=\"async\" width=\"630\" height=\"320\" src=\"https:\/\/actris.es\/wp-content\/uploads\/2024\/03\/Logotipo_del_CIEMAT.jpg\" class=\"attachment-large size-large wp-image-1182\" alt=\"\" srcset=\"https:\/\/actris.es\/wp-content\/uploads\/2024\/03\/Logotipo_del_CIEMAT.jpg 630w, https:\/\/actris.es\/wp-content\/uploads\/2024\/03\/Logotipo_del_CIEMAT-300x152.jpg 300w\" sizes=\"(max-width: 630px) 100vw, 630px\" \/>\t\t\t\t\t\t\t\t<\/a>\n\t\t\t\t\t\t\t\t\t\t\t\t\t<\/div>\n\t\t\t\t<\/div>\n\t\t\t\t<\/div>\n\t\t<div class=\"elementor-element elementor-element-c67eb52 e-con-full e-flex wpr-particle-no wpr-jarallax-no wpr-parallax-no wpr-sticky-section-no e-con e-child\" data-id=\"c67eb52\" data-element_type=\"container\" data-settings=\"{&quot;content_width&quot;:&quot;full&quot;}\">\n\t\t\t\t<div class=\"elementor-element elementor-element-df82316 elementor-widget__width-initial elementor-widget elementor-widget-image\" data-id=\"df82316\" data-element_type=\"widget\" data-widget_type=\"image.default\">\n\t\t\t\t<div class=\"elementor-widget-container\">\n\t\t\t\t\t\t\t\t\t\t\t\t\t\t<a href=\"https:\/\/www.idaea.csic.es\/\">\n\t\t\t\t\t\t\t<img loading=\"lazy\" decoding=\"async\" width=\"225\" height=\"225\" src=\"https:\/\/actris.es\/wp-content\/uploads\/2024\/03\/descarga.png\" class=\"attachment-large size-large wp-image-1196\" alt=\"\" srcset=\"https:\/\/actris.es\/wp-content\/uploads\/2024\/03\/descarga.png 225w, https:\/\/actris.es\/wp-content\/uploads\/2024\/03\/descarga-150x150.png 150w\" sizes=\"(max-width: 225px) 100vw, 225px\" \/>\t\t\t\t\t\t\t\t<\/a>\n\t\t\t\t\t\t\t\t\t\t\t\t\t<\/div>\n\t\t\t\t<\/div>\n\t\t\t\t<\/div>\n\t\t<div class=\"elementor-element elementor-element-ad6fb3e e-con-full e-flex wpr-particle-no wpr-jarallax-no wpr-parallax-no wpr-sticky-section-no e-con e-child\" data-id=\"ad6fb3e\" data-element_type=\"container\" data-settings=\"{&quot;content_width&quot;:&quot;full&quot;}\">\n\t\t\t\t<div class=\"elementor-element elementor-element-8d23eb1 elementor-widget__width-initial elementor-widget elementor-widget-image\" data-id=\"8d23eb1\" data-element_type=\"widget\" data-widget_type=\"image.default\">\n\t\t\t\t<div class=\"elementor-widget-container\">\n\t\t\t\t\t\t\t\t\t\t\t\t\t\t<a href=\"https:\/\/www.inta.es\/\">\n\t\t\t\t\t\t\t<img loading=\"lazy\" decoding=\"async\" width=\"472\" height=\"472\" src=\"https:\/\/actris.es\/wp-content\/uploads\/2024\/04\/INTA-solo.png\" class=\"attachment-large size-large wp-image-2826\" alt=\"\" srcset=\"https:\/\/actris.es\/wp-content\/uploads\/2024\/04\/INTA-solo.png 472w, https:\/\/actris.es\/wp-content\/uploads\/2024\/04\/INTA-solo-300x300.png 300w, https:\/\/actris.es\/wp-content\/uploads\/2024\/04\/INTA-solo-150x150.png 150w, https:\/\/actris.es\/wp-content\/uploads\/2024\/04\/INTA-solo-12x12.png 12w\" sizes=\"(max-width: 472px) 100vw, 472px\" \/>\t\t\t\t\t\t\t\t<\/a>\n\t\t\t\t\t\t\t\t\t\t\t\t\t<\/div>\n\t\t\t\t<\/div>\n\t\t\t\t<\/div>\n\t\t<div class=\"elementor-element elementor-element-1db3b38 e-con-full e-flex wpr-particle-no wpr-jarallax-no wpr-parallax-no wpr-sticky-section-no e-con e-child\" data-id=\"1db3b38\" data-element_type=\"container\" data-settings=\"{&quot;content_width&quot;:&quot;full&quot;}\">\n\t\t\t\t<div class=\"elementor-element elementor-element-1dde592 elementor-widget elementor-widget-spacer\" data-id=\"1dde592\" data-element_type=\"widget\" data-widget_type=\"spacer.default\">\n\t\t\t\t<div class=\"elementor-widget-container\">\n\t\t\t<style>\/*! elementor - v3.19.0 - 28-02-2024 *\/\n.elementor-column .elementor-spacer-inner{height:var(--spacer-size)}.e-con{--container-widget-width:100%}.e-con-inner>.elementor-widget-spacer,.e-con>.elementor-widget-spacer{width:var(--container-widget-width,var(--spacer-size));--align-self:var(--container-widget-align-self,initial);--flex-shrink:0}.e-con-inner>.elementor-widget-spacer>.elementor-widget-container,.e-con>.elementor-widget-spacer>.elementor-widget-container{height:100%;width:100%}.e-con-inner>.elementor-widget-spacer>.elementor-widget-container>.elementor-spacer,.e-con>.elementor-widget-spacer>.elementor-widget-container>.elementor-spacer{height:100%}.e-con-inner>.elementor-widget-spacer>.elementor-widget-container>.elementor-spacer>.elementor-spacer-inner,.e-con>.elementor-widget-spacer>.elementor-widget-container>.elementor-spacer>.elementor-spacer-inner{height:var(--container-widget-height,var(--spacer-size))}.e-con-inner>.elementor-widget-spacer.elementor-widget-empty,.e-con>.elementor-widget-spacer.elementor-widget-empty{position:relative;min-height:22px;min-width:22px}.e-con-inner>.elementor-widget-spacer.elementor-widget-empty .elementor-widget-empty-icon,.e-con>.elementor-widget-spacer.elementor-widget-empty .elementor-widget-empty-icon{position:absolute;top:0;bottom:0;left:0;right:0;margin:auto;padding:0;width:22px;height:22px}<\/style>\t\t<div class=\"elementor-spacer\">\n\t\t\t<div class=\"elementor-spacer-inner\"><\/div>\n\t\t<\/div>\n\t\t\t\t<\/div>\n\t\t\t\t<\/div>\n\t\t\t\t<div class=\"elementor-element elementor-element-ea5d407 elementor-widget elementor-widget-image\" data-id=\"ea5d407\" data-element_type=\"widget\" data-widget_type=\"image.default\">\n\t\t\t\t<div class=\"elementor-widget-container\">\n\t\t\t\t\t\t\t\t\t\t\t\t\t\t<a href=\"https:\/\/www.ugr.es\/\">\n\t\t\t\t\t\t\t<img loading=\"lazy\" decoding=\"async\" width=\"1024\" height=\"349\" src=\"https:\/\/actris.es\/wp-content\/uploads\/2024\/04\/UGR-MARCA-02-color-1024x349.jpg\" class=\"attachment-large size-large wp-image-2825\" alt=\"\" srcset=\"https:\/\/actris.es\/wp-content\/uploads\/2024\/04\/UGR-MARCA-02-color-1024x349.jpg 1024w, https:\/\/actris.es\/wp-content\/uploads\/2024\/04\/UGR-MARCA-02-color-300x102.jpg 300w, https:\/\/actris.es\/wp-content\/uploads\/2024\/04\/UGR-MARCA-02-color-768x261.jpg 768w, https:\/\/actris.es\/wp-content\/uploads\/2024\/04\/UGR-MARCA-02-color-1536x523.jpg 1536w, https:\/\/actris.es\/wp-content\/uploads\/2024\/04\/UGR-MARCA-02-color-2048x697.jpg 2048w, https:\/\/actris.es\/wp-content\/uploads\/2024\/04\/UGR-MARCA-02-color-18x6.jpg 18w\" sizes=\"(max-width: 1024px) 100vw, 1024px\" \/>\t\t\t\t\t\t\t\t<\/a>\n\t\t\t\t\t\t\t\t\t\t\t\t\t<\/div>\n\t\t\t\t<\/div>\n\t\t\t\t<\/div>\n\t\t\t\t\t<\/div>\n\t\t\t\t<\/div>\n\t\t<div class=\"elementor-element elementor-element-c1e7a08 e-flex e-con-boxed wpr-particle-no wpr-jarallax-no wpr-parallax-no wpr-sticky-section-no e-con e-parent\" data-id=\"c1e7a08\" data-element_type=\"container\" data-settings=\"{&quot;content_width&quot;:&quot;boxed&quot;}\" data-core-v316-plus=\"true\">\n\t\t\t\t\t<div class=\"e-con-inner\">\n\t\t<div class=\"elementor-element elementor-element-361afed e-con-full e-flex wpr-particle-no wpr-jarallax-no wpr-parallax-no wpr-sticky-section-no e-con e-child\" data-id=\"361afed\" data-element_type=\"container\" data-settings=\"{&quot;content_width&quot;:&quot;full&quot;}\">\n\t\t\t\t<div class=\"elementor-element elementor-element-8785d57 elementor-widget__width-initial elementor-widget elementor-widget-image\" data-id=\"8785d57\" data-element_type=\"widget\" data-widget_type=\"image.default\">\n\t\t\t\t<div class=\"elementor-widget-container\">\n\t\t\t\t\t\t\t\t\t\t\t\t\t\t<a href=\"https:\/\/ors.upc.edu\/\" target=\"_blank\">\n\t\t\t\t\t\t\t<img loading=\"lazy\" decoding=\"async\" width=\"1024\" height=\"1024\" src=\"https:\/\/actris.es\/wp-content\/uploads\/2024\/03\/Logo_UPC.svg_-1024x1024.png\" class=\"attachment-large size-large wp-image-1470\" alt=\"\" srcset=\"https:\/\/actris.es\/wp-content\/uploads\/2024\/03\/Logo_UPC.svg_-1024x1024.png 1024w, https:\/\/actris.es\/wp-content\/uploads\/2024\/03\/Logo_UPC.svg_-300x300.png 300w, https:\/\/actris.es\/wp-content\/uploads\/2024\/03\/Logo_UPC.svg_-150x150.png 150w, https:\/\/actris.es\/wp-content\/uploads\/2024\/03\/Logo_UPC.svg_-768x768.png 768w, https:\/\/actris.es\/wp-content\/uploads\/2024\/03\/Logo_UPC.svg_.png 1200w\" sizes=\"(max-width: 1024px) 100vw, 1024px\" \/>\t\t\t\t\t\t\t\t<\/a>\n\t\t\t\t\t\t\t\t\t\t\t\t\t<\/div>\n\t\t\t\t<\/div>\n\t\t\t\t<\/div>\n\t\t<div class=\"elementor-element elementor-element-300bd0b e-con-full e-flex wpr-particle-no wpr-jarallax-no wpr-parallax-no wpr-sticky-section-no e-con e-child\" data-id=\"300bd0b\" data-element_type=\"container\" data-settings=\"{&quot;content_width&quot;:&quot;full&quot;}\">\n\t\t\t\t<div class=\"elementor-element elementor-element-45186e7 elementor-widget__width-initial elementor-widget elementor-widget-image\" data-id=\"45186e7\" data-element_type=\"widget\" data-widget_type=\"image.default\">\n\t\t\t\t<div class=\"elementor-widget-container\">\n\t\t\t\t\t\t\t\t\t\t\t\t\t\t<a href=\"https:\/\/uva.es\/\" target=\"_blank\">\n\t\t\t\t\t\t\t<img loading=\"lazy\" decoding=\"async\" width=\"842\" height=\"596\" src=\"https:\/\/actris.es\/wp-content\/uploads\/2024\/04\/UNIVERSIDAD-VALLADOLID-logo-12-1.jpg\" class=\"attachment-large size-large wp-image-2770\" alt=\"\" srcset=\"https:\/\/actris.es\/wp-content\/uploads\/2024\/04\/UNIVERSIDAD-VALLADOLID-logo-12-1.jpg 842w, https:\/\/actris.es\/wp-content\/uploads\/2024\/04\/UNIVERSIDAD-VALLADOLID-logo-12-1-300x212.jpg 300w, https:\/\/actris.es\/wp-content\/uploads\/2024\/04\/UNIVERSIDAD-VALLADOLID-logo-12-1-768x544.jpg 768w, https:\/\/actris.es\/wp-content\/uploads\/2024\/04\/UNIVERSIDAD-VALLADOLID-logo-12-1-18x12.jpg 18w\" sizes=\"(max-width: 842px) 100vw, 842px\" \/>\t\t\t\t\t\t\t\t<\/a>\n\t\t\t\t\t\t\t\t\t\t\t\t\t<\/div>\n\t\t\t\t<\/div>\n\t\t\t\t<\/div>\n\t\t<div class=\"elementor-element elementor-element-7a867d8 e-con-full e-flex wpr-particle-no wpr-jarallax-no wpr-parallax-no wpr-sticky-section-no e-con e-child\" data-id=\"7a867d8\" data-element_type=\"container\" data-settings=\"{&quot;content_width&quot;:&quot;full&quot;}\">\n\t\t\t\t<div class=\"elementor-element elementor-element-817b87b elementor-widget__width-initial elementor-widget elementor-widget-image\" data-id=\"817b87b\" data-element_type=\"widget\" data-widget_type=\"image.default\">\n\t\t\t\t<div class=\"elementor-widget-container\">\n\t\t\t\t\t\t\t\t\t\t\t\t\t\t<a href=\"https:\/\/www.ceam.es\/es\/\" target=\"_blank\">\n\t\t\t\t\t\t\t<img loading=\"lazy\" decoding=\"async\" width=\"830\" height=\"791\" src=\"https:\/\/actris.es\/wp-content\/uploads\/2024\/02\/LogoCEAM.jpg\" class=\"attachment-large size-large wp-image-153\" alt=\"\" srcset=\"https:\/\/actris.es\/wp-content\/uploads\/2024\/02\/LogoCEAM.jpg 830w, https:\/\/actris.es\/wp-content\/uploads\/2024\/02\/LogoCEAM-300x286.jpg 300w, https:\/\/actris.es\/wp-content\/uploads\/2024\/02\/LogoCEAM-768x732.jpg 768w\" sizes=\"(max-width: 830px) 100vw, 830px\" \/>\t\t\t\t\t\t\t\t<\/a>\n\t\t\t\t\t\t\t\t\t\t\t\t\t<\/div>\n\t\t\t\t<\/div>\n\t\t\t\t<\/div>\n\t\t<div class=\"elementor-element elementor-element-eb34b63 e-con-full e-flex wpr-particle-no wpr-jarallax-no wpr-parallax-no wpr-sticky-section-no e-con e-child\" data-id=\"eb34b63\" data-element_type=\"container\" data-settings=\"{&quot;content_width&quot;:&quot;full&quot;}\">\n\t\t\t\t<div class=\"elementor-element elementor-element-fea7f99 elementor-widget__width-initial elementor-widget elementor-widget-image\" data-id=\"fea7f99\" data-element_type=\"widget\" data-widget_type=\"image.default\">\n\t\t\t\t<div class=\"elementor-widget-container\">\n\t\t\t\t\t\t\t\t\t\t\t\t\t\t<a href=\"https:\/\/umh.es\/\" target=\"_blank\">\n\t\t\t\t\t\t\t<img loading=\"lazy\" decoding=\"async\" width=\"877\" height=\"1024\" src=\"https:\/\/actris.es\/wp-content\/uploads\/2024\/02\/LOGONUEVO-ART-SEC-WEB-FONDO-BLANCO-877x1024.jpg\" class=\"attachment-large size-large wp-image-154\" alt=\"\" srcset=\"https:\/\/actris.es\/wp-content\/uploads\/2024\/02\/LOGONUEVO-ART-SEC-WEB-FONDO-BLANCO-877x1024.jpg 877w, https:\/\/actris.es\/wp-content\/uploads\/2024\/02\/LOGONUEVO-ART-SEC-WEB-FONDO-BLANCO-257x300.jpg 257w, https:\/\/actris.es\/wp-content\/uploads\/2024\/02\/LOGONUEVO-ART-SEC-WEB-FONDO-BLANCO-768x897.jpg 768w, https:\/\/actris.es\/wp-content\/uploads\/2024\/02\/LOGONUEVO-ART-SEC-WEB-FONDO-BLANCO.jpg 1122w\" sizes=\"(max-width: 877px) 100vw, 877px\" \/>\t\t\t\t\t\t\t\t<\/a>\n\t\t\t\t\t\t\t\t\t\t\t\t\t<\/div>\n\t\t\t\t<\/div>\n\t\t\t\t<\/div>\n\t\t<div class=\"elementor-element elementor-element-cd2cc0f e-con-full e-flex wpr-particle-no wpr-jarallax-no wpr-parallax-no wpr-sticky-section-no e-con e-child\" data-id=\"cd2cc0f\" data-element_type=\"container\" data-settings=\"{&quot;content_width&quot;:&quot;full&quot;}\">\n\t\t\t\t<div class=\"elementor-element elementor-element-5ebbcea elementor-widget__width-initial elementor-widget elementor-widget-image\" data-id=\"5ebbcea\" data-element_type=\"widget\" data-widget_type=\"image.default\">\n\t\t\t\t<div class=\"elementor-widget-container\">\n\t\t\t\t\t\t\t\t\t\t\t\t\t\t<a href=\"https:\/\/www.uv.es\/\">\n\t\t\t\t\t\t\t<img loading=\"lazy\" decoding=\"async\" width=\"400\" height=\"400\" src=\"https:\/\/actris.es\/wp-content\/uploads\/2024\/03\/logo_uv.jpg\" class=\"attachment-large size-large wp-image-1449\" alt=\"\" srcset=\"https:\/\/actris.es\/wp-content\/uploads\/2024\/03\/logo_uv.jpg 400w, https:\/\/actris.es\/wp-content\/uploads\/2024\/03\/logo_uv-300x300.jpg 300w, https:\/\/actris.es\/wp-content\/uploads\/2024\/03\/logo_uv-150x150.jpg 150w\" sizes=\"(max-width: 400px) 100vw, 400px\" \/>\t\t\t\t\t\t\t\t<\/a>\n\t\t\t\t\t\t\t\t\t\t\t\t\t<\/div>\n\t\t\t\t<\/div>\n\t\t\t\t<\/div>\n\t\t<div class=\"elementor-element elementor-element-cea8d15 e-con-full e-flex wpr-particle-no wpr-jarallax-no wpr-parallax-no wpr-sticky-section-no e-con e-child\" data-id=\"cea8d15\" data-element_type=\"container\" data-settings=\"{&quot;content_width&quot;:&quot;full&quot;}\">\n\t\t\t\t<\/div>\n\t\t\t\t\t<\/div>\n\t\t\t\t<\/div>\n\t\t<div class=\"elementor-element elementor-element-57de704 e-flex e-con-boxed wpr-particle-no wpr-jarallax-no wpr-parallax-no wpr-sticky-section-no e-con e-parent\" data-id=\"57de704\" data-element_type=\"container\" data-settings=\"{&quot;content_width&quot;:&quot;boxed&quot;}\" data-core-v316-plus=\"true\">\n\t\t\t\t\t<div class=\"e-con-inner\">\n\t\t\t\t<div class=\"elementor-element elementor-element-515723f elementor-widget elementor-widget-spacer\" data-id=\"515723f\" data-element_type=\"widget\" data-widget_type=\"spacer.default\">\n\t\t\t\t<div class=\"elementor-widget-container\">\n\t\t\t\t\t<div class=\"elementor-spacer\">\n\t\t\t<div class=\"elementor-spacer-inner\"><\/div>\n\t\t<\/div>\n\t\t\t\t<\/div>\n\t\t\t\t<\/div>\n\t\t\t\t\t<\/div>\n\t\t\t\t<\/div>\n\t\t\t\t<\/div>","protected":false},"excerpt":{"rendered":"<p>ACTRIS Espa\u00f1a est\u00e1 formado por 11 organismos espa\u00f1oles apoyados por el Ministerio de Ciencia, Innovaci\u00f3n y Universidades y agrupados en una Unidad Mixta de Investigaci\u00f3n (Joint Research Unit):<\/p>","protected":false},"author":1,"featured_media":0,"parent":0,"menu_order":0,"comment_status":"closed","ping_status":"closed","template":"","meta":{"neve_meta_sidebar":"","neve_meta_container":"","neve_meta_enable_content_width":"","neve_meta_content_width":0,"neve_meta_title_alignment":"","neve_meta_author_avatar":"","neve_post_elements_order":"","neve_meta_disable_header":"","neve_meta_disable_footer":"","neve_meta_disable_title":"","neve_meta_reading_time":"","footnotes":""},"class_list":["post-2822","page","type-page","status-publish","hentry"],"publishpress_future_action":{"enabled":false,"date":"2026-04-26 10:20:51","action":"change-status","newStatus":"draft","terms":[],"taxonomy":""},"publishpress_future_workflow_manual_trigger":{"enabledWorkflows":[]},"_links":{"self":[{"href":"https:\/\/actris.es\/en\/wp-json\/wp\/v2\/pages\/2822","targetHints":{"allow":["GET"]}}],"collection":[{"href":"https:\/\/actris.es\/en\/wp-json\/wp\/v2\/pages"}],"about":[{"href":"https:\/\/actris.es\/en\/wp-json\/wp\/v2\/types\/page"}],"author":[{"embeddable":true,"href":"https:\/\/actris.es\/en\/wp-json\/wp\/v2\/users\/1"}],"replies":[{"embeddable":true,"href":"https:\/\/actris.es\/en\/wp-json\/wp\/v2\/comments?post=2822"}],"version-history":[{"count":40,"href":"https:\/\/actris.es\/en\/wp-json\/wp\/v2\/pages\/2822\/revisions"}],"predecessor-version":[{"id":3609,"href":"https:\/\/actris.es\/en\/wp-json\/wp\/v2\/pages\/2822\/revisions\/3609"}],"wp:attachment":[{"href":"https:\/\/actris.es\/en\/wp-json\/wp\/v2\/media?parent=2822"}],"curies":[{"name":"wp","href":"https:\/\/api.w.org\/{rel}","templated":true}]}}