{"id":2905,"date":"2024-05-07T12:56:38","date_gmt":"2024-05-07T10:56:38","guid":{"rendered":"https:\/\/iista.ugr.es\/actris\/?page_id=2905"},"modified":"2025-03-19T12:55:55","modified_gmt":"2025-03-19T11:55:55","slug":"servicios","status":"publish","type":"page","link":"https:\/\/actris.es\/en\/servicios\/","title":{"rendered":"Services"},"content":{"rendered":"<div data-elementor-type=\"wp-page\" data-elementor-id=\"2905\" class=\"elementor elementor-2905\">\n\t\t\t\t<div class=\"elementor-element elementor-element-1f219b1f e-flex e-con-boxed wpr-particle-no wpr-jarallax-no wpr-parallax-no wpr-sticky-section-no e-con e-parent\" data-id=\"1f219b1f\" data-element_type=\"container\" data-settings=\"{&quot;content_width&quot;:&quot;boxed&quot;}\" data-core-v316-plus=\"true\">\n\t\t\t\t\t<div class=\"e-con-inner\">\n\t\t\t\t<div class=\"elementor-element elementor-element-2a888d06 elementor-widget elementor-widget-text-editor\" data-id=\"2a888d06\" data-element_type=\"widget\" data-widget_type=\"text-editor.default\">\n\t\t\t\t<div class=\"elementor-widget-container\">\n\t\t\t<style>\/*! elementor - v3.19.0 - 28-02-2024 *\/\n.elementor-widget-text-editor.elementor-drop-cap-view-stacked .elementor-drop-cap{background-color:#69727d;color:#fff}.elementor-widget-text-editor.elementor-drop-cap-view-framed .elementor-drop-cap{color:#69727d;border:3px solid;background-color:transparent}.elementor-widget-text-editor:not(.elementor-drop-cap-view-default) .elementor-drop-cap{margin-top:8px}.elementor-widget-text-editor:not(.elementor-drop-cap-view-default) .elementor-drop-cap-letter{width:1em;height:1em}.elementor-widget-text-editor .elementor-drop-cap{float:left;text-align:center;line-height:1;font-size:50px}.elementor-widget-text-editor .elementor-drop-cap-letter{display:inline-block}<\/style>\t\t\t\t<p>Services offered by the facilities:<\/p>\t\t\t\t\t\t<\/div>\n\t\t\t\t<\/div>\n\t\t\t\t\t<\/div>\n\t\t\t\t<\/div>\n\t\t<div class=\"elementor-element elementor-element-60132c00 e-flex e-con-boxed wpr-particle-no wpr-jarallax-no wpr-parallax-no wpr-sticky-section-no e-con e-parent\" data-id=\"60132c00\" data-element_type=\"container\" data-settings=\"{&quot;content_width&quot;:&quot;boxed&quot;}\" data-core-v316-plus=\"true\">\n\t\t\t\t\t<div class=\"e-con-inner\">\n\t\t\t\t<div class=\"elementor-element elementor-element-4a7a8249 elementor-icon-list--layout-traditional elementor-list-item-link-full_width elementor-widget elementor-widget-icon-list\" data-id=\"4a7a8249\" data-element_type=\"widget\" data-widget_type=\"icon-list.default\">\n\t\t\t\t<div class=\"elementor-widget-container\">\n\t\t\t<link rel=\"stylesheet\" href=\"https:\/\/actris.es\/wp-content\/plugins\/elementor\/assets\/css\/widget-icon-list.min.css\">\t\t<ul class=\"elementor-icon-list-items\">\n\t\t\t\t\t\t\t<li class=\"elementor-icon-list-item\">\n\t\t\t\t\t\t\t\t\t\t\t<a href=\"https:\/\/actris.es\/en\/acceso-transnacional-tna-en-granada\/\">\n\n\t\t\t\t\t\t\t\t\t\t\t\t<span class=\"elementor-icon-list-icon\">\n\t\t\t\t\t\t\t<svg xmlns=\"http:\/\/www.w3.org\/2000\/svg\" xmlns:xlink=\"http:\/\/www.w3.org\/1999\/xlink\" id=\"Icons\" viewbox=\"0 0 32 32\" xml:space=\"preserve\"><style type=\"text\/css\">\t.st0{fill:none;stroke:#000000;stroke-width:2;stroke-linecap:round;stroke-linejoin:round;stroke-miterlimit:10;}<\/style><polyline class=\"st0\" points=\"24,29 29,29 29,20 24,17 \"><\/polyline><polyline class=\"st0\" points=\"8,24 3,24 3,29 8,29 8,24 \"><\/polyline><path class=\"st0\" d=\"M19,29h-6v-5c0-1.7,1.3-3,3-3h0c1.7,0,3,1.3,3,3V29z\"><\/path><line class=\"st0\" x1=\"24\" y1=\"29\" x2=\"13\" y2=\"29\"><\/line><polyline class=\"st0\" points=\"13,29 8,29 8,17 24,17 24,29 \"><\/polyline><path class=\"st0\" d=\"M16,5C9.4,5,4,10.4,4,17h4c0-4.4,3.6-8,8-8s8,3.6,8,8\"><\/path><polyline class=\"st0\" points=\"23,13 28,8 25,5 20,10 \"><\/polyline><\/svg>\t\t\t\t\t\t<\/span>\n\t\t\t\t\t\t\t\t\t\t<span class=\"elementor-icon-list-text\"> AGORA<\/span>\n\t\t\t\t\t\t\t\t\t\t\t<\/a>\n\t\t\t\t\t\t\t\t\t<\/li>\n\t\t\t\t\t\t<\/ul>\n\t\t\t\t<\/div>\n\t\t\t\t<\/div>\n\t\t\t\t\t<\/div>\n\t\t\t\t<\/div>\n\t\t<div class=\"elementor-element elementor-element-55c0ba99 e-flex e-con-boxed wpr-particle-no wpr-jarallax-no wpr-parallax-no wpr-sticky-section-no e-con e-parent\" data-id=\"55c0ba99\" data-element_type=\"container\" data-settings=\"{&quot;content_width&quot;:&quot;boxed&quot;}\" data-core-v316-plus=\"true\">\n\t\t\t\t\t<div class=\"e-con-inner\">\n\t\t\t\t<div class=\"elementor-element elementor-element-506719e8 elementor-widget elementor-widget-text-editor\" data-id=\"506719e8\" data-element_type=\"widget\" data-widget_type=\"text-editor.default\">\n\t\t\t\t<div class=\"elementor-widget-container\">\n\t\t\t\t\t\t\t<ul class=\"wp-block-list\">\n<li><a href=\"https:\/\/isia.cnrs.fr\/catalog\/20\/services\/685\" target=\"_blank\" rel=\"noreferrer noopener\">Aerosol-Cloud Interaction Research Campaigns<\/a><\/li>\n<!-- \/wp:list-item --><!-- wp:list-item -->\n<li><a href=\"https:\/\/isia.cnrs.fr\/catalog\/20\/services\/686\" target=\"_blank\" rel=\"noreferrer noopener\">Experiments for Aerosol-Cloud Interaction Research<\/a><\/li>\n<!-- \/wp:list-item --><!-- wp:list-item -->\n<li><a href=\"https:\/\/isia.cnrs.fr\/catalog\/20\/services\/687\" target=\"_blank\" rel=\"noreferrer noopener\">Instrument Testing and Intercomparison Campaigns<\/a><\/li>\n<!-- \/wp:list-item --><!-- wp:list-item -->\n<li><a href=\"https:\/\/isia.cnrs.fr\/catalog\/20\/services\/688\" target=\"_blank\" rel=\"noreferrer noopener\">Training for Young Scientists<\/a><\/li>\n<!-- \/wp:list-item --><!-- wp:list-item -->\n<li><a href=\"https:\/\/isia.cnrs.fr\/catalog\/20\/services\/689\" target=\"_blank\" rel=\"noreferrer noopener\">Training for Companies<\/a><\/li>\n<!-- \/wp:list-item --><!-- wp:list-item -->\n<li><a href=\"https:\/\/isia.cnrs.fr\/catalog\/20\/services\/690\" target=\"_blank\" rel=\"noreferrer noopener\">Support for private innovation<\/a><\/li>\n<\/ul>\t\t\t\t\t\t<\/div>\n\t\t\t\t<\/div>\n\t\t\t\t\t<\/div>\n\t\t\t\t<\/div>\n\t\t<div class=\"elementor-element elementor-element-41880e0f e-flex e-con-boxed wpr-particle-no wpr-jarallax-no wpr-parallax-no wpr-sticky-section-no e-con e-parent\" data-id=\"41880e0f\" data-element_type=\"container\" data-settings=\"{&quot;content_width&quot;:&quot;boxed&quot;}\" data-core-v316-plus=\"true\">\n\t\t\t\t\t<div class=\"e-con-inner\">\n\t\t\t\t<div class=\"elementor-element elementor-element-7295ef8f elementor-widget elementor-widget-spacer\" data-id=\"7295ef8f\" data-element_type=\"widget\" data-widget_type=\"spacer.default\">\n\t\t\t\t<div class=\"elementor-widget-container\">\n\t\t\t<style>\/*! elementor - v3.19.0 - 28-02-2024 *\/\n.elementor-column .elementor-spacer-inner{height:var(--spacer-size)}.e-con{--container-widget-width:100%}.e-con-inner>.elementor-widget-spacer,.e-con>.elementor-widget-spacer{width:var(--container-widget-width,var(--spacer-size));--align-self:var(--container-widget-align-self,initial);--flex-shrink:0}.e-con-inner>.elementor-widget-spacer>.elementor-widget-container,.e-con>.elementor-widget-spacer>.elementor-widget-container{height:100%;width:100%}.e-con-inner>.elementor-widget-spacer>.elementor-widget-container>.elementor-spacer,.e-con>.elementor-widget-spacer>.elementor-widget-container>.elementor-spacer{height:100%}.e-con-inner>.elementor-widget-spacer>.elementor-widget-container>.elementor-spacer>.elementor-spacer-inner,.e-con>.elementor-widget-spacer>.elementor-widget-container>.elementor-spacer>.elementor-spacer-inner{height:var(--container-widget-height,var(--spacer-size))}.e-con-inner>.elementor-widget-spacer.elementor-widget-empty,.e-con>.elementor-widget-spacer.elementor-widget-empty{position:relative;min-height:22px;min-width:22px}.e-con-inner>.elementor-widget-spacer.elementor-widget-empty .elementor-widget-empty-icon,.e-con>.elementor-widget-spacer.elementor-widget-empty .elementor-widget-empty-icon{position:absolute;top:0;bottom:0;left:0;right:0;margin:auto;padding:0;width:22px;height:22px}<\/style>\t\t<div class=\"elementor-spacer\">\n\t\t\t<div class=\"elementor-spacer-inner\"><\/div>\n\t\t<\/div>\n\t\t\t\t<\/div>\n\t\t\t\t<\/div>\n\t\t\t\t\t<\/div>\n\t\t\t\t<\/div>\n\t\t<div class=\"elementor-element elementor-element-6178585a e-flex e-con-boxed wpr-particle-no wpr-jarallax-no wpr-parallax-no wpr-sticky-section-no e-con e-parent\" data-id=\"6178585a\" data-element_type=\"container\" data-settings=\"{&quot;content_width&quot;:&quot;boxed&quot;}\" data-core-v316-plus=\"true\">\n\t\t\t\t\t<div class=\"e-con-inner\">\n\t\t\t\t<div class=\"elementor-element elementor-element-24d77c16 elementor-icon-list--layout-traditional elementor-list-item-link-full_width elementor-widget elementor-widget-icon-list\" data-id=\"24d77c16\" data-element_type=\"widget\" data-widget_type=\"icon-list.default\">\n\t\t\t\t<div class=\"elementor-widget-container\">\n\t\t\t\t\t<ul class=\"elementor-icon-list-items\">\n\t\t\t\t\t\t\t<li class=\"elementor-icon-list-item\">\n\t\t\t\t\t\t\t\t\t\t\t<a href=\"https:\/\/actris.es\/en\/acceso-transnacional-tna-en-valencia\/\">\n\n\t\t\t\t\t\t\t\t\t\t\t\t<span class=\"elementor-icon-list-icon\">\n\t\t\t\t\t\t\t<svg xmlns=\"http:\/\/www.w3.org\/2000\/svg\" xmlns:xlink=\"http:\/\/www.w3.org\/1999\/xlink\" id=\"Icons\" viewbox=\"0 0 32 32\" xml:space=\"preserve\"><style type=\"text\/css\">\t.st0{fill:none;stroke:#000000;stroke-width:2;stroke-linecap:round;stroke-linejoin:round;stroke-miterlimit:10;}<\/style><polyline class=\"st0\" points=\"24,29 29,29 29,20 24,17 \"><\/polyline><polyline class=\"st0\" points=\"8,24 3,24 3,29 8,29 8,24 \"><\/polyline><path class=\"st0\" d=\"M19,29h-6v-5c0-1.7,1.3-3,3-3h0c1.7,0,3,1.3,3,3V29z\"><\/path><line class=\"st0\" x1=\"24\" y1=\"29\" x2=\"13\" y2=\"29\"><\/line><polyline class=\"st0\" points=\"13,29 8,29 8,17 24,17 24,29 \"><\/polyline><path class=\"st0\" d=\"M16,5C9.4,5,4,10.4,4,17h4c0-4.4,3.6-8,8-8s8,3.6,8,8\"><\/path><polyline class=\"st0\" points=\"23,13 28,8 25,5 20,10 \"><\/polyline><\/svg>\t\t\t\t\t\t<\/span>\n\t\t\t\t\t\t\t\t\t\t<span class=\"elementor-icon-list-text\"> EUPHORE<\/span>\n\t\t\t\t\t\t\t\t\t\t\t<\/a>\n\t\t\t\t\t\t\t\t\t<\/li>\n\t\t\t\t\t\t<\/ul>\n\t\t\t\t<\/div>\n\t\t\t\t<\/div>\n\t\t\t\t\t<\/div>\n\t\t\t\t<\/div>\n\t\t<div class=\"elementor-element elementor-element-7c2576a0 e-flex e-con-boxed wpr-particle-no wpr-jarallax-no wpr-parallax-no wpr-sticky-section-no e-con e-parent\" data-id=\"7c2576a0\" data-element_type=\"container\" data-settings=\"{&quot;content_width&quot;:&quot;boxed&quot;}\" data-core-v316-plus=\"true\">\n\t\t\t\t\t<div class=\"e-con-inner\">\n\t\t\t\t<div class=\"elementor-element elementor-element-7d0528e1 elementor-widget__width-inherit elementor-widget elementor-widget-text-editor\" data-id=\"7d0528e1\" data-element_type=\"widget\" data-widget_type=\"text-editor.default\">\n\t\t\t\t<div class=\"elementor-widget-container\">\n\t\t\t\t\t\t\t<!-- wp:heading --><!-- \/wp:heading --><!-- wp:paragraph --><!-- \/wp:paragraph --><!-- wp:list -->\n<p><!-- \/wp:heading --><!-- wp:paragraph --><\/p>\n<ul class=\"wp-block-list\">\n<li class=\"flex items-center py-1 gap-x-2 min-h-12 w-full flex-wrap\"><a class=\"w-fit text-sm text-slate-700 w-1\/5 grow py-2 underline hover:no-underline cursor-pointer flex gap-2\" title=\"Scientific research at the EUPHORE atmospheric simulation chamber\" href=\"https:\/\/isia.cnrs.fr\/catalog\/20\/services\/693\" target=\"_blank\" rel=\"noopener\">Scientific research at the EUPHORE atmospheric simulation chamber<\/a><\/li>\n<li class=\"flex items-center py-1 gap-x-2 min-h-12 w-full flex-wrap\"><a class=\"w-fit text-sm text-slate-700 w-1\/5 grow py-2 underline hover:no-underline cursor-pointer flex gap-2\" title=\" \u2013 Intercomparison and performance assessment of instrumentation at the EUPHORE atmospheric simulation chamber\" href=\"https:\/\/isia.cnrs.fr\/catalog\/20\/services\/694\" target=\"_blank\" rel=\"noopener\">Intercomparison and performance assessment of instrumentation at the EUPHORE atmospheric simulation chamber<\/a><\/li>\n<li class=\"flex items-center py-1 gap-x-2 min-h-12 w-full flex-wrap\"><a class=\"w-fit text-sm text-slate-700 w-1\/5 grow py-2 underline hover:no-underline cursor-pointer flex gap-2\" title=\"Technical and innovation services at the EUPHORE atmospheric simulation chamber\" href=\"https:\/\/isia.cnrs.fr\/catalog\/20\/services\/695\" target=\"_blank\" rel=\"noopener\">Technical and innovation services at the EUPHORE atmospheric simulation chamber<\/a><\/li>\n<\/ul>\n<p><!-- \/wp:heading --><!-- wp:paragraph --><\/p>\n<!-- \/wp:list -->\t\t\t\t\t\t<\/div>\n\t\t\t\t<\/div>\n\t\t\t\t\t<\/div>\n\t\t\t\t<\/div>\n\t\t<div class=\"elementor-element elementor-element-17060e41 e-flex e-con-boxed wpr-particle-no wpr-jarallax-no wpr-parallax-no wpr-sticky-section-no e-con e-parent\" data-id=\"17060e41\" data-element_type=\"container\" data-settings=\"{&quot;content_width&quot;:&quot;boxed&quot;}\" data-core-v316-plus=\"true\">\n\t\t\t\t\t<div class=\"e-con-inner\">\n\t\t\t\t<div class=\"elementor-element elementor-element-19e2ca8 elementor-widget elementor-widget-spacer\" data-id=\"19e2ca8\" data-element_type=\"widget\" data-widget_type=\"spacer.default\">\n\t\t\t\t<div class=\"elementor-widget-container\">\n\t\t\t\t\t<div class=\"elementor-spacer\">\n\t\t\t<div class=\"elementor-spacer-inner\"><\/div>\n\t\t<\/div>\n\t\t\t\t<\/div>\n\t\t\t\t<\/div>\n\t\t\t\t\t<\/div>\n\t\t\t\t<\/div>\n\t\t<div class=\"elementor-element elementor-element-19a0f780 e-flex e-con-boxed wpr-particle-no wpr-jarallax-no wpr-parallax-no wpr-sticky-section-no e-con e-parent\" data-id=\"19a0f780\" data-element_type=\"container\" data-settings=\"{&quot;content_width&quot;:&quot;boxed&quot;}\" data-core-v316-plus=\"true\">\n\t\t\t\t\t<div class=\"e-con-inner\">\n\t\t\t\t<div class=\"elementor-element elementor-element-222741ed elementor-icon-list--layout-traditional elementor-list-item-link-full_width elementor-widget elementor-widget-icon-list\" data-id=\"222741ed\" data-element_type=\"widget\" data-widget_type=\"icon-list.default\">\n\t\t\t\t<div class=\"elementor-widget-container\">\n\t\t\t\t\t<ul class=\"elementor-icon-list-items\">\n\t\t\t\t\t\t\t<li class=\"elementor-icon-list-item\">\n\t\t\t\t\t\t\t\t\t\t\t<a href=\"https:\/\/actris.es\/en\/acceso-transnacional-tna-en-huelva-el-arenosillo\/\">\n\n\t\t\t\t\t\t\t\t\t\t\t\t<span class=\"elementor-icon-list-icon\">\n\t\t\t\t\t\t\t<svg xmlns=\"http:\/\/www.w3.org\/2000\/svg\" xmlns:xlink=\"http:\/\/www.w3.org\/1999\/xlink\" id=\"Icons\" viewbox=\"0 0 32 32\" xml:space=\"preserve\"><style type=\"text\/css\">\t.st0{fill:none;stroke:#000000;stroke-width:2;stroke-linecap:round;stroke-linejoin:round;stroke-miterlimit:10;}<\/style><polyline class=\"st0\" points=\"24,29 29,29 29,20 24,17 \"><\/polyline><polyline class=\"st0\" points=\"8,24 3,24 3,29 8,29 8,24 \"><\/polyline><path class=\"st0\" d=\"M19,29h-6v-5c0-1.7,1.3-3,3-3h0c1.7,0,3,1.3,3,3V29z\"><\/path><line class=\"st0\" x1=\"24\" y1=\"29\" x2=\"13\" y2=\"29\"><\/line><polyline class=\"st0\" points=\"13,29 8,29 8,17 24,17 24,29 \"><\/polyline><path class=\"st0\" d=\"M16,5C9.4,5,4,10.4,4,17h4c0-4.4,3.6-8,8-8s8,3.6,8,8\"><\/path><polyline class=\"st0\" points=\"23,13 28,8 25,5 20,10 \"><\/polyline><\/svg>\t\t\t\t\t\t<\/span>\n\t\t\t\t\t\t\t\t\t\t<span class=\"elementor-icon-list-text\"> ESAt-EL ARENOSILLO<\/span>\n\t\t\t\t\t\t\t\t\t\t\t<\/a>\n\t\t\t\t\t\t\t\t\t<\/li>\n\t\t\t\t\t\t<\/ul>\n\t\t\t\t<\/div>\n\t\t\t\t<\/div>\n\t\t\t\t\t<\/div>\n\t\t\t\t<\/div>\n\t\t<div class=\"elementor-element elementor-element-7279647d e-flex e-con-boxed wpr-particle-no wpr-jarallax-no wpr-parallax-no wpr-sticky-section-no e-con e-parent\" data-id=\"7279647d\" data-element_type=\"container\" data-settings=\"{&quot;content_width&quot;:&quot;boxed&quot;}\" data-core-v316-plus=\"true\">\n\t\t\t\t\t<div class=\"e-con-inner\">\n\t\t\t\t<div class=\"elementor-element elementor-element-1aff8d41 elementor-widget elementor-widget-text-editor\" data-id=\"1aff8d41\" data-element_type=\"widget\" data-widget_type=\"text-editor.default\">\n\t\t\t\t<div class=\"elementor-widget-container\">\n\t\t\t\t\t\t\t<ul class=\"wp-block-list\">\n<li class=\"flex items-center py-1 gap-x-2 min-h-12 w-full flex-wrap\"><a class=\"w-fit text-sm text-slate-700 w-1\/5 grow py-2 underline hover:no-underline cursor-pointer flex gap-2\" title=\"Physical and remote access for field experimental campaigns\" href=\"https:\/\/isia.cnrs.fr\/catalog\/20\/services\/670\" target=\"_blank\" rel=\"noopener\">Physical and remote access for field experimental campaigns<\/a><\/li>\n<li class=\"flex items-center py-1 gap-x-2 min-h-12 w-full flex-wrap\"><a class=\"w-fit text-sm text-slate-700 w-1\/5 grow py-2 underline hover:no-underline cursor-pointer flex gap-2\" title=\"Instrument Testing and Intercomparison Campaigns\" href=\"https:\/\/isia.cnrs.fr\/catalog\/20\/services\/672\" target=\"_blank\" rel=\"noopener\">Instrument Testing and Intercomparison Campaigns<\/a><\/li>\n<li class=\"flex items-center py-1 gap-x-2 min-h-12 w-full flex-wrap\"><a class=\"w-fit text-sm text-slate-700 w-1\/5 grow py-2 underline hover:no-underline cursor-pointer flex gap-2\" title=\"Training Through Hands-on-instrument Operative and Data Analysis\" href=\"https:\/\/isia.cnrs.fr\/catalog\/20\/services\/681\" target=\"_blank\" rel=\"noopener\">Training Through Hands-on-instrument Operative and Data Analysis<\/a><\/li>\n<\/ul>\t\t\t\t\t\t<\/div>\n\t\t\t\t<\/div>\n\t\t\t\t\t<\/div>\n\t\t\t\t<\/div>\n\t\t<div class=\"elementor-element elementor-element-2c68dabb e-flex e-con-boxed wpr-particle-no wpr-jarallax-no wpr-parallax-no wpr-sticky-section-no e-con e-parent\" data-id=\"2c68dabb\" data-element_type=\"container\" data-settings=\"{&quot;content_width&quot;:&quot;boxed&quot;}\" data-core-v316-plus=\"true\">\n\t\t\t\t\t<div class=\"e-con-inner\">\n\t\t<div class=\"elementor-element elementor-element-53d2d5fc e-flex e-con-boxed wpr-particle-no wpr-jarallax-no wpr-parallax-no wpr-sticky-section-no e-con e-child\" data-id=\"53d2d5fc\" data-element_type=\"container\" data-settings=\"{&quot;content_width&quot;:&quot;boxed&quot;}\">\n\t\t\t\t\t<div class=\"e-con-inner\">\n\t\t\t\t<div class=\"elementor-element elementor-element-43e5ce09 elementor-widget__width-inherit elementor-widget elementor-widget-text-editor\" data-id=\"43e5ce09\" data-element_type=\"widget\" data-widget_type=\"text-editor.default\">\n\t\t\t\t<div class=\"elementor-widget-container\">\n\t\t\t\t\t\t\t\t\t\t\t\t\t<\/div>\n\t\t\t\t<\/div>\n\t\t\t\t\t<\/div>\n\t\t\t\t<\/div>\n\t\t\t\t\t<\/div>\n\t\t\t\t<\/div>\n\t\t<div class=\"elementor-element elementor-element-470157e3 e-flex e-con-boxed wpr-particle-no wpr-jarallax-no wpr-parallax-no wpr-sticky-section-no e-con e-parent\" data-id=\"470157e3\" data-element_type=\"container\" data-settings=\"{&quot;content_width&quot;:&quot;boxed&quot;}\" data-core-v316-plus=\"true\">\n\t\t\t\t\t<div class=\"e-con-inner\">\n\t\t\t\t<div class=\"elementor-element elementor-element-8dd1bc4 elementor-widget__width-inherit elementor-widget elementor-widget-text-editor\" data-id=\"8dd1bc4\" data-element_type=\"widget\" data-widget_type=\"text-editor.default\">\n\t\t\t\t<div class=\"elementor-widget-container\">\n\t\t\t\t\t\t\t\t\t\t\t\t\t<\/div>\n\t\t\t\t<\/div>\n\t\t\t\t\t<\/div>\n\t\t\t\t<\/div>\n\t\t\t\t<\/div>","protected":false},"excerpt":{"rendered":"<p>Servicios ofertados por las instalaciones: AGORA Campa\u00f1as para la Investigaci\u00f3n de la Interacci\u00f3n Aerosol-Nube Experimentos para la Investigaci\u00f3n de la Interacci\u00f3n Aerosol-Nube Campa\u00f1as de Pruebas e Intercomparaci\u00f3n de Instrumentos Formaci\u00f3n para J\u00f3venes Cient\u00edficos Formaci\u00f3n para Empresas Apoyo a la innovaci\u00f3n privada EUPHORE Investigaci\u00f3n cient\u00edfica en la c\u00e1mara de simulaci\u00f3n atmosf\u00e9rica EUPHORE Intercomparaci\u00f3n y evaluaci\u00f3n del rendimiento de la instrumentaci\u00f3n en EUPHORE Servicios t\u00e9cnicos y de innovaci\u00f3n en la c\u00e1mara de simulaci\u00f3n atmosf\u00e9rica EUPHORE ESAt-EL ARENOSILLO Acceso f\u00edsico y remoto para campa\u00f1as experimentales sobre el terreno Pruebas de instrumentos y campa\u00f1as de intercomparaci\u00f3nInstrument Formaci\u00f3n mediante el manejo de instrumentos y el an\u00e1lisis de datos<\/p>","protected":false},"author":1,"featured_media":0,"parent":0,"menu_order":0,"comment_status":"closed","ping_status":"closed","template":"","meta":{"neve_meta_sidebar":"","neve_meta_container":"","neve_meta_enable_content_width":"","neve_meta_content_width":0,"neve_meta_title_alignment":"","neve_meta_author_avatar":"","neve_post_elements_order":"","neve_meta_disable_header":"","neve_meta_disable_footer":"","neve_meta_disable_title":"","neve_meta_reading_time":"","footnotes":""},"class_list":["post-2905","page","type-page","status-publish","hentry"],"publishpress_future_action":{"enabled":false,"date":"2026-04-14 19:19:25","action":"change-status","newStatus":"draft","terms":[],"taxonomy":""},"publishpress_future_workflow_manual_trigger":{"enabledWorkflows":[]},"_links":{"self":[{"href":"https:\/\/actris.es\/en\/wp-json\/wp\/v2\/pages\/2905","targetHints":{"allow":["GET"]}}],"collection":[{"href":"https:\/\/actris.es\/en\/wp-json\/wp\/v2\/pages"}],"about":[{"href":"https:\/\/actris.es\/en\/wp-json\/wp\/v2\/types\/page"}],"author":[{"embeddable":true,"href":"https:\/\/actris.es\/en\/wp-json\/wp\/v2\/users\/1"}],"replies":[{"embeddable":true,"href":"https:\/\/actris.es\/en\/wp-json\/wp\/v2\/comments?post=2905"}],"version-history":[{"count":47,"href":"https:\/\/actris.es\/en\/wp-json\/wp\/v2\/pages\/2905\/revisions"}],"predecessor-version":[{"id":4395,"href":"https:\/\/actris.es\/en\/wp-json\/wp\/v2\/pages\/2905\/revisions\/4395"}],"wp:attachment":[{"href":"https:\/\/actris.es\/en\/wp-json\/wp\/v2\/media?parent=2905"}],"curies":[{"name":"wp","href":"https:\/\/api.w.org\/{rel}","templated":true}]}}