{"id":2911,"date":"2024-05-07T12:58:51","date_gmt":"2024-05-07T10:58:51","guid":{"rendered":"https:\/\/iista.ugr.es\/actris\/?page_id=2911"},"modified":"2024-12-12T11:55:03","modified_gmt":"2024-12-12T10:55:03","slug":"ofertas-de-empleo","status":"publish","type":"page","link":"https:\/\/actris.es\/en\/ofertas-de-empleo\/","title":{"rendered":"Job opportunities"},"content":{"rendered":"<div data-elementor-type=\"wp-page\" data-elementor-id=\"2911\" class=\"elementor elementor-2911\">\n\t\t\t\t<div class=\"elementor-element elementor-element-3858938 e-flex e-con-boxed wpr-particle-no wpr-jarallax-no wpr-parallax-no wpr-sticky-section-no e-con e-parent\" data-id=\"3858938\" data-element_type=\"container\" data-settings=\"{&quot;content_width&quot;:&quot;boxed&quot;}\" data-core-v316-plus=\"true\">\n\t\t\t\t\t<div class=\"e-con-inner\">\n\t\t\t\t<div class=\"elementor-element elementor-element-398eb68 elementor-grid-eael-col-2 elementor-grid-tablet-eael-col-2 elementor-grid-mobile-eael-col-1 elementor-widget elementor-widget-eael-post-grid\" data-id=\"398eb68\" data-element_type=\"widget\" data-settings=\"{&quot;eael_post_grid_columns&quot;:&quot;eael-col-2&quot;,&quot;eael_post_grid_columns_tablet&quot;:&quot;eael-col-2&quot;,&quot;eael_post_grid_columns_mobile&quot;:&quot;eael-col-1&quot;}\" data-widget_type=\"eael-post-grid.default\">\n\t\t\t\t<div class=\"elementor-widget-container\">\n\t\t\t<div id=\"eael-post-grid-398eb68\" class=\"eael-post-grid-container\">\n            <div class=\"eael-post-grid eael-post-appender eael-post-appender-398eb68 eael-post-grid-style-one\" data-layout-mode=\"masonry\"><article class=\"eael-grid-post eael-post-grid-column\" data-id=\"4508\">\n        <div class=\"eael-grid-post-holder\">\n            <div class=\"eael-grid-post-holder-inner\"><div class=\"eael-entry-wrapper\"><header class=\"eael-entry-header\"><h2 class=\"eael-entry-title\"><a\n                        class=\"eael-grid-post-link\"\n                        href=\"https:\/\/actris.es\/en\/beca-de-doctorado-en-el-grupo-de-radiacion-solar-de-valencia\/\"\n                        title=\"PhD scholarship opportunity in the Valencia Solar Radiation group\">PhD scholarship opportunity in the Valencia Solar Radiation group<\/a><\/h2><\/header><div class=\"eael-entry-header-after\"><div class=\"eael-entry-meta\"><span class=\"eael-posted-on\"><time datetime=\"3 de June de 2025\">3 de June de 2025<\/time><\/span><\/div><\/div><div class=\"eael-entry-content\">\n                        <div class=\"eael-grid-post-excerpt\"><p>Opportunity for a PhD scholarship in the Solar Radiation group in Valencia and associated with the project:Development of an integrated Lidar-MWR observational technique to...<\/p><a href=\"https:\/\/actris.es\/en\/beca-de-doctorado-en-el-grupo-de-radiacion-solar-de-valencia\/\" class=\"eael-post-elements-readmore-btn\">Read more<\/a><\/div>\n                    <\/div><\/div><\/div>\n        <\/div>\n    <\/article><article class=\"eael-grid-post eael-post-grid-column\" data-id=\"4243\">\n        <div class=\"eael-grid-post-holder\">\n            <div class=\"eael-grid-post-holder-inner\"><div class=\"eael-entry-wrapper\"><header class=\"eael-entry-header\"><h2 class=\"eael-entry-title\"><a\n                        class=\"eael-grid-post-link\"\n                        href=\"https:\/\/actris.es\/en\/convocatoria-de-contratos-predoctorales-fpi-2024-2-universidad-de-granada\/\"\n                        title=\"Call for FPI predoctoral contracts 2024\/2 University of Granada\">Call for FPI predoctoral contracts 2024\/2 University of Granada<\/a><\/h2><\/header><div class=\"eael-entry-header-after\"><div class=\"eael-entry-meta\"><span class=\"eael-posted-on\"><time datetime=\"18 de February de 2025\">18 de February de 2025<\/time><\/span><\/div><\/div><div class=\"eael-entry-content\">\n                        <div class=\"eael-grid-post-excerpt\"><p>It has been published in the Official Gazette of Junta de Andaluc\u00eda (Number 28 - Tuesday, 11 February 2025) the extract of the Resolution...<\/p><a href=\"https:\/\/actris.es\/en\/convocatoria-de-contratos-predoctorales-fpi-2024-2-universidad-de-granada\/\" class=\"eael-post-elements-readmore-btn\">Read more<\/a><\/div>\n                    <\/div><\/div><\/div>\n        <\/div>\n    <\/article><article class=\"eael-grid-post eael-post-grid-column\" data-id=\"4167\">\n        <div class=\"eael-grid-post-holder\">\n            <div class=\"eael-grid-post-holder-inner\"><div class=\"eael-entry-wrapper\"><header class=\"eael-entry-header\"><h2 class=\"eael-entry-title\"><a\n                        class=\"eael-grid-post-link\"\n                        href=\"https:\/\/actris.es\/en\/contrato-predoctoral-fpi-umh\/\"\n                        title=\"Job offer: Predoctoral FPI contract in the Laboratory of Atmospheric Contamination (LCA) of the Miguel Hern\u00e1ndez University.\">Job offer: Predoctoral FPI contract in the Laboratory of Atmospheric Contamination (LCA) of the Miguel Hern\u00e1ndez University.<\/a><\/h2><\/header><div class=\"eael-entry-header-after\"><div class=\"eael-entry-meta\"><span class=\"eael-posted-on\"><time datetime=\"12 de December de 2024\">12 de December de 2024<\/time><\/span><\/div><\/div><div class=\"eael-entry-content\">\n                        <div class=\"eael-grid-post-excerpt\"><p>The Laboratory of Atmospheric Pollution (LCA) of the Miguel Hern\u00e1ndez University of Elche has been awarded a grant for a 4-year pre-doctoral contract for a period of...<\/p><a href=\"https:\/\/actris.es\/en\/contrato-predoctoral-fpi-umh\/\" class=\"eael-post-elements-readmore-btn\">Read more<\/a><\/div>\n                    <\/div><\/div><\/div>\n        <\/div>\n    <\/article><article class=\"eael-grid-post eael-post-grid-column\" data-id=\"3914\">\n        <div class=\"eael-grid-post-holder\">\n            <div class=\"eael-grid-post-holder-inner\"><div class=\"eael-entry-wrapper\"><header class=\"eael-entry-header\"><h2 class=\"eael-entry-title\"><a\n                        class=\"eael-grid-post-link\"\n                        href=\"https:\/\/actris.es\/en\/proceso-selectivo-para-personal-laboral-fijo\/\"\n                        title=\"Selective process for permanent labor personnel\">Selective process for permanent labor personnel<\/a><\/h2><\/header><div class=\"eael-entry-header-after\"><div class=\"eael-entry-meta\"><span class=\"eael-posted-on\"><time datetime=\"9 de September de 2024\">9 de September de 2024<\/time><\/span><\/div><\/div><div class=\"eael-entry-content\">\n                        <div class=\"eael-grid-post-excerpt\"><p>Both in the BOE and in the BOD, the call for a selective process as permanent staff of the General Administration of the State has been published...<\/p><a href=\"https:\/\/actris.es\/en\/proceso-selectivo-para-personal-laboral-fijo\/\" class=\"eael-post-elements-readmore-btn\">Read more<\/a><\/div>\n                    <\/div><\/div><\/div>\n        <\/div>\n    <\/article><article class=\"eael-grid-post eael-post-grid-column\" data-id=\"3756\">\n        <div class=\"eael-grid-post-holder\">\n            <div class=\"eael-grid-post-holder-inner\"><div class=\"eael-entry-wrapper\"><header class=\"eael-entry-header\"><h2 class=\"eael-entry-title\"><a\n                        class=\"eael-grid-post-link\"\n                        href=\"https:\/\/actris.es\/en\/oferta-de-empleo-ceam-contrato-postdoctoral-para-el-area-de-quimica-atmosferica\/\"\n                        title=\"CEAM Job Offer: Postdoctoral contract for the Area of Atmospheric Chemistry\">CEAM Job Offer: Postdoctoral contract for the Area of Atmospheric Chemistry<\/a><\/h2><\/header><div class=\"eael-entry-header-after\"><div class=\"eael-entry-meta\"><span class=\"eael-posted-on\"><time datetime=\"26 de July de 2024\">26 de July de 2024<\/time><\/span><\/div><\/div><div class=\"eael-entry-content\">\n                        <div class=\"eael-grid-post-excerpt\"><p>Submission of Applications From: 25\/07\/2024 15:00 (UTC+01:00) Brussels, Copenhagen, Madrid, Paris Until: 20\/09\/2024 15:00 (UTC+01:00) Brussels, Copenhagen, Madrid, Paris Information: RECOMMENDATIONS TO BE TAKEN INTO ACCOUNT...<\/p><a href=\"https:\/\/actris.es\/en\/oferta-de-empleo-ceam-contrato-postdoctoral-para-el-area-de-quimica-atmosferica\/\" class=\"eael-post-elements-readmore-btn\">Read more<\/a><\/div>\n                    <\/div><\/div><\/div>\n        <\/div>\n    <\/article><\/div>\n            <div class=\"clearfix\"><\/div>\n        <\/div>\t\t<\/div>\n\t\t\t\t<\/div>\n\t\t\t\t\t<\/div>\n\t\t\t\t<\/div>\n\t\t\t\t<\/div>","protected":false},"excerpt":{"rendered":"<p>Oferta de empleo: Contrato predoctoral FPI en el Laboratorio de Contaminaci\u00f3n \u00c1tmosf\u00e9rica (LCA) de la Universidad Miguel Hern\u00e1ndez 12 de diciembre de 2024 El \u00a0Laboratorio de Contaminaci\u00f3n \u00c1tmosf\u00e9rica (LCA) de la Universidad Miguel Hern\u00e1ndez de Elche dispone de una ayuda para un contrato predoctoral de 4 a\u00f1os en&#8230; Leer m\u00e1s Proceso selectivo para personal laboral fijo 9 de septiembre de 2024 Tanto en el BOE como en el BOD, se ha publicado la convocatoria de un proceso selectivo\u00a0como personal laboral fijo\u00a0de la Administraci\u00f3n General del Estado&#8230; Leer m\u00e1s Oferta de empleo CEAM: Contrato postdoctoral para el \u00c1rea de Qu\u00edmica Atmosf\u00e9rica 26 de julio de 2024 Presentaci\u00f3n de Solicitudes Desde: 25\/07\/2024 15:00 (UTC+01:00) Brussels, Copenhagen, Madrid, Paris Hasta: 20\/09\/2024 15:00 (UTC+01:00) Brussels, Copenhagen, Madrid, Paris Informaci\u00f3n: RECOMENDACIONES A TENER EN CUENTA&#8230; Leer m\u00e1s<\/p>","protected":false},"author":1,"featured_media":0,"parent":0,"menu_order":0,"comment_status":"closed","ping_status":"closed","template":"page-templates\/template-pagebuilder-full-width.php","meta":{"neve_meta_sidebar":"","neve_meta_container":"","neve_meta_enable_content_width":"","neve_meta_content_width":0,"neve_meta_title_alignment":"","neve_meta_author_avatar":"","neve_post_elements_order":"","neve_meta_disable_header":"","neve_meta_disable_footer":"","neve_meta_disable_title":"","neve_meta_reading_time":"","footnotes":""},"class_list":["post-2911","page","type-page","status-publish","hentry"],"publishpress_future_action":{"enabled":false,"date":"2026-04-25 13:19:34","action":"change-status","newStatus":"draft","terms":[],"taxonomy":""},"publishpress_future_workflow_manual_trigger":{"enabledWorkflows":[]},"_links":{"self":[{"href":"https:\/\/actris.es\/en\/wp-json\/wp\/v2\/pages\/2911","targetHints":{"allow":["GET"]}}],"collection":[{"href":"https:\/\/actris.es\/en\/wp-json\/wp\/v2\/pages"}],"about":[{"href":"https:\/\/actris.es\/en\/wp-json\/wp\/v2\/types\/page"}],"author":[{"embeddable":true,"href":"https:\/\/actris.es\/en\/wp-json\/wp\/v2\/users\/1"}],"replies":[{"embeddable":true,"href":"https:\/\/actris.es\/en\/wp-json\/wp\/v2\/comments?post=2911"}],"version-history":[{"count":22,"href":"https:\/\/actris.es\/en\/wp-json\/wp\/v2\/pages\/2911\/revisions"}],"predecessor-version":[{"id":4180,"href":"https:\/\/actris.es\/en\/wp-json\/wp\/v2\/pages\/2911\/revisions\/4180"}],"wp:attachment":[{"href":"https:\/\/actris.es\/en\/wp-json\/wp\/v2\/media?parent=2911"}],"curies":[{"name":"wp","href":"https:\/\/api.w.org\/{rel}","templated":true}]}}