{"id":4266,"date":"2025-02-20T12:24:50","date_gmt":"2025-02-20T11:24:50","guid":{"rendered":"https:\/\/actris.es\/?page_id=4266"},"modified":"2025-02-20T13:44:00","modified_gmt":"2025-02-20T12:44:00","slug":"servicios-esat-el-arenosillo","status":"publish","type":"page","link":"https:\/\/actris.es\/en\/servicios-esat-el-arenosillo\/","title":{"rendered":"Servicios ESAt-El Arenosillo"},"content":{"rendered":"<div data-elementor-type=\"wp-page\" data-elementor-id=\"4266\" class=\"elementor elementor-4266\">\n\t\t\t\t<div class=\"elementor-element elementor-element-5eae9710 e-flex e-con-boxed wpr-particle-no wpr-jarallax-no wpr-parallax-no wpr-sticky-section-no e-con e-parent\" data-id=\"5eae9710\" data-element_type=\"container\" data-settings=\"{&quot;content_width&quot;:&quot;boxed&quot;}\" data-core-v316-plus=\"true\">\n\t\t\t\t\t<div class=\"e-con-inner\">\n\t\t\t\t<div class=\"elementor-element elementor-element-5d317d48 elementor-widget__width-inherit elementor-widget elementor-widget-text-editor\" data-id=\"5d317d48\" data-element_type=\"widget\" data-widget_type=\"text-editor.default\">\n\t\t\t\t<div class=\"elementor-widget-container\">\n\t\t\t<style>\/*! elementor - v3.19.0 - 28-02-2024 *\/\n.elementor-widget-text-editor.elementor-drop-cap-view-stacked .elementor-drop-cap{background-color:#69727d;color:#fff}.elementor-widget-text-editor.elementor-drop-cap-view-framed .elementor-drop-cap{color:#69727d;border:3px solid;background-color:transparent}.elementor-widget-text-editor:not(.elementor-drop-cap-view-default) .elementor-drop-cap{margin-top:8px}.elementor-widget-text-editor:not(.elementor-drop-cap-view-default) .elementor-drop-cap-letter{width:1em;height:1em}.elementor-widget-text-editor .elementor-drop-cap{float:left;text-align:center;line-height:1;font-size:50px}.elementor-widget-text-editor .elementor-drop-cap-letter{display:inline-block}<\/style>\t\t\t\t<!-- wp:paragraph -->\n<p>Los servicios ofrecidos por la ESAt-El Arenosillo son:<\/p>\n<!-- \/wp:paragraph --><!-- wp:list -->\n<ul class=\"wp-block-list\"><!-- wp:list-item -->\n<li><strong>Servicio de acceso transnacional f\u00edsico y\/o remoto de usuarios externos<\/strong>, ofrecido a la comunidad cient\u00edfica nacional e internacional para la realizaci\u00f3n de proyectos cient\u00edfico-t\u00e9cnicos utilizando la instrumentaci\u00f3n m\u00e1s avanzada en investigaci\u00f3n atmosf\u00e9rica, y\/o complementar esa dotaci\u00f3n instrumental con otra puesta en operaci\u00f3n en campa\u00f1as espec\u00edficas de medici\u00f3n.<\/li>\n<!-- \/wp:list-item --><!-- wp:list-item -->\n<li><strong>Servicio de Laboratorio de Calibraci\u00f3n Radiom\u00e9trica<\/strong>, a trav\u00e9s de trabajos espec\u00edficos tanto internos como externos para calibraci\u00f3n absoluta en irradiancia y caracterizaci\u00f3n de instrumentaci\u00f3n (calibraci\u00f3n en longitud de onda, linealidad, <em>stray light<\/em>, FOV, FWHM, respuesta angular, etc)<\/li>\n<!-- \/wp:list-item --><!-- wp:list-item -->\n<li><strong>Servicio de intercomparaci\u00f3n instrumental de campo<\/strong>, gracias a su favorable meteorolog\u00eda (con m\u00e1s de 300 d\u00edas despejados al a\u00f1o) y a la plataforma de intercomparaci\u00f3n disponible y equipada con todo lo necesario, incluida instrumentaci\u00f3n de referencia, para que diversa instrumentaci\u00f3n pueda ser calibrada e comparada bajo diversos protocolos internacionales de calibraci\u00f3n (p.e. PMOD-WRC, RBCC-E y AERONET).<\/li>\n<!-- \/wp:list-item --><!-- wp:list-item -->\n<li><strong>Servicio de intercomparaci\u00f3n de instrumentaci\u00f3n in-situ de gases y part\u00edculas<\/strong>, en el Laboratorio In-situ de Calidad de Aire y Clima (ISLA) operando bajo protocolos de monitorizaci\u00f3n consolidades a nivel nacional e internacional (ACTRIS, ICOS, NOAA, etc).<\/li>\n<!-- \/wp:list-item --><!-- wp:list-item -->\n<li><strong>Servicio de acceso transnacional f\u00edsico y\/o remoto para formaci\u00f3n de usuarios externos<\/strong>, con la organizaci\u00f3n de talleres y escuelas relacionadas con la formaci\u00f3n b\u00e1sica y aquella m\u00e1s avanzada para la explotaci\u00f3n de datos e investigaci\u00f3n atmosf\u00e9rica, con idea de familiarizar a los j\u00f3venes cient\u00edficos y operadores en las mejores pr\u00e1cticas para el manejo de datos e instrumentaci\u00f3n para la observaci\u00f3n atmosf\u00e9rica.<\/li>\n<!-- \/wp:list-item --><\/ul>\n<!-- \/wp:list --><!-- wp:paragraph -->\n<p>Todos los servicios incluyen: un apoyo log\u00edstico-administrativo para facilitar el acceso del usuario al observatorio, incluyendo la organizaci\u00f3n del viaje, el alojamiento del usuario, el transporte y almacenamiento del equipamiento, servicio de seguridad, potencia UPS, y acceso a los laboratorios mec\u00e1nico y el\u00e9ctrico.<\/p>\n<!-- \/wp:paragraph -->\t\t\t\t\t\t<\/div>\n\t\t\t\t<\/div>\n\t\t\t\t\t<\/div>\n\t\t\t\t<\/div>\n\t\t\t\t<\/div>","protected":false},"excerpt":{"rendered":"<p>Los servicios ofrecidos por la ESAt-El Arenosillo son: Todos los servicios incluyen: un apoyo log\u00edstico-administrativo para facilitar el acceso del usuario al observatorio, incluyendo la organizaci\u00f3n del viaje, el alojamiento del usuario, el transporte y almacenamiento del equipamiento, servicio de seguridad, potencia UPS, y acceso a los laboratorios mec\u00e1nico y el\u00e9ctrico.<\/p>","protected":false},"author":1,"featured_media":0,"parent":0,"menu_order":0,"comment_status":"closed","ping_status":"closed","template":"","meta":{"neve_meta_sidebar":"","neve_meta_container":"","neve_meta_enable_content_width":"","neve_meta_content_width":0,"neve_meta_title_alignment":"","neve_meta_author_avatar":"","neve_post_elements_order":"","neve_meta_disable_header":"","neve_meta_disable_footer":"","neve_meta_disable_title":"","neve_meta_reading_time":"","footnotes":""},"class_list":["post-4266","page","type-page","status-publish","hentry"],"publishpress_future_action":{"enabled":false,"date":"2026-04-14 04:58:20","action":"change-status","newStatus":"draft","terms":[],"taxonomy":""},"publishpress_future_workflow_manual_trigger":{"enabledWorkflows":[]},"_links":{"self":[{"href":"https:\/\/actris.es\/en\/wp-json\/wp\/v2\/pages\/4266","targetHints":{"allow":["GET"]}}],"collection":[{"href":"https:\/\/actris.es\/en\/wp-json\/wp\/v2\/pages"}],"about":[{"href":"https:\/\/actris.es\/en\/wp-json\/wp\/v2\/types\/page"}],"author":[{"embeddable":true,"href":"https:\/\/actris.es\/en\/wp-json\/wp\/v2\/users\/1"}],"replies":[{"embeddable":true,"href":"https:\/\/actris.es\/en\/wp-json\/wp\/v2\/comments?post=4266"}],"version-history":[{"count":7,"href":"https:\/\/actris.es\/en\/wp-json\/wp\/v2\/pages\/4266\/revisions"}],"predecessor-version":[{"id":4284,"href":"https:\/\/actris.es\/en\/wp-json\/wp\/v2\/pages\/4266\/revisions\/4284"}],"wp:attachment":[{"href":"https:\/\/actris.es\/en\/wp-json\/wp\/v2\/media?parent=4266"}],"curies":[{"name":"wp","href":"https:\/\/api.w.org\/{rel}","templated":true}]}}