{"id":4272,"date":"2025-02-20T13:15:50","date_gmt":"2025-02-20T12:15:50","guid":{"rendered":"https:\/\/actris.es\/?page_id=4272"},"modified":"2025-03-06T14:46:07","modified_gmt":"2025-03-06T13:46:07","slug":"equipamiento-y-productos-esat-el-arenosillo","status":"publish","type":"page","link":"https:\/\/actris.es\/en\/equipamiento-y-productos-esat-el-arenosillo\/","title":{"rendered":"Equipamiento y productos ESAt-El Arenosillo"},"content":{"rendered":"<div data-elementor-type=\"wp-page\" data-elementor-id=\"4272\" class=\"elementor elementor-4272\">\n\t\t\t\t<div class=\"elementor-element elementor-element-48041cd e-flex e-con-boxed wpr-particle-no wpr-jarallax-no wpr-parallax-no wpr-sticky-section-no e-con e-parent\" data-id=\"48041cd\" data-element_type=\"container\" data-settings=\"{&quot;content_width&quot;:&quot;boxed&quot;}\" data-core-v316-plus=\"true\">\n\t\t\t\t\t<div class=\"e-con-inner\">\n\t\t\t\t<div class=\"elementor-element elementor-element-489f4666 elementor-widget__width-inherit elementor-widget elementor-widget-text-editor\" data-id=\"489f4666\" data-element_type=\"widget\" data-widget_type=\"text-editor.default\">\n\t\t\t\t<div class=\"elementor-widget-container\">\n\t\t\t<style>\/*! elementor - v3.19.0 - 28-02-2024 *\/\n.elementor-widget-text-editor.elementor-drop-cap-view-stacked .elementor-drop-cap{background-color:#69727d;color:#fff}.elementor-widget-text-editor.elementor-drop-cap-view-framed .elementor-drop-cap{color:#69727d;border:3px solid;background-color:transparent}.elementor-widget-text-editor:not(.elementor-drop-cap-view-default) .elementor-drop-cap{margin-top:8px}.elementor-widget-text-editor:not(.elementor-drop-cap-view-default) .elementor-drop-cap-letter{width:1em;height:1em}.elementor-widget-text-editor .elementor-drop-cap{float:left;text-align:center;line-height:1;font-size:50px}.elementor-widget-text-editor .elementor-drop-cap-letter{display:inline-block}<\/style>\t\t\t\t<!-- wp:paragraph -->\n<p>La siguiente tabla lista el cat\u00e1logo de los productos de observaci\u00f3n ofrecidos por orden cronol\u00f3gico de implantaci\u00f3n y en funci\u00f3n del tipo de componentes atmosf\u00e9rico involucrado en el Servicio. Todos los instrumentos est\u00e1n vinculados a todos los Servicios, y se utilizan en funci\u00f3n del inter\u00e9s cient\u00edfico-t\u00e9cnicos-formativo del usuario.<\/p>\n<!-- \/wp:paragraph --><!-- wp:image {\"id\":4273,\"sizeSlug\":\"large\",\"linkDestination\":\"none\"} --><!-- \/wp:image -->\t\t\t\t\t\t<\/div>\n\t\t\t\t<\/div>\n\t\t\t\t\t<\/div>\n\t\t\t\t<\/div>\n\t\t<div class=\"elementor-element elementor-element-031176a e-flex e-con-boxed wpr-particle-no wpr-jarallax-no wpr-parallax-no wpr-sticky-section-no e-con e-parent\" data-id=\"031176a\" data-element_type=\"container\" data-settings=\"{&quot;content_width&quot;:&quot;boxed&quot;}\" data-core-v316-plus=\"true\">\n\t\t\t\t\t<div class=\"e-con-inner\">\n\t\t\t\t<div class=\"elementor-element elementor-element-84a9de1 elementor-widget__width-initial elementor-widget elementor-widget-htmega-tablepress-addons\" data-id=\"84a9de1\" data-element_type=\"widget\" data-widget_type=\"htmega-tablepress-addons.default\">\n\t\t\t\t<div class=\"elementor-widget-container\">\n\t\t\t<div class=\"htmega-tablepress htb-table-responsive\">\n<table id=\"tablepress-3\" class=\"tablepress tablepress-id-3 tbody-has-connected-cells\">\n<thead>\n<tr class=\"row-1\">\n\t<th class=\"column-1\"><strong>PRODUCTOS<\/strong><\/th><th class=\"column-2\"><strong>INICIO<\/strong><\/th><th class=\"column-3\"><strong>INTRUMENTO<\/strong><\/th><th class=\"column-4\"><strong>FABRICANTE<\/strong><\/th><th class=\"column-5\"><strong>RESOLUCI\u00d3N<\/strong><\/th>\n<\/tr>\n<\/thead>\n<tbody class=\"row-striping row-hover\">\n<tr class=\"row-2\">\n\t<td colspan=\"5\" class=\"column-1\"><center><strong>OBSERVACI\u00d3N IONOSF\u00c9RICA<\/strong><\/center><\/td>\n<\/tr>\n<tr class=\"row-3\">\n\t<td class=\"column-1\">Par\u00e1metros ionosf\u00e9ricos<\/td><td class=\"column-2\">1975<\/td><td class=\"column-3\">Digisonda<\/td><td class=\"column-4\">Univ. De Lowell<\/td><td class=\"column-5\">Columna<\/td>\n<\/tr>\n<tr class=\"row-4\">\n\t<td colspan=\"5\" class=\"column-1\"><center><strong>OBSERVACI\u00d3N E INVESTIGACI\u00d3N EN RADIACI\u00d3N SOLAR<\/strong><\/center><\/td>\n<\/tr>\n<tr class=\"row-5\">\n\t<td class=\"column-1\">Ozono total en columna<\/td><td class=\"column-2\">1980<\/td><td class=\"column-3\">Espectroradi\u00f3metro<\/td><td class=\"column-4\">Dobson<\/td><td class=\"column-5\">Columna<\/td>\n<\/tr>\n<tr class=\"row-6\">\n\t<td class=\"column-1\">Ozono total en columna<\/td><td class=\"column-2\">1997<\/td><td class=\"column-3\">Espectroradi\u00f3metro<\/td><td class=\"column-4\">Brewer<\/td><td class=\"column-5\">Columna<\/td>\n<\/tr>\n<tr class=\"row-7\">\n\t<td class=\"column-1\">Irradiancia espectral UV<\/td><td class=\"column-2\">1997<\/td><td class=\"column-3\">Espectroradi\u00f3metro<\/td><td class=\"column-4\">Brewer<\/td><td class=\"column-5\">Columna<\/td>\n<\/tr>\n<tr class=\"row-8\">\n\t<td class=\"column-1\">Irradiancia eritem\u00e1tica<\/td><td class=\"column-2\">1997<\/td><td class=\"column-3\">Piran\u00f3metro<\/td><td class=\"column-4\">YES<\/td><td class=\"column-5\">Columna<\/td>\n<\/tr>\n<tr class=\"row-9\">\n\t<td class=\"column-1\">Radiaci\u00f3n global total<\/td><td class=\"column-2\">2003<\/td><td class=\"column-3\">Piran\u00f3metro<\/td><td class=\"column-4\">Kipp&amp;Zonen<\/td><td class=\"column-5\">Columna<\/td>\n<\/tr>\n<tr class=\"row-10\">\n\t<td class=\"column-1\">Radiaci\u00f3n difusa total<\/td><td class=\"column-2\">2003<\/td><td class=\"column-3\">Piran\u00f3metro<\/td><td class=\"column-4\">Kipp&amp;Zonen<\/td><td class=\"column-5\">Columna<\/td>\n<\/tr>\n<tr class=\"row-11\">\n\t<td class=\"column-1\">Radiaci\u00f3n directa total<\/td><td class=\"column-2\">2003<\/td><td class=\"column-3\">Pirheli\u00f3metro<\/td><td class=\"column-4\">Kipp&amp;Zonen<\/td><td class=\"column-5\">Columna<\/td>\n<\/tr>\n<tr class=\"row-12\">\n\t<td class=\"column-1\">Radiaci\u00f3n infrarroja onda larga<\/td><td class=\"column-2\">2003<\/td><td class=\"column-3\">Pirge\u00f3metro<\/td><td class=\"column-4\">Kipp&amp;Zonen<\/td><td class=\"column-5\">Columna<\/td>\n<\/tr>\n<tr class=\"row-13\">\n\t<td class=\"column-1\">C\u00e1mara de todo cielo<\/td><td class=\"column-2\">200<\/td><td class=\"column-3\">C\u00e1mara<\/td><td class=\"column-4\">SIELTEC<\/td><td class=\"column-5\">Columna<\/td>\n<\/tr>\n<tr class=\"row-14\">\n\t<td class=\"column-1\">Irradiancia espectral UV<\/td><td class=\"column-2\">2010<\/td><td class=\"column-3\">Espectroradi\u00f3metro<\/td><td class=\"column-4\">GigaHerz-Optik<\/td><td class=\"column-5\">Columna<\/td>\n<\/tr>\n<tr class=\"row-15\">\n\t<td colspan=\"5\" class=\"column-1\"><center><strong>OBSERVACI\u00d3N E INVESTIGACI\u00d3N METEOROL\u00d3GICA<\/strong><\/center><\/td>\n<\/tr>\n<tr class=\"row-16\">\n\t<td class=\"column-1\">Perfiles meteorol\u00f3gicos<\/td><td class=\"column-2\">1980<\/td><td class=\"column-3\">Sondeadores fijo y port\u00e1 de Ozono y Meteorol\u00f3gico<\/td><td class=\"column-4\">Bvaisala<\/td><td class=\"column-5\">Vertical<\/td>\n<\/tr>\n<tr class=\"row-17\">\n\t<td class=\"column-1\">Variables meteorol\u00f3gicas en superficie<\/td><td class=\"column-2\">1993<\/td><td class=\"column-3\">Estaci\u00f3n Meteo<\/td><td class=\"column-4\">Vaisala<\/td><td class=\"column-5\">Superficie<\/td>\n<\/tr>\n<tr class=\"row-18\">\n\t<td class=\"column-1\">Variables meteorol\u00f3gicas (50 y 100m)<\/td><td class=\"column-2\">2016<\/td><td class=\"column-3\">Estaci\u00f3n Meteo<\/td><td class=\"column-4\">Vaisala<\/td><td class=\"column-5\">Superficie<\/td>\n<\/tr>\n<tr class=\"row-19\">\n\t<td colspan=\"5\" class=\"column-1\"><center><strong>OBSERVACI\u00d3N E INVESTIGACI\u00d3N EN GASES TRAZA REACTIVOS<\/strong><\/center><\/td>\n<\/tr>\n<tr class=\"row-20\">\n\t<td class=\"column-1\">Concentraci\u00f3n de ozono superficial (10 m)<\/td><td class=\"column-2\">2000<\/td><td class=\"column-3\">Analizador<\/td><td class=\"column-4\">Teledyne<\/td><td class=\"column-5\">Superficie<\/td>\n<\/tr>\n<tr class=\"row-21\">\n\t<td class=\"column-1\">Concentraci\u00f3n de \u00f3xidos de nitr\u00f3geno (10 m)<\/td><td class=\"column-2\">2008<\/td><td class=\"column-3\">Analizador<\/td><td class=\"column-4\">Teledyne<\/td><td class=\"column-5\">Superficie<\/td>\n<\/tr>\n<tr class=\"row-22\">\n\t<td class=\"column-1\">Concentraci\u00f3n de di\u00f3xido de azufre (10 m)<\/td><td class=\"column-2\">2015<\/td><td class=\"column-3\">Analizador<\/td><td class=\"column-4\">Teledyne<\/td><td class=\"column-5\">Superficie<\/td>\n<\/tr>\n<tr class=\"row-23\">\n\t<td class=\"column-1\">Concentraci\u00f3n de mon\u00f3xido de carbono (10 m)<\/td><td class=\"column-2\">2019<\/td><td class=\"column-3\">Analizador<\/td><td class=\"column-4\">Teledyne<\/td><td class=\"column-5\">Superficie<\/td>\n<\/tr>\n<tr class=\"row-24\">\n\t<td class=\"column-1\">Concentraci\u00f3n de mon\u00f3xido de carbono (50 y 100 m)<\/td><td class=\"column-2\">2021<\/td><td class=\"column-3\">Analizador<\/td><td class=\"column-4\">Picarro<\/td><td class=\"column-5\">Superficie<\/td>\n<\/tr>\n<tr class=\"row-25\">\n\t<td class=\"column-1\">Concentraci\u00f3n de benceno, tolueno y xileno (10 m)<\/td><td class=\"column-2\">2019<\/td><td class=\"column-3\">Cromat\u00f3grafo<\/td><td class=\"column-4\">Syntech Spectras<\/td><td class=\"column-5\">Superficie<\/td>\n<\/tr>\n<tr class=\"row-26\">\n\t<td colspan=\"5\" class=\"column-1\"><center><strong>OBSERVACI\u00d3N E INVESTIGACI\u00d3N EN PART\u00cdCULAS ATMOSF\u00c9RICAS<\/strong><\/center><\/td>\n<\/tr>\n<tr class=\"row-27\">\n\t<td class=\"column-1\">Espesor \u00f3ptico de aerosoles, coeficiente de Angstrom, distribuci\u00f3n de tama\u00f1os, \u00edndice de refracci\u00f3n, funci\u00f3n de fase (todos ellos productos integrados en toda la columna atmosf\u00e9rica)<\/td><td class=\"column-2\">2002<\/td><td class=\"column-3\">Fot\u00f3metro solar-lunar-celeste<\/td><td class=\"column-4\">Cimel 318<\/td><td class=\"column-5\">Columna<\/td>\n<\/tr>\n<tr class=\"row-28\">\n\t<td class=\"column-1\">Distribuci\u00f3n de tama\u00f1o de part\u00edculas en el rango de di\u00e1metros submicrom\u00e9trico<\/td><td class=\"column-2\">2004<\/td><td class=\"column-3\">Espect\u00f3metro de part\u00edculas<\/td><td class=\"column-4\">TSI\/SMPS<\/td><td class=\"column-5\">Superficie<\/td>\n<\/tr>\n<tr class=\"row-29\">\n\t<td class=\"column-1\">Distribuci\u00f3n de tama\u00f1o de part\u00edculas en el rango de di\u00e1mtros microm\u00e9trico<\/td><td class=\"column-2\">2004<\/td><td class=\"column-3\">Espect\u00f3mtros de part\u00edculas<\/td><td class=\"column-4\">TSI\/SAPS<\/td><td class=\"column-5\">Superficie<\/td>\n<\/tr>\n<tr class=\"row-30\">\n\t<td class=\"column-1\">Coeficiente de dispersi\u00f3n y retrodispersi\u00f3n multilongitud de onda, coeficiente de Angtr\u00f6m de dispersi\u00f3n, fracci\u00f3n de retrodispersi\u00f3n, par\u00e1metro de asimetr\u00eda<\/td><td class=\"column-2\">2005<\/td><td class=\"column-3\">Nefel\u00f3metro integrado 3\u03bb<\/td><td class=\"column-4\">TSI\/Nefel\u00f3metro<\/td><td class=\"column-5\">Superficie<\/td>\n<\/tr>\n<tr class=\"row-31\">\n\t<td class=\"column-1\">Coeficiente de absorci\u00f3n multi longitud de onda, coeficiente de Angstr\u00f6m de absorci\u00f3n, albedo de dispersi\u00f3n simple<\/td><td class=\"column-2\">2012<\/td><td class=\"column-3\">Fot\u00f3metro de absorci\u00f3n<\/td><td class=\"column-4\">NOAA\/CLAP<\/td><td class=\"column-5\">Superficie<\/td>\n<\/tr>\n<tr class=\"row-32\">\n\t<td class=\"column-1\">Concentraci\u00f3n total de part\u00edcular con di\u00e1metro inferior a 10 nm<\/td><td class=\"column-2\">2017<\/td><td class=\"column-3\">Contador de part\u00edcular ultrafines<\/td><td class=\"column-4\">TSI\/UCPC<\/td><td class=\"column-5\">Superficie<\/td>\n<\/tr>\n<tr class=\"row-33\">\n\t<td class=\"column-1\">Coeficiente de extintion, LIDAR ratio<\/td><td class=\"column-2\">2017<\/td><td class=\"column-3\">LIDAR<\/td><td class=\"column-4\">NASA\/MPL<\/td><td class=\"column-5\">Vertical<\/td>\n<\/tr>\n<tr class=\"row-34\">\n\t<td class=\"column-1\">Espesor \u00f3ptico de aerosoles multi longitud de onda, coeficiente de Angstr\u00f6m (todos ellos productos integrados en toda la columba atmosf\u00e9rica)<\/td><td class=\"column-2\">2019<\/td><td class=\"column-3\">Radi\u00f3metro Zenital<\/td><td class=\"column-4\">SIELTEC\/ZEN<\/td><td class=\"column-5\">Columna<\/td>\n<\/tr>\n<tr class=\"row-35\">\n\t<td class=\"column-1\">Concentraci\u00f3n total de part\u00edculas con di\u00e1metro superior a 10 nm<\/td><td class=\"column-2\">2022<\/td><td class=\"column-3\">Contador de part\u00edculas CPC<\/td><td class=\"column-4\">TSI\/CPC<\/td><td class=\"column-5\">Superficie<\/td>\n<\/tr>\n<tr class=\"row-36\">\n\t<td colspan=\"5\" class=\"column-1\"><center><strong>OBSERVACI\u00d3N E INVESTIGACI\u00d3N DE LA RADIACI\u00d3N SOLAR A BORDO DESDE PLATAFORMA A\u00c9REA<\/strong><\/center><\/td>\n<\/tr>\n<tr class=\"row-37\">\n\t<td class=\"column-1\">Irradiancia espectral de 290 a 900 nm<\/td><td class=\"column-2\">2016<\/td><td class=\"column-3\">Espect\u00f3metro<\/td><td class=\"column-4\">AVANTES<\/td><td class=\"column-5\">Vertical<\/td>\n<\/tr>\n<tr class=\"row-38\">\n\t<td class=\"column-1\">Irradiancia espectral de 290 a 900 nm<\/td><td class=\"column-2\">2016<\/td><td class=\"column-3\">Espect\u00f3metro<\/td><td class=\"column-4\">STELLARNET<\/td><td class=\"column-5\">Vertical<\/td>\n<\/tr>\n<tr class=\"row-39\">\n\t<td class=\"column-1\">Irradiancia infrarroja terrestre<\/td><td class=\"column-2\">2016<\/td><td class=\"column-3\">Pirge\u00f3metro<\/td><td class=\"column-4\">Kipp&amp;Zonen<\/td><td class=\"column-5\">Vertical<\/td>\n<\/tr>\n<tr class=\"row-40\">\n\t<td class=\"column-1\">C\u00e1mara de video<\/td><td class=\"column-2\">2016<\/td><td class=\"column-3\">C\u00e1mara<\/td><td class=\"column-4\">Garmin<\/td><td class=\"column-5\">Vertical<\/td>\n<\/tr>\n<tr class=\"row-41\">\n\t<td colspan=\"5\" class=\"column-1\"><center><strong>OBSERVACI\u00d3N E INVESTIGACI\u00d3N DE GASES DE EFECTO INVERNADERO<\/strong><\/center><\/td>\n<\/tr>\n<tr class=\"row-42\">\n\t<td class=\"column-1\">Concentraci\u00f3n de CH4 (10 m)<\/td><td class=\"column-2\">2019<\/td><td class=\"column-3\">Analizador<\/td><td class=\"column-4\">Picarro<\/td><td class=\"column-5\">Superficie<\/td>\n<\/tr>\n<tr class=\"row-43\">\n\t<td class=\"column-1\">Concentraci\u00f3n de CO2 (10 m)<\/td><td class=\"column-2\">2019<\/td><td class=\"column-3\">Analizador<\/td><td class=\"column-4\">Picarro<\/td><td class=\"column-5\">Superficie<\/td>\n<\/tr>\n<tr class=\"row-44\">\n\t<td class=\"column-1\">Concentraci\u00f3n de CH4 (50 y 100 m)<\/td><td class=\"column-2\">2021<\/td><td class=\"column-3\">Analizador<\/td><td class=\"column-4\">Picarro<\/td><td class=\"column-5\">Superficie<\/td>\n<\/tr>\n<tr class=\"row-45\">\n\t<td class=\"column-1\">Concentraci\u00f3n de CO2 (50 y 100 m)<\/td><td class=\"column-2\">2021<\/td><td class=\"column-3\">Analizador<\/td><td class=\"column-4\">Picarro<\/td><td class=\"column-5\">Superficie<\/td>\n<\/tr>\n<tr class=\"row-46\">\n\t<td class=\"column-1\">Flujos de CO2 y H2O (10 m)<\/td><td class=\"column-2\">2023<\/td><td class=\"column-3\">Analizador gases y anem\u00f3metro s\u00f3nico<\/td><td class=\"column-4\">Igasson<\/td><td class=\"column-5\">Superficie<\/td>\n<\/tr>\n<tr class=\"row-47\">\n\t<td colspan=\"5\" class=\"column-1\"><center><strong>OBSERVACI\u00d3N E INVESTIGACI\u00d3N DE PART\u00cdCULAS A BORDO DESDE PLATAFORMA A\u00c9REA<\/strong><\/center><\/td>\n<\/tr>\n<tr class=\"row-48\">\n\t<td class=\"column-1\">Concentraci\u00f3n total de part\u00edcular con di\u00e1metro superior a 10 nm<\/td><td class=\"column-2\">2022<\/td><td class=\"column-3\">Contador de part\u00edculas<\/td><td class=\"column-4\">Brechtel\/aMCPC<\/td><td class=\"column-5\">Vertical<\/td>\n<\/tr>\n<tr class=\"row-49\">\n\t<td class=\"column-1\">Distribuci\u00f3n de tama\u00f1os de las part\u00edculas atmosf\u00e9ricas desde 0.156 hasta 2.5 nm<\/td><td class=\"column-2\">2022<\/td><td class=\"column-3\">Contador \u00f3ptico<\/td><td class=\"column-4\">Brechtel\/mOPC<\/td><td class=\"column-5\">Vertical<\/td>\n<\/tr>\n<tr class=\"row-50\">\n\t<td class=\"column-1\">Coeficiente de absorci\u00f3n multi longitud de onda, coeficiente de Angstr\u00f6m de absorci\u00f3n, albedo de dispersi\u00f3n simple<\/td><td class=\"column-2\">2022<\/td><td class=\"column-3\">Fot\u00f3metro de absorci\u00f3n<\/td><td class=\"column-4\">Brechtel\/STAP<\/td><td class=\"column-5\">Vertical<\/td>\n<\/tr>\n<\/tbody>\n<\/table>\n<!-- #tablepress-3 from cache --><\/div>\t\t<\/div>\n\t\t\t\t<\/div>\n\t\t\t\t\t<\/div>\n\t\t\t\t<\/div>\n\t\t<div class=\"elementor-element elementor-element-e3ca0f7 e-flex e-con-boxed wpr-particle-no wpr-jarallax-no wpr-parallax-no wpr-sticky-section-no e-con e-parent\" data-id=\"e3ca0f7\" data-element_type=\"container\" data-settings=\"{&quot;content_width&quot;:&quot;boxed&quot;}\" data-core-v316-plus=\"true\">\n\t\t\t\t\t<div class=\"e-con-inner\">\n\t\t\t\t<div class=\"elementor-element elementor-element-ecba8f7 elementor-widget elementor-widget-spacer\" data-id=\"ecba8f7\" data-element_type=\"widget\" data-widget_type=\"spacer.default\">\n\t\t\t\t<div class=\"elementor-widget-container\">\n\t\t\t<style>\/*! elementor - v3.19.0 - 28-02-2024 *\/\n.elementor-column .elementor-spacer-inner{height:var(--spacer-size)}.e-con{--container-widget-width:100%}.e-con-inner>.elementor-widget-spacer,.e-con>.elementor-widget-spacer{width:var(--container-widget-width,var(--spacer-size));--align-self:var(--container-widget-align-self,initial);--flex-shrink:0}.e-con-inner>.elementor-widget-spacer>.elementor-widget-container,.e-con>.elementor-widget-spacer>.elementor-widget-container{height:100%;width:100%}.e-con-inner>.elementor-widget-spacer>.elementor-widget-container>.elementor-spacer,.e-con>.elementor-widget-spacer>.elementor-widget-container>.elementor-spacer{height:100%}.e-con-inner>.elementor-widget-spacer>.elementor-widget-container>.elementor-spacer>.elementor-spacer-inner,.e-con>.elementor-widget-spacer>.elementor-widget-container>.elementor-spacer>.elementor-spacer-inner{height:var(--container-widget-height,var(--spacer-size))}.e-con-inner>.elementor-widget-spacer.elementor-widget-empty,.e-con>.elementor-widget-spacer.elementor-widget-empty{position:relative;min-height:22px;min-width:22px}.e-con-inner>.elementor-widget-spacer.elementor-widget-empty .elementor-widget-empty-icon,.e-con>.elementor-widget-spacer.elementor-widget-empty .elementor-widget-empty-icon{position:absolute;top:0;bottom:0;left:0;right:0;margin:auto;padding:0;width:22px;height:22px}<\/style>\t\t<div class=\"elementor-spacer\">\n\t\t\t<div class=\"elementor-spacer-inner\"><\/div>\n\t\t<\/div>\n\t\t\t\t<\/div>\n\t\t\t\t<\/div>\n\t\t\t\t\t<\/div>\n\t\t\t\t<\/div>\n\t\t\t\t<\/div>","protected":false},"excerpt":{"rendered":"<p>La siguiente tabla lista el cat\u00e1logo de los productos de observaci\u00f3n ofrecidos por orden cronol\u00f3gico de implantaci\u00f3n y en funci\u00f3n del tipo de componentes atmosf\u00e9rico involucrado en el Servicio. Todos los instrumentos est\u00e1n vinculados a todos los Servicios, y se utilizan en funci\u00f3n del inter\u00e9s cient\u00edfico-t\u00e9cnicos-formativo del usuario. Editar PRODUCTOS INICIO INTRUMENTO FABRICANTE RESOLUCI\u00d3N OBSERVACI\u00d3N IONOSF\u00c9RICA Par\u00e1metros ionosf\u00e9ricos 1975 Digisonda Univ. De Lowell Columna OBSERVACI\u00d3N E INVESTIGACI\u00d3N EN RADIACI\u00d3N SOLAR Ozono total en columna 1980 Espectroradi\u00f3metro Dobson Columna Ozono total en columna 1997 Espectroradi\u00f3metro Brewer Columna Irradiancia espectral UV 1997 Espectroradi\u00f3metro Brewer Columna Irradiancia eritem\u00e1tica 1997 Piran\u00f3metro YES Columna Radiaci\u00f3n global total 2003 Piran\u00f3metro Kipp&amp;Zonen Columna Radiaci\u00f3n difusa total 2003 Piran\u00f3metro Kipp&amp;Zonen Columna Radiaci\u00f3n directa total 2003 Pirheli\u00f3metro Kipp&amp;Zonen Columna Radiaci\u00f3n infrarroja onda larga 2003 Pirge\u00f3metro Kipp&amp;Zonen Columna C\u00e1mara de todo cielo 200 C\u00e1mara SIELTEC Columna Irradiancia espectral UV 2010 Espectroradi\u00f3metro GigaHerz-Optik Columna OBSERVACI\u00d3N E INVESTIGACI\u00d3N METEOROL\u00d3GICA Perfiles meteorol\u00f3gicos 1980 Sondeadores fijo y port\u00e1 de Ozono y Meteorol\u00f3gico Bvaisala Vertical Variables meteorol\u00f3gicas en superficie 1993 Estaci\u00f3n Meteo Vaisala Superficie Variables meteorol\u00f3gicas (50 y 100m) 2016 Estaci\u00f3n Meteo Vaisala Superficie OBSERVACI\u00d3N E INVESTIGACI\u00d3N EN GASES TRAZA REACTIVOS Concentraci\u00f3n de ozono superficial (10 m) 2000 Analizador Teledyne Superficie Concentraci\u00f3n de \u00f3xidos de nitr\u00f3geno (10 m) 2008 Analizador Teledyne Superficie Concentraci\u00f3n de di\u00f3xido de azufre (10 m) 2015 Analizador Teledyne Superficie Concentraci\u00f3n de mon\u00f3xido de carbono (10 m) 2019 Analizador Teledyne Superficie Concentraci\u00f3n de mon\u00f3xido de carbono (50 y 100 m) 2021 Analizador Picarro Superficie Concentraci\u00f3n de benceno, tolueno y xileno (10 m) 2019 Cromat\u00f3grafo Syntech Spectras Superficie OBSERVACI\u00d3N E INVESTIGACI\u00d3N EN PART\u00cdCULAS ATMOSF\u00c9RICAS Espesor \u00f3ptico de aerosoles, coeficiente de Angstrom, distribuci\u00f3n de tama\u00f1os, \u00edndice de refracci\u00f3n, funci\u00f3n de fase (todos ellos productos integrados en toda la columna atmosf\u00e9rica) 2002 Fot\u00f3metro solar-lunar-celeste Cimel 318 Columna Distribuci\u00f3n de tama\u00f1o de part\u00edculas en el rango de di\u00e1metros submicrom\u00e9trico 2004 Espect\u00f3metro de part\u00edculas TSI\/SMPS Superficie Distribuci\u00f3n de tama\u00f1o de part\u00edculas en el rango de di\u00e1mtros microm\u00e9trico 2004 Espect\u00f3mtros de part\u00edculas TSI\/SAPS Superficie Coeficiente de dispersi\u00f3n y retrodispersi\u00f3n multilongitud de onda, coeficiente de Angtr\u00f6m de dispersi\u00f3n, fracci\u00f3n de retrodispersi\u00f3n, par\u00e1metro de asimetr\u00eda 2005 Nefel\u00f3metro integrado 3\u03bb TSI\/Nefel\u00f3metro Superficie Coeficiente de absorci\u00f3n multi longitud de onda, coeficiente de Angstr\u00f6m de absorci\u00f3n, albedo de dispersi\u00f3n simple 2012 Fot\u00f3metro de absorci\u00f3n NOAA\/CLAP Superficie Concentraci\u00f3n total de part\u00edcular con di\u00e1metro inferior a 10 nm 2017 Contador de part\u00edcular ultrafines TSI\/UCPC Superficie Coeficiente de extintion, LIDAR ratio 2017 LIDAR NASA\/MPL Vertical Espesor \u00f3ptico de aerosoles multi longitud de onda, coeficiente de Angstr\u00f6m (todos ellos productos integrados en toda la columba atmosf\u00e9rica) 2019 Radi\u00f3metro Zenital SIELTEC\/ZEN Columna Concentraci\u00f3n total de part\u00edculas con di\u00e1metro superior a 10 nm 2022 Contador de part\u00edculas CPC TSI\/CPC Superficie OBSERVACI\u00d3N E INVESTIGACI\u00d3N DE LA RADIACI\u00d3N SOLAR A BORDO DESDE PLATAFORMA A\u00c9REA Irradiancia espectral de 290 a 900 nm 2016 Espect\u00f3metro AVANTES Vertical Irradiancia espectral de 290 a 900 nm 2016 Espect\u00f3metro STELLARNET Vertical Irradiancia infrarroja terrestre 2016 Pirge\u00f3metro Kipp&amp;Zonen Vertical C\u00e1mara de video 2016 C\u00e1mara Garmin Vertical OBSERVACI\u00d3N E INVESTIGACI\u00d3N DE GASES DE EFECTO INVERNADERO Concentraci\u00f3n de CH4 (10 m) 2019 Analizador Picarro Superficie Concentraci\u00f3n de CO2 (10 m) 2019 Analizador Picarro Superficie Concentraci\u00f3n de CH4 (50 y 100 m) 2021 Analizador Picarro Superficie Concentraci\u00f3n de CO2 (50 y 100 m) 2021 Analizador Picarro Superficie Flujos de CO2 y H2O (10 m) 2023 Analizador gases y anem\u00f3metro s\u00f3nico Igasson Superficie OBSERVACI\u00d3N E INVESTIGACI\u00d3N DE PART\u00cdCULAS A BORDO DESDE PLATAFORMA A\u00c9REA Concentraci\u00f3n total de part\u00edcular con di\u00e1metro superior a 10 nm 2022 Contador de part\u00edculas Brechtel\/aMCPC Vertical Distribuci\u00f3n de tama\u00f1os de las part\u00edculas atmosf\u00e9ricas desde 0.156 hasta 2.5 nm 2022 Contador \u00f3ptico Brechtel\/mOPC Vertical Coeficiente de absorci\u00f3n multi longitud de onda, coeficiente de Angstr\u00f6m de absorci\u00f3n, albedo de dispersi\u00f3n simple 2022 Fot\u00f3metro de absorci\u00f3n Brechtel\/STAP Vertical<\/p>","protected":false},"author":1,"featured_media":0,"parent":0,"menu_order":0,"comment_status":"closed","ping_status":"closed","template":"","meta":{"neve_meta_sidebar":"","neve_meta_container":"","neve_meta_enable_content_width":"","neve_meta_content_width":0,"neve_meta_title_alignment":"","neve_meta_author_avatar":"","neve_post_elements_order":"","neve_meta_disable_header":"","neve_meta_disable_footer":"","neve_meta_disable_title":"","neve_meta_reading_time":"","footnotes":""},"class_list":["post-4272","page","type-page","status-publish","hentry"],"publishpress_future_action":{"enabled":false,"date":"2026-04-14 04:58:20","action":"change-status","newStatus":"draft","terms":[],"taxonomy":""},"publishpress_future_workflow_manual_trigger":{"enabledWorkflows":[]},"_links":{"self":[{"href":"https:\/\/actris.es\/en\/wp-json\/wp\/v2\/pages\/4272","targetHints":{"allow":["GET"]}}],"collection":[{"href":"https:\/\/actris.es\/en\/wp-json\/wp\/v2\/pages"}],"about":[{"href":"https:\/\/actris.es\/en\/wp-json\/wp\/v2\/types\/page"}],"author":[{"embeddable":true,"href":"https:\/\/actris.es\/en\/wp-json\/wp\/v2\/users\/1"}],"replies":[{"embeddable":true,"href":"https:\/\/actris.es\/en\/wp-json\/wp\/v2\/comments?post=4272"}],"version-history":[{"count":27,"href":"https:\/\/actris.es\/en\/wp-json\/wp\/v2\/pages\/4272\/revisions"}],"predecessor-version":[{"id":4337,"href":"https:\/\/actris.es\/en\/wp-json\/wp\/v2\/pages\/4272\/revisions\/4337"}],"wp:attachment":[{"href":"https:\/\/actris.es\/en\/wp-json\/wp\/v2\/media?parent=4272"}],"curies":[{"name":"wp","href":"https:\/\/api.w.org\/{rel}","templated":true}]}}