{"id":54,"date":"2024-02-26T14:17:35","date_gmt":"2024-02-26T13:17:35","guid":{"rendered":"https:\/\/iista.ugr.es\/actris\/?page_id=54"},"modified":"2024-03-14T11:31:01","modified_gmt":"2024-03-14T10:31:01","slug":"historia","status":"publish","type":"page","link":"https:\/\/actris.es\/en\/historia\/","title":{"rendered":"History"},"content":{"rendered":"<div data-elementor-type=\"wp-page\" data-elementor-id=\"54\" class=\"elementor elementor-54\">\n\t\t\t\t<div class=\"elementor-element elementor-element-41b5df7e e-flex e-con-boxed wpr-particle-no wpr-jarallax-no wpr-parallax-no wpr-sticky-section-no e-con e-parent\" data-id=\"41b5df7e\" data-element_type=\"container\" data-settings=\"{&quot;content_width&quot;:&quot;boxed&quot;}\" data-core-v316-plus=\"true\">\n\t\t\t\t\t<div class=\"e-con-inner\">\n\t\t\t\t<div class=\"elementor-element elementor-element-15ebee6a elementor-widget elementor-widget-text-editor\" data-id=\"15ebee6a\" data-element_type=\"widget\" data-widget_type=\"text-editor.default\">\n\t\t\t\t<div class=\"elementor-widget-container\">\n\t\t\t<style>\/*! elementor - v3.19.0 - 28-02-2024 *\/\n.elementor-widget-text-editor.elementor-drop-cap-view-stacked .elementor-drop-cap{background-color:#69727d;color:#fff}.elementor-widget-text-editor.elementor-drop-cap-view-framed .elementor-drop-cap{color:#69727d;border:3px solid;background-color:transparent}.elementor-widget-text-editor:not(.elementor-drop-cap-view-default) .elementor-drop-cap{margin-top:8px}.elementor-widget-text-editor:not(.elementor-drop-cap-view-default) .elementor-drop-cap-letter{width:1em;height:1em}.elementor-widget-text-editor .elementor-drop-cap{float:left;text-align:center;line-height:1;font-size:50px}.elementor-widget-text-editor .elementor-drop-cap-letter{display:inline-block}<\/style>\t\t\t\t<!-- wp:paragraph --><!-- \/wp:paragraph --><!-- wp:paragraph {\"fontSize\":\"medium\"} -->\n<h2><strong>What is the history of ACTRIS?<\/strong><\/h2>\n<!-- \/wp:paragraph --><!-- wp:paragraph -->\n<p class=\"translation-block\">ACTRIS results from a construction effort of more than 15-yr engaged by both member states and the European commission through the Research Infrastructure programme. ACTRIS was initiated as an Integrated Initiative in 2011 building on three historical European research collaborations: <a href=\"https:\/\/www.earlinet.org\/\" target=\"_self\">EARLINET<\/a> (European Aerosol Research Lidar Network, EU-FP5 and FP6 projects), <a href=\"https:\/\/www.eusaar.net\/\" target=\"_self\">EUSAAR<\/a> (European Supersites for Atmospheric Aerosol Research, EU-FP6 project),  <a href=\"https:\/\/www.copernicus.eu\/en\/construction-use-and-delivery-european-aerosol-database\" target=\"_self\">CREATE<\/a> (Construction, use and delivery of an European aerosol database, EU-FP5 project) and <a href=\"http:\/\/www.cloud-net.org\/\" target=\"_self\">CLOUDnet<\/a> (started as an EU-FP5 project for observing cloud profiles), to which a new integration of long-term trace-gas observatories was then added. The operations will be pursued as part of ACTRIS-2 funded as a new IA programme by the European commission in H2020.<\/p>\n<p class=\"translation-block\">The short-lived components of NDACC (Network for the Detection of Atmospheric Composition Change) will be incorporated in the Research Infrastructure ACTRIS also building on advances made in the NORS program. Many of the observatories in ACTRIS are collocated with EMEP, GAW and GRUAN sites, and in many cases started observations prior to the mentioned EU projects in quasi-independent initiatives. In addition, a few facilities, such as large simulation chambers are proposed as National Facilities, and have been operating for years within the EUROCHAMP projects.<\/p>\n<!-- \/wp:paragraph --><!-- wp:image {\"align\":\"center\",\"id\":55,\"sizeSlug\":\"full\",\"linkDestination\":\"none\"} -->\n<figure class=\"wp-block-image aligncenter size-full\"><img fetchpriority=\"high\" decoding=\"async\" class=\"alignnone wp-image-55\" src=\"http:\/\/actris.es\/\/wp-content\/uploads\/2024\/02\/Clip_4.jpg\" alt=\"L\u00ednea de tiempo de la construcci\u00f3n de ACTRIS\" width=\"521\" height=\"194\" srcset=\"https:\/\/actris.es\/wp-content\/uploads\/2024\/02\/Clip_4.jpg 521w, https:\/\/actris.es\/wp-content\/uploads\/2024\/02\/Clip_4-300x112.jpg 300w\" sizes=\"(max-width: 521px) 100vw, 521px\" \/><\/figure>\n<!-- \/wp:image --><!-- wp:paragraph {\"align\":\"center\"} -->\n<p class=\"has-text-align-center\"><sub>The history of ACTRIS started more than 15 years ago.<\/sub>.<\/p>\n<!-- \/wp:paragraph --><!-- wp:paragraph -->\n<p>Amongst the achievements of the 15-yr construction plan is the complex data-stream from data collected through the routine operations of the National Facilities, their quality assurance and their use in higher level data products distributed through the Data Centre, featuring search engines, multi- pass data selection, graphical views of data and data products, some of them in near real-time. It is also the very high quality data provided that facilitated research of a very large community of users worldwide.<\/p>\n<!-- \/wp:paragraph -->\t\t\t\t\t\t<\/div>\n\t\t\t\t<\/div>\n\t\t\t\t\t<\/div>\n\t\t\t\t<\/div>\n\t\t\t\t<\/div>","protected":false},"excerpt":{"rendered":"<p>\u00bfCu\u00e1l es la historia de ACTRIS? ACTRIS resulta de un esfuerzo de construcci\u00f3n de m\u00e1s de 15 a\u00f1os soportado por los Estados miembros y la Comisi\u00f3n Europea a trav\u00e9s del programa de infraestructuras de investigaci\u00f3n. ACTRIS se inici\u00f3 como una Iniciativa Integrada en el a\u00f1o 2011 sustentada en tres colaboraciones de investigaci\u00f3n europea preexistentes: EARLINET (European Aerosol Research Lidar Network, mediante proyectos de EU-FP5 and FP6), EUSAAR (European Supersites for Atmospheric Aerosol Research, proyecto EU-FP6), CREATE (Construction, use and delivery of an European aerosol database, proyecto EU-FP5) y CLOUDnet (que comenz\u00f3 como un proyecto EU-FP5 para la observaci\u00f3n de los perfiles de las nubes), a la que despu\u00e9s se a\u00f1adi\u00f3 una nueva integraci\u00f3n de observatorios de gases traza a largo plazo. Las operaciones continuar\u00e1n como parte de ACTRIS-2 financiado como un nuevo programa de Acci\u00f3n Innovadora (IA) por la Comisi\u00f3n Europea en el marco de H2020. Los componentes de vida corta de NDACC (Network for the Detection of Atmospheric Composition Change) ser\u00e1n tambi\u00e9n incorporados en las infraestructuras de investigaci\u00f3n ACTRIS sobre la base de los avances realizados en el programa NORS. Muchos de los observatorios de ACTRIS se situar\u00e1n junto a sitios EMEP, GAW y GRUAN, y en muchos casos comenzar\u00e1n las observaciones de forma previa a los proyectos UE mencionados. Adem\u00e1s, unas pocas instalaciones, como las grandes c\u00e1maras de simulaci\u00f3n que han funcionado durante a\u00f1os dentro de los proyectos EUROCHAMP, se proponen como instalaciones nacionales. La historia de la construcci\u00f3n ACTRIS comenz\u00f3 hace m\u00e1s de 15 a\u00f1os. Entre los logros de construcci\u00f3n de los \u00faltimos 15 a\u00f1os, est\u00e1 la compleja corriente de datos a partir de las observaciones recogidas mediante las operaciones rutinarias de las instalaciones nacionales, su garant\u00eda de calidad y su uso en productos de datos de nivel superior que se distribuyen a trav\u00e9s del Centro de Datos, con los motores de b\u00fasqueda, multi-selecci\u00f3n de datos, visualizaci\u00f3n gr\u00e1fica de los datos y productos, algunos de ellos en tiempo quasi-real (NRT). La gran calidad de los datos previstos\u00a0 ha facilitado la labor de investigaci\u00f3n de una extensa comunidad de usuarios en todo el mundo.<\/p>","protected":false},"author":1,"featured_media":0,"parent":0,"menu_order":0,"comment_status":"closed","ping_status":"closed","template":"","meta":{"neve_meta_sidebar":"","neve_meta_container":"","neve_meta_enable_content_width":"","neve_meta_content_width":0,"neve_meta_title_alignment":"","neve_meta_author_avatar":"","neve_post_elements_order":"","neve_meta_disable_header":"","neve_meta_disable_footer":"","neve_meta_disable_title":"","neve_meta_reading_time":"","footnotes":""},"class_list":["post-54","page","type-page","status-publish","hentry"],"publishpress_future_action":{"enabled":false,"date":"2026-05-07 16:58:12","action":"change-status","newStatus":"draft","terms":[],"taxonomy":""},"publishpress_future_workflow_manual_trigger":{"enabledWorkflows":[]},"_links":{"self":[{"href":"https:\/\/actris.es\/en\/wp-json\/wp\/v2\/pages\/54","targetHints":{"allow":["GET"]}}],"collection":[{"href":"https:\/\/actris.es\/en\/wp-json\/wp\/v2\/pages"}],"about":[{"href":"https:\/\/actris.es\/en\/wp-json\/wp\/v2\/types\/page"}],"author":[{"embeddable":true,"href":"https:\/\/actris.es\/en\/wp-json\/wp\/v2\/users\/1"}],"replies":[{"embeddable":true,"href":"https:\/\/actris.es\/en\/wp-json\/wp\/v2\/comments?post=54"}],"version-history":[{"count":29,"href":"https:\/\/actris.es\/en\/wp-json\/wp\/v2\/pages\/54\/revisions"}],"predecessor-version":[{"id":1768,"href":"https:\/\/actris.es\/en\/wp-json\/wp\/v2\/pages\/54\/revisions\/1768"}],"wp:attachment":[{"href":"https:\/\/actris.es\/en\/wp-json\/wp\/v2\/media?parent=54"}],"curies":[{"name":"wp","href":"https:\/\/api.w.org\/{rel}","templated":true}]}}