{"id":57,"date":"2024-02-26T14:20:39","date_gmt":"2024-02-26T13:20:39","guid":{"rendered":"https:\/\/iista.ugr.es\/actris\/?page_id=57"},"modified":"2024-04-15T09:06:44","modified_gmt":"2024-04-15T07:06:44","slug":"instalaciones","status":"publish","type":"page","link":"https:\/\/actris.es\/en\/instalaciones\/","title":{"rendered":"Facilities"},"content":{"rendered":"<div data-elementor-type=\"wp-page\" data-elementor-id=\"57\" class=\"elementor elementor-57\">\n\t\t\t\t<div class=\"elementor-element elementor-element-58f948b4 e-flex e-con-boxed wpr-particle-no wpr-jarallax-no wpr-parallax-no wpr-sticky-section-no e-con e-parent\" data-id=\"58f948b4\" data-element_type=\"container\" data-settings=\"{&quot;content_width&quot;:&quot;boxed&quot;}\" data-core-v316-plus=\"true\">\n\t\t\t\t\t<div class=\"e-con-inner\">\n\t\t\t\t<div class=\"elementor-element elementor-element-79884a1f elementor-widget elementor-widget-text-editor\" data-id=\"79884a1f\" data-element_type=\"widget\" data-widget_type=\"text-editor.default\">\n\t\t\t\t<div class=\"elementor-widget-container\">\n\t\t\t<style>\/*! elementor - v3.19.0 - 28-02-2024 *\/\n.elementor-widget-text-editor.elementor-drop-cap-view-stacked .elementor-drop-cap{background-color:#69727d;color:#fff}.elementor-widget-text-editor.elementor-drop-cap-view-framed .elementor-drop-cap{color:#69727d;border:3px solid;background-color:transparent}.elementor-widget-text-editor:not(.elementor-drop-cap-view-default) .elementor-drop-cap{margin-top:8px}.elementor-widget-text-editor:not(.elementor-drop-cap-view-default) .elementor-drop-cap-letter{width:1em;height:1em}.elementor-widget-text-editor .elementor-drop-cap{float:left;text-align:center;line-height:1;font-size:50px}.elementor-widget-text-editor .elementor-drop-cap-letter{display:inline-block}<\/style>\t\t\t\t<p><!-- wp:paragraph --><\/p>\n<p class=\"translation-block\">The ACTRIS network is structured in <strong>National Facilities<\/strong>, made up of observation platforms and exploratory platforms, and in <strong>Central Facilities<\/strong>, fundamental for the provision of high-quality harmonized data, obtained both within Europe and at selected global sites, providing users with access to state-of-the-art, well-characterized and versatile facilities.<\/p>\n<p><!-- \/wp:paragraph --><!-- wp:paragraph --><\/p>\n<p>Currently, Spain contributes to the ACTRIS National Facilities with observation platforms distributed in the peninsula and the Canary Islands (three ground-based aerosol remote sensing stations, one ground-based cloud remote sensing station, seven in situ aerosol measurement stations) and with an exploratory platform (atmospheric simulation chamber). It also participates in the Central Data Centre and the Centre for Aerosol Remote Sensing Calibration (CARS). It is foreseeable that in the expected long life of ACTRIS ERIC, other organisations and facilities will contribute from Spain to the European infrastructure.<\/p>\n<p><!-- \/wp:paragraph --><!-- wp:spacer {\"height\":\"50px\"} --><!-- \/wp:spacer --><!-- wp:paragraph {\"fontSize\":\"medium\"} --><!-- \/wp:paragraph --><\/p>\t\t\t\t\t\t<\/div>\n\t\t\t\t<\/div>\n\t\t\t\t\t<\/div>\n\t\t\t\t<\/div>\n\t\t\t\t<\/div>","protected":false},"excerpt":{"rendered":"<p>La red ACTRIS se estructura en Instalaciones Nacionales, formadas por plataformas de observaci\u00f3n y plataformas exploratorias, y en Instalaciones Centrales, fundamentales para el suministro de datos armonizados de alta calidad, obtenidos tanto dentro de Europa como en emplazamientos mundiales seleccionados, proporcionando a los usuarios acceso a instalaciones punteras, bien caracterizadas y vers\u00e1tiles. Actualmente, Espa\u00f1a contribuye a las Instalaciones Nacionales de ACTRIS con plataformas de observaci\u00f3n distribuidas en la pen\u00ednsula y Canarias (tres estaciones de teledetecci\u00f3n de aerosoles desde tierra, una estaci\u00f3n de teledetecci\u00f3n de nubes desde tierra, siete estaciones de medidas de aerosoles in situ) y con una plataforma exploratoria (c\u00e1mara de simulaci\u00f3n atmosf\u00e9rica). Asimismo, participa en la Instalaciones Centrales del Centro de Datos y del Centro de Calibraci\u00f3n de Teledetecci\u00f3n de Aerosoles (CARS). Es previsible que en la esperada larga vida de ACTRIS ERIC, otros organismos y otras instalaciones contribuyan desde Espa\u00f1a a la infraestructura europea.<\/p>","protected":false},"author":1,"featured_media":0,"parent":0,"menu_order":0,"comment_status":"closed","ping_status":"closed","template":"","meta":{"neve_meta_sidebar":"","neve_meta_container":"","neve_meta_enable_content_width":"","neve_meta_content_width":0,"neve_meta_title_alignment":"","neve_meta_author_avatar":"","neve_post_elements_order":"","neve_meta_disable_header":"","neve_meta_disable_footer":"","neve_meta_disable_title":"","neve_meta_reading_time":"","footnotes":""},"class_list":["post-57","page","type-page","status-publish","hentry"],"publishpress_future_action":{"enabled":false,"date":"2026-05-09 08:35:05","action":"change-status","newStatus":"draft","terms":[],"taxonomy":""},"publishpress_future_workflow_manual_trigger":{"enabledWorkflows":[]},"_links":{"self":[{"href":"https:\/\/actris.es\/en\/wp-json\/wp\/v2\/pages\/57","targetHints":{"allow":["GET"]}}],"collection":[{"href":"https:\/\/actris.es\/en\/wp-json\/wp\/v2\/pages"}],"about":[{"href":"https:\/\/actris.es\/en\/wp-json\/wp\/v2\/types\/page"}],"author":[{"embeddable":true,"href":"https:\/\/actris.es\/en\/wp-json\/wp\/v2\/users\/1"}],"replies":[{"embeddable":true,"href":"https:\/\/actris.es\/en\/wp-json\/wp\/v2\/comments?post=57"}],"version-history":[{"count":39,"href":"https:\/\/actris.es\/en\/wp-json\/wp\/v2\/pages\/57\/revisions"}],"predecessor-version":[{"id":3176,"href":"https:\/\/actris.es\/en\/wp-json\/wp\/v2\/pages\/57\/revisions\/3176"}],"wp:attachment":[{"href":"https:\/\/actris.es\/en\/wp-json\/wp\/v2\/media?parent=57"}],"curies":[{"name":"wp","href":"https:\/\/api.w.org\/{rel}","templated":true}]}}