{"id":69,"date":"2024-02-26T14:38:27","date_gmt":"2024-02-26T13:38:27","guid":{"rendered":"https:\/\/iista.ugr.es\/actris\/?page_id=69"},"modified":"2024-03-06T09:23:14","modified_gmt":"2024-03-06T08:23:14","slug":"gobernanza","status":"publish","type":"page","link":"https:\/\/actris.es\/en\/gobernanza\/","title":{"rendered":"Gobernanza"},"content":{"rendered":"<div data-elementor-type=\"wp-page\" data-elementor-id=\"69\" class=\"elementor elementor-69\">\n\t\t\t\t<div class=\"elementor-element elementor-element-5f7c9c97 e-flex e-con-boxed wpr-particle-no wpr-jarallax-no wpr-parallax-no wpr-sticky-section-no e-con e-parent\" data-id=\"5f7c9c97\" data-element_type=\"container\" data-settings=\"{&quot;content_width&quot;:&quot;boxed&quot;}\" data-core-v316-plus=\"true\">\n\t\t\t\t\t<div class=\"e-con-inner\">\n\t\t\t\t<div class=\"elementor-element elementor-element-781465f4 elementor-widget elementor-widget-text-editor\" data-id=\"781465f4\" data-element_type=\"widget\" data-widget_type=\"text-editor.default\">\n\t\t\t\t<div class=\"elementor-widget-container\">\n\t\t\t<style>\/*! elementor - v3.19.0 - 28-02-2024 *\/\n.elementor-widget-text-editor.elementor-drop-cap-view-stacked .elementor-drop-cap{background-color:#69727d;color:#fff}.elementor-widget-text-editor.elementor-drop-cap-view-framed .elementor-drop-cap{color:#69727d;border:3px solid;background-color:transparent}.elementor-widget-text-editor:not(.elementor-drop-cap-view-default) .elementor-drop-cap{margin-top:8px}.elementor-widget-text-editor:not(.elementor-drop-cap-view-default) .elementor-drop-cap-letter{width:1em;height:1em}.elementor-widget-text-editor .elementor-drop-cap{float:left;text-align:center;line-height:1;font-size:50px}.elementor-widget-text-editor .elementor-drop-cap-letter{display:inline-block}<\/style>\t\t\t\t<p><!-- wp:paragraph {\"fontSize\":\"medium\"} --><\/p>\n<p class=\"has-medium-font-size\"><strong>\u00bfQu\u00e9 gobernanza se propone para ACTRIS y cu\u00e1l ser\u00eda el coste de la infraestructura de investigaci\u00f3n de ACTRIS?<\/strong><\/p>\n<p><!-- \/wp:paragraph --><\/p>\n<p><!-- wp:paragraph --><\/p>\n<p>ACTRIS consta de m\u00e1s de 50 instalaciones diferentes a nivel nacional (observaci\u00f3n, e instalaciones de exploraci\u00f3n) en 21 pa\u00edses y 7 instalaciones centrales a nivel europeo (sedes, centro de datos, 5 centros de calibraci\u00f3n) distribuidos en Europa. Hasta ahora, ACTRIS ha sido apoyada a trav\u00e9s de proyectos CE con financiaci\u00f3n a corto plazo. En marzo de 2015, ACTRIS ha solicitado su inclusi\u00f3n en la hoja de ruta de ESFRI, contando con el apoyo de los pa\u00edses en que la infraestructura esta implementada y se espera que con el proyecto de fase preparatoria financiada por la CE &#8211; se iniciar\u00e1 la preparaci\u00f3n hacia la gobernanza europea com\u00fan y una entidad propia (como un modelo legal ERIC &#8211; Consorcio de Infraestructura de Investigaci\u00f3n Europea). Los pasos hacia ERIC se describen en la Tabla 1.<\/p>\n<p><!-- \/wp:paragraph --><\/p>\n<p><!-- wp:paragraph --><\/p>\n<p>Tabla. Los acuerdos contractuales y la estructura de decisi\u00f3n de ACTRIS en sus diferentes fases hacia la entidad jur\u00eddica ERIC.<\/p>\n<p><!-- \/wp:paragraph --><\/p>\n<p><!-- wp:table {\"style\":{\"color\":{\"background\":\"#116da624\"},\"border\":{\"width\":\"1px\",\"style\":\"solid\"},\"spacing\":{\"padding\":{\"top\":\"0\",\"bottom\":\"0\"}}},\"borderColor\":\"nv-site-bg\"} --><\/p>\n<figure class=\"wp-block-table\" style=\"padding-top:0;padding-bottom:0\">\n<table class=\"has-background has-border-color has-nv-site-bg-border-color\" style=\"background-color:#116da624;border-style:solid;border-width:1px\">\n<thead>\n<tr>\n<th>&nbsp;<\/th>\n<th><strong>Fase de Planificaci\u00f3n Decisiva<\/strong><strong>(incl. proyecto de Fase Preparatoria)<\/strong><\/th>\n<th><strong>Fase de Implementaci\u00f3n (fase de construcci\u00f3n decisiva y pruebas de funcionamiento)<\/strong><\/th>\n<th><strong>1a Fase Operacional (primeros cinco a\u00f1os de funcionamiento)<\/strong><\/th>\n<\/tr>\n<\/thead>\n<tbody>\n<tr>\n<td><strong>Forma legal<\/strong><\/td>\n<td>Consorcio de proyecto<\/td>\n<td>Acuerdo de intenciones<\/td>\n<td>ERIC<\/td>\n<\/tr>\n<tr>\n<td><strong>Cuerpo decisorio<\/strong><\/td>\n<td>Consejo provisional de ACTRIS<\/td>\n<td>Consejo provisional de ACTRIS<\/td>\n<td>Asamblea general de ERIC<\/td>\n<\/tr>\n<tr>\n<td><strong>Cuerpos consultivos externos<\/strong><\/td>\n<td>Junta cient\u00edfica y de implementaci\u00f3n para el proyecto de Fase Preparatoria de ACTRIS<\/td>\n<td>Junta consultiva cient\u00edfica y de implementaci\u00f3n provisionalJunta \u00e9tica provisional<\/td>\n<td>Junta consultiva de Ciencia e Innovaci\u00f3nJunta \u00e9tica<\/td>\n<\/tr>\n<tr>\n<td><strong>L\u00edder<\/strong><\/td>\n<td>Coordinador de ACTRIS<\/td>\n<td>Director provisional<\/td>\n<td>Director general<\/td>\n<\/tr>\n<tr>\n<td><strong>Juntas internas<\/strong><\/td>\n<td>Junta ejecutiva<\/td>\n<td>Comit\u00e9 provisional de la infraestructura de investigaci\u00f3n<\/td>\n<td>Comit\u00e9 de infraestructura de investigaci\u00f3n<\/td>\n<\/tr>\n<tr>\n<td><strong>Contacto cient\u00edfico nacional<\/strong><\/td>\n<td>Punto focal nacional de ACTRIS<\/td>\n<td>Punto focal nacional de ACTRIS<\/td>\n<td>Coordinador nacional de ACTRIS<\/td>\n<\/tr>\n<tr>\n<td><strong>Agentes de infraestructura de investigaci\u00f3n<\/strong><strong>(contenido y provisi\u00f3n de servicio)<\/strong><\/td>\n<td>Asamblea general del proyecto de Fade PreparatoriaMiembros del proeycto de Fase Preparatoria<\/td>\n<td>Representantes de Instalaciones Centrales e Investigadores Principales de las Instalaciones Nacionales<\/td>\n<td>L\u00edderes de Instalaciones Centrales y Asambleas de Instalaciones<\/td>\n<\/tr>\n<\/tbody>\n<\/table>\n<\/figure>\n<p><!-- \/wp:table --><\/p>\n<p><!-- wp:paragraph --><\/p>\n<p>Los costes de inversi\u00f3n para una nueva instalaci\u00f3n totalmente equipada \u201csupersite\u201d gas\/aerosol\/nubes pueden ascender hasta 20 M \u20ac, dependiendo de la instrumentaci\u00f3n y la infraestructura de apoyo. ACTRIS, sin embargo, no empieza de cero. Los pa\u00edses europeos ya han invertido m\u00e1s de 270 M \u20ac en las instalaciones de investigaci\u00f3n tipo ACTRIS en las \u00faltimas d\u00e9cadas en lo que van a ser las instalaciones nacionales ACTRIS. El coste anual de funcionamiento de estas instalaciones es de aproximadamente 24 M \u20ac. M\u00e1s all\u00e1 de esto, existe la necesidad de mejorar algunas instalaciones nacionales para cumplir los objetivos de calidad ACTRIS, que costar\u00e1 &nbsp;de 20 a 25 M \u20ac durante la fase de construcci\u00f3n de ACTRIS (a\u00f1os 2015-2019). Aproximadamente el 70% de estos costes ya est\u00e1n garantizados con los compromisos existentes, proyectos aceptados y contribuciones en especies de las organizaciones de investigaci\u00f3n. Las instalaciones nacionales de ACTRIS se financiar\u00e1n al 100% a nivel nacional, tanto durante las fases de construcci\u00f3n como de funcionamiento de ACTRIS.<\/p>\n<p><!-- \/wp:paragraph --><\/p>\n<p><!-- wp:paragraph --><\/p>\n<p>Se estima que la construcci\u00f3n de las instalaciones centrales de ACTRIS costar\u00e1 29 M \u20ac durante el per\u00edodo 2015 a 2019, de los cuales tambi\u00e9n el 70% est\u00e1 cubierto por el nivel actual de financiaci\u00f3n garantizada. Estos costes incluir\u00e1n tanto las inversiones en la instrumentaci\u00f3n como los costes operativos durante el per\u00edodo de construcci\u00f3n. Una vez ACTRIS sea operacional (en 2020), los costes de operaci\u00f3n de las instalaciones centrales de ACTRIS ser\u00e1n de 6 M \u20ac\/a\u00f1o. Durante la fase de construcci\u00f3n de ACTRIS \u00e9stos ser\u00e1n financiados al 100% a nivel nacional por los pa\u00edses de acogida, <\/p>\n<p><!-- \/wp:paragraph --><\/p>\t\t\t\t\t\t<\/div>\n\t\t\t\t<\/div>\n\t\t\t\t\t<\/div>\n\t\t\t\t<\/div>\n\t\t\t\t<\/div>","protected":false},"excerpt":{"rendered":"<p>\u00bfQu\u00e9 gobernanza se propone para ACTRIS y cu\u00e1l ser\u00eda el coste de la infraestructura de investigaci\u00f3n de ACTRIS? ACTRIS consta de m\u00e1s de 50 instalaciones diferentes a nivel nacional (observaci\u00f3n, e instalaciones de exploraci\u00f3n) en 21 pa\u00edses y 7 instalaciones centrales a nivel europeo (sedes, centro de datos, 5 centros de calibraci\u00f3n) distribuidos en Europa. Hasta ahora, ACTRIS ha sido apoyada a trav\u00e9s de proyectos CE con financiaci\u00f3n a corto plazo. En marzo de 2015, ACTRIS ha solicitado su inclusi\u00f3n en la hoja de ruta de ESFRI, contando con el apoyo de los pa\u00edses en que la infraestructura esta implementada y se espera que con el proyecto de fase preparatoria financiada por la CE &#8211; se iniciar\u00e1 la preparaci\u00f3n hacia la gobernanza europea com\u00fan y una entidad propia (como un modelo legal ERIC &#8211; Consorcio de Infraestructura de Investigaci\u00f3n Europea). Los pasos hacia ERIC se describen en la Tabla 1. Tabla. Los acuerdos contractuales y la estructura de decisi\u00f3n de ACTRIS en sus diferentes fases hacia la entidad jur\u00eddica ERIC. &nbsp; Fase de Planificaci\u00f3n Decisiva(incl. proyecto de Fase Preparatoria) Fase de Implementaci\u00f3n (fase de construcci\u00f3n decisiva y pruebas de funcionamiento) 1a Fase Operacional (primeros cinco a\u00f1os de funcionamiento) Forma legal Consorcio de proyecto Acuerdo de intenciones ERIC Cuerpo decisorio Consejo provisional de ACTRIS Consejo provisional de ACTRIS Asamblea general de ERIC Cuerpos consultivos externos Junta cient\u00edfica y de implementaci\u00f3n para el proyecto de Fase Preparatoria de ACTRIS Junta consultiva cient\u00edfica y de implementaci\u00f3n provisionalJunta \u00e9tica provisional Junta consultiva de Ciencia e Innovaci\u00f3nJunta \u00e9tica L\u00edder Coordinador de ACTRIS Director provisional Director general Juntas internas Junta ejecutiva Comit\u00e9 provisional de la infraestructura de investigaci\u00f3n Comit\u00e9 de infraestructura de investigaci\u00f3n Contacto cient\u00edfico nacional Punto focal nacional de ACTRIS Punto focal nacional de ACTRIS Coordinador nacional de ACTRIS Agentes de infraestructura de investigaci\u00f3n(contenido y provisi\u00f3n de servicio) Asamblea general del proyecto de Fade PreparatoriaMiembros del proeycto de Fase Preparatoria Representantes de Instalaciones Centrales e Investigadores Principales de las Instalaciones Nacionales L\u00edderes de Instalaciones Centrales y Asambleas de Instalaciones Los costes de inversi\u00f3n para una nueva instalaci\u00f3n totalmente equipada \u201csupersite\u201d gas\/aerosol\/nubes pueden ascender hasta 20 M \u20ac, dependiendo de la instrumentaci\u00f3n y la infraestructura de apoyo. ACTRIS, sin embargo, no empieza de cero. Los pa\u00edses europeos ya han invertido m\u00e1s de 270 M \u20ac en las instalaciones de investigaci\u00f3n tipo ACTRIS en las \u00faltimas d\u00e9cadas en lo que van a ser las instalaciones nacionales ACTRIS. El coste anual de funcionamiento de estas instalaciones es de aproximadamente 24 M \u20ac. M\u00e1s all\u00e1 de esto, existe la necesidad de mejorar algunas instalaciones nacionales para cumplir los objetivos de calidad ACTRIS, que costar\u00e1 &nbsp;de 20 a 25 M \u20ac durante la fase de construcci\u00f3n de ACTRIS (a\u00f1os 2015-2019). Aproximadamente el 70% de estos costes ya est\u00e1n garantizados con los compromisos existentes, proyectos aceptados y contribuciones en especies de las organizaciones de investigaci\u00f3n. Las instalaciones nacionales de ACTRIS se financiar\u00e1n al 100% a nivel nacional, tanto durante las fases de construcci\u00f3n como de funcionamiento de ACTRIS. Se estima que la construcci\u00f3n de las instalaciones centrales de ACTRIS costar\u00e1 29 M \u20ac durante el per\u00edodo 2015 a 2019, de los cuales tambi\u00e9n el 70% est\u00e1 cubierto por el nivel actual de financiaci\u00f3n garantizada. Estos costes incluir\u00e1n tanto las inversiones en la instrumentaci\u00f3n como los costes operativos durante el per\u00edodo de construcci\u00f3n. Una vez ACTRIS sea operacional (en 2020), los costes de operaci\u00f3n de las instalaciones centrales de ACTRIS ser\u00e1n de 6 M \u20ac\/a\u00f1o. Durante la fase de construcci\u00f3n de ACTRIS \u00e9stos ser\u00e1n financiados al 100% a nivel nacional por los pa\u00edses de acogida,<\/p>","protected":false},"author":1,"featured_media":0,"parent":0,"menu_order":0,"comment_status":"closed","ping_status":"closed","template":"","meta":{"neve_meta_sidebar":"","neve_meta_container":"","neve_meta_enable_content_width":"","neve_meta_content_width":0,"neve_meta_title_alignment":"","neve_meta_author_avatar":"","neve_post_elements_order":"","neve_meta_disable_header":"","neve_meta_disable_footer":"","neve_meta_disable_title":"","neve_meta_reading_time":"","footnotes":""},"class_list":["post-69","page","type-page","status-publish","hentry"],"publishpress_future_action":{"enabled":false,"date":"2026-04-13 03:10:45","action":"change-status","newStatus":"draft","terms":[],"taxonomy":""},"publishpress_future_workflow_manual_trigger":{"enabledWorkflows":[]},"_links":{"self":[{"href":"https:\/\/actris.es\/en\/wp-json\/wp\/v2\/pages\/69","targetHints":{"allow":["GET"]}}],"collection":[{"href":"https:\/\/actris.es\/en\/wp-json\/wp\/v2\/pages"}],"about":[{"href":"https:\/\/actris.es\/en\/wp-json\/wp\/v2\/types\/page"}],"author":[{"embeddable":true,"href":"https:\/\/actris.es\/en\/wp-json\/wp\/v2\/users\/1"}],"replies":[{"embeddable":true,"href":"https:\/\/actris.es\/en\/wp-json\/wp\/v2\/comments?post=69"}],"version-history":[{"count":11,"href":"https:\/\/actris.es\/en\/wp-json\/wp\/v2\/pages\/69\/revisions"}],"predecessor-version":[{"id":659,"href":"https:\/\/actris.es\/en\/wp-json\/wp\/v2\/pages\/69\/revisions\/659"}],"wp:attachment":[{"href":"https:\/\/actris.es\/en\/wp-json\/wp\/v2\/media?parent=69"}],"curies":[{"name":"wp","href":"https:\/\/api.w.org\/{rel}","templated":true}]}}