{"id":83,"date":"2024-02-27T08:54:22","date_gmt":"2024-02-27T07:54:22","guid":{"rendered":"https:\/\/iista.ugr.es\/actris\/?page_id=83"},"modified":"2024-03-14T11:57:01","modified_gmt":"2024-03-14T10:57:01","slug":"vinculacion","status":"publish","type":"page","link":"https:\/\/actris.es\/en\/vinculacion\/","title":{"rendered":"Connection"},"content":{"rendered":"<div data-elementor-type=\"wp-page\" data-elementor-id=\"83\" class=\"elementor elementor-83\">\n\t\t\t\t<div class=\"elementor-element elementor-element-4cf0906c e-flex e-con-boxed wpr-particle-no wpr-jarallax-no wpr-parallax-no wpr-sticky-section-no e-con e-parent\" data-id=\"4cf0906c\" data-element_type=\"container\" data-settings=\"{&quot;content_width&quot;:&quot;boxed&quot;}\" data-core-v316-plus=\"true\">\n\t\t\t\t\t<div class=\"e-con-inner\">\n\t\t\t\t<div class=\"elementor-element elementor-element-32e48575 elementor-widget elementor-widget-text-editor\" data-id=\"32e48575\" data-element_type=\"widget\" data-widget_type=\"text-editor.default\">\n\t\t\t\t<div class=\"elementor-widget-container\">\n\t\t\t<style>\/*! elementor - v3.19.0 - 28-02-2024 *\/\n.elementor-widget-text-editor.elementor-drop-cap-view-stacked .elementor-drop-cap{background-color:#69727d;color:#fff}.elementor-widget-text-editor.elementor-drop-cap-view-framed .elementor-drop-cap{color:#69727d;border:3px solid;background-color:transparent}.elementor-widget-text-editor:not(.elementor-drop-cap-view-default) .elementor-drop-cap{margin-top:8px}.elementor-widget-text-editor:not(.elementor-drop-cap-view-default) .elementor-drop-cap-letter{width:1em;height:1em}.elementor-widget-text-editor .elementor-drop-cap{float:left;text-align:center;line-height:1;font-size:50px}.elementor-widget-text-editor .elementor-drop-cap-letter{display:inline-block}<\/style>\t\t\t\t<p><!-- wp:paragraph {\"fontSize\":\"medium\"} --><\/p>\n<p><!-- \/wp:paragraph --><!-- wp:paragraph --><\/p>\n<h2><strong>How is ACTRIS linked to European and international networks?<\/strong><\/h2>\n<p>Several networks operate in Europe and in the world to produce information on atmospheric composition changes.<\/p>\n<p><!-- \/wp:list-item --><\/p>\n<p><!-- \/wp:list --><!-- wp:paragraph --><\/p>\n<p><!-- \/wp:paragraph --><\/p>\t\t\t\t\t\t<\/div>\n\t\t\t\t<\/div>\n\t\t\t\t\t<\/div>\n\t\t\t\t<\/div>\n\t\t<div class=\"elementor-element elementor-element-d4422bf e-flex e-con-boxed wpr-particle-no wpr-jarallax-no wpr-parallax-no wpr-sticky-section-no e-con e-parent\" data-id=\"d4422bf\" data-element_type=\"container\" data-settings=\"{&quot;content_width&quot;:&quot;boxed&quot;}\" data-core-v316-plus=\"true\">\n\t\t\t\t\t<div class=\"e-con-inner\">\n\t\t<div class=\"elementor-element elementor-element-d3130e7 e-con-full e-flex wpr-particle-no wpr-jarallax-no wpr-parallax-no wpr-sticky-section-no e-con e-child\" data-id=\"d3130e7\" data-element_type=\"container\" data-settings=\"{&quot;content_width&quot;:&quot;full&quot;}\">\n\t\t\t\t<div class=\"elementor-element elementor-element-c8529d7 elementor-view-default elementor-widget elementor-widget-icon\" data-id=\"c8529d7\" data-element_type=\"widget\" data-widget_type=\"icon.default\">\n\t\t\t\t<div class=\"elementor-widget-container\">\n\t\t\t\t\t<div class=\"elementor-icon-wrapper\">\n\t\t\t<div class=\"elementor-icon\">\n\t\t\t<svg xmlns=\"http:\/\/www.w3.org\/2000\/svg\" xmlns:xlink=\"http:\/\/www.w3.org\/1999\/xlink\" height=\"800px\" width=\"800px\" id=\"Layer_1\" viewbox=\"0 0 512 512\" xml:space=\"preserve\"><circle style=\"fill:#0052B4;\" cx=\"256\" cy=\"256\" r=\"256\"><\/circle><g>\t<polygon style=\"fill:#FFDA44;\" points=\"256.001,100.174 264.29,125.683 291.11,125.683 269.411,141.448 277.7,166.957   256.001,151.191 234.301,166.957 242.59,141.448 220.891,125.683 247.712,125.683  \"><\/polygon>\t<polygon style=\"fill:#FFDA44;\" points=\"145.814,145.814 169.714,157.99 188.679,139.026 184.482,165.516 208.381,177.693   181.89,181.889 177.694,208.381 165.517,184.482 139.027,188.679 157.992,169.714  \"><\/polygon>\t<polygon style=\"fill:#FFDA44;\" points=\"100.175,256 125.684,247.711 125.684,220.89 141.448,242.59 166.958,234.301 151.191,256   166.958,277.699 141.448,269.411 125.684,291.11 125.684,264.289  \"><\/polygon>\t<polygon style=\"fill:#FFDA44;\" points=\"145.814,366.186 157.991,342.286 139.027,323.321 165.518,327.519 177.693,303.62   181.89,330.111 208.38,334.307 184.484,346.484 188.679,372.974 169.714,354.009  \"><\/polygon>\t<polygon style=\"fill:#FFDA44;\" points=\"256.001,411.826 247.711,386.317 220.891,386.317 242.591,370.552 234.301,345.045   256.001,360.809 277.7,345.045 269.411,370.552 291.11,386.317 264.289,386.317  \"><\/polygon>\t<polygon style=\"fill:#FFDA44;\" points=\"366.187,366.186 342.288,354.01 323.322,372.975 327.519,346.483 303.622,334.307   330.112,330.111 334.308,303.62 346.484,327.519 372.974,323.321 354.009,342.288  \"><\/polygon>\t<polygon style=\"fill:#FFDA44;\" points=\"411.826,256 386.317,264.289 386.317,291.11 370.552,269.41 345.045,277.699 360.81,256   345.045,234.301 370.553,242.59 386.317,220.89 386.317,247.712  \"><\/polygon>\t<polygon style=\"fill:#FFDA44;\" points=\"366.187,145.814 354.01,169.714 372.975,188.679 346.483,184.481 334.308,208.38   330.112,181.889 303.622,177.692 327.519,165.516 323.322,139.027 342.289,157.991  \"><\/polygon><\/g><\/svg>\t\t\t<\/div>\n\t\t<\/div>\n\t\t\t\t<\/div>\n\t\t\t\t<\/div>\n\t\t\t\t<div class=\"elementor-element elementor-element-2c34397 elementor-widget elementor-widget-heading\" data-id=\"2c34397\" data-element_type=\"widget\" data-widget_type=\"heading.default\">\n\t\t\t\t<div class=\"elementor-widget-container\">\n\t\t\t<style>\/*! elementor - v3.19.0 - 28-02-2024 *\/\n.elementor-heading-title{padding:0;margin:0;line-height:1}.elementor-widget-heading .elementor-heading-title[class*=elementor-size-]>a{color:inherit;font-size:inherit;line-height:inherit}.elementor-widget-heading .elementor-heading-title.elementor-size-small{font-size:15px}.elementor-widget-heading .elementor-heading-title.elementor-size-medium{font-size:19px}.elementor-widget-heading .elementor-heading-title.elementor-size-large{font-size:29px}.elementor-widget-heading .elementor-heading-title.elementor-size-xl{font-size:39px}.elementor-widget-heading .elementor-heading-title.elementor-size-xxl{font-size:59px}<\/style><h2 class=\"elementor-heading-title elementor-size-default\">Europe<\/h2>\t\t<\/div>\n\t\t\t\t<\/div>\n\t\t\t\t<div class=\"elementor-element elementor-element-f8868b9 elementor-widget elementor-widget-text-editor\" data-id=\"f8868b9\" data-element_type=\"widget\" data-widget_type=\"text-editor.default\">\n\t\t\t\t<div class=\"elementor-widget-container\">\n\t\t\t\t\t\t\t<p style=\"text-align: center;\" class=\"translation-block\">In Europe, the European Monitoring and Evaluation Programme (EMEP) is a science-based and policy-driven programme under the Convention on Long-range Transboundary Air Pollution (CLRTAP) for international co-operation to solve trans-boundary air pollution problems. EMEP coordinates monitoring activities from about 180 sites in Europe and includes a research observation component organized at so-called EMEP supersites (level-2 and level-3 sites). Level-3 activities are research-oriented to improve the scientific understanding of the relevant physico-chemical processes in relation to regional air pollution and its control. ACTRIS is the proposed funding scheme to ensure long-term sustainability of level-3 activities within EMEP, and is central in harmonizing efforts of level-2 sites ensuring the required quality and development.<\/p>\t\t\t\t\t\t<\/div>\n\t\t\t\t<\/div>\n\t\t\t\t<\/div>\n\t\t\t\t<div class=\"elementor-element elementor-element-50e4931 elementor-widget elementor-widget-spacer\" data-id=\"50e4931\" data-element_type=\"widget\" data-widget_type=\"spacer.default\">\n\t\t\t\t<div class=\"elementor-widget-container\">\n\t\t\t<style>\/*! elementor - v3.19.0 - 28-02-2024 *\/\n.elementor-column .elementor-spacer-inner{height:var(--spacer-size)}.e-con{--container-widget-width:100%}.e-con-inner>.elementor-widget-spacer,.e-con>.elementor-widget-spacer{width:var(--container-widget-width,var(--spacer-size));--align-self:var(--container-widget-align-self,initial);--flex-shrink:0}.e-con-inner>.elementor-widget-spacer>.elementor-widget-container,.e-con>.elementor-widget-spacer>.elementor-widget-container{height:100%;width:100%}.e-con-inner>.elementor-widget-spacer>.elementor-widget-container>.elementor-spacer,.e-con>.elementor-widget-spacer>.elementor-widget-container>.elementor-spacer{height:100%}.e-con-inner>.elementor-widget-spacer>.elementor-widget-container>.elementor-spacer>.elementor-spacer-inner,.e-con>.elementor-widget-spacer>.elementor-widget-container>.elementor-spacer>.elementor-spacer-inner{height:var(--container-widget-height,var(--spacer-size))}.e-con-inner>.elementor-widget-spacer.elementor-widget-empty,.e-con>.elementor-widget-spacer.elementor-widget-empty{position:relative;min-height:22px;min-width:22px}.e-con-inner>.elementor-widget-spacer.elementor-widget-empty .elementor-widget-empty-icon,.e-con>.elementor-widget-spacer.elementor-widget-empty .elementor-widget-empty-icon{position:absolute;top:0;bottom:0;left:0;right:0;margin:auto;padding:0;width:22px;height:22px}<\/style>\t\t<div class=\"elementor-spacer\">\n\t\t\t<div class=\"elementor-spacer-inner\"><\/div>\n\t\t<\/div>\n\t\t\t\t<\/div>\n\t\t\t\t<\/div>\n\t\t<div class=\"elementor-element elementor-element-64af9ec e-con-full e-flex wpr-particle-no wpr-jarallax-no wpr-parallax-no wpr-sticky-section-no e-con e-child\" data-id=\"64af9ec\" data-element_type=\"container\" data-settings=\"{&quot;content_width&quot;:&quot;full&quot;}\">\n\t\t\t\t<div class=\"elementor-element elementor-element-6c1ee49 elementor-view-default elementor-widget elementor-widget-icon\" data-id=\"6c1ee49\" data-element_type=\"widget\" data-widget_type=\"icon.default\">\n\t\t\t\t<div class=\"elementor-widget-container\">\n\t\t\t\t\t<div class=\"elementor-icon-wrapper\">\n\t\t\t<div class=\"elementor-icon\">\n\t\t\t<svg xmlns=\"http:\/\/www.w3.org\/2000\/svg\" width=\"800px\" height=\"800px\" viewbox=\"0 0 1024 1024\" class=\"icon\"><path d=\"M514.5 516.6m-484.5 0a484.5 484.5 0 1 0 969 0 484.5 484.5 0 1 0-969 0Z\" fill=\"#44C0C6\"><\/path><path d=\"M514.5 1011c-66.7 0-131.5-13.1-192.5-38.9-58.9-24.9-111.8-60.6-157.2-106-45.4-45.4-81.1-98.3-106-157.2-25.8-61-38.9-125.7-38.9-192.5S33 384.9 58.8 323.9c24.9-58.9 60.6-111.8 106-157.2 45.4-45.4 98.3-81.1 157.2-106 61-25.8 125.7-38.9 192.5-38.9S646 35.2 707 61c58.9 24.9 111.8 60.6 157.2 106 45.4 45.4 81.1 98.3 106 157.2 25.8 61 38.9 125.7 38.9 192.5S996 648.2 970.2 709.2c-24.9 58.9-60.6 111.8-106 157.2-45.4 45.4-98.3 81.1-157.2 106-61 25.6-125.7 38.6-192.5 38.6z m0-968.9c-64.1 0-126.2 12.5-184.7 37.3-56.5 23.9-107.2 58.1-150.8 101.7-43.6 43.6-77.8 94.3-101.7 150.8C52.6 390.4 40 452.5 40 516.6s12.5 126.2 37.3 184.7c23.9 56.5 58.1 107.2 101.7 150.8 43.6 43.6 94.3 77.8 150.8 101.7 58.5 24.7 120.6 37.3 184.7 37.3s126.2-12.5 184.7-37.3c56.5-23.9 107.2-58.1 150.8-101.7s77.8-94.3 101.7-150.8c24.7-58.5 37.3-120.6 37.3-184.7s-12.5-126.2-37.3-184.7c-23.9-56.5-58.1-107.2-101.7-150.8-43.6-43.6-94.3-77.8-150.8-101.7-58.5-24.7-120.6-37.3-184.7-37.3z\" fill=\"\"><\/path><path d=\"M528 32.8c-59.5 70.5-113.4 163.3 15.1 163.3 207.4 0 153.4 152.8-78.8 163.7-232.3 10.9-166.8 174.7-35.8 191 80.6 10.1 109.4 51.1 119.8 90.1v1.5c0 21.4 2.1 41.8 5.8 60.7v0.4c0 2.4 0.5 4.6 1.4 6.5 14.2 64.5 47.9 77.2 87.3 77.2 52.2 0 87.2-108.9 93.5-168.8 9.7-90.8 101.9-90.2 96.1-204.2-1.7-32.9 84.3-34.1 148.2-29C924.5 185.8 744 38.7 528 32.8z\" fill=\"#60C13D\"><\/path><path d=\"M642.7 797.4c-36.4 0-80.2-9.6-96.9-84.1-1.1-2.8-1.7-5.9-1.8-9.1-3.8-20.2-5.8-40.9-5.8-61.7v-0.3c-13-47-49.4-73.7-111-81.4-34.9-4.4-67.4-18.9-91.4-40.9-23.8-21.8-36.8-49-35.8-74.7 0.7-18 8.4-43.8 41.4-64.6 28.4-17.9 69.6-28.2 122.4-30.7 76.5-3.6 124-21.9 150.4-36.7 30.6-17.1 48.6-38.6 48.1-57.4-0.5-22.9-32.1-49.6-119.2-49.6-45.4 0-73.7-11.6-84.3-34.4-8.3-17.9-5-41.9 9.9-71.2 11-21.6 28.4-46.6 51.7-74.2 2-2.3 4.9-3.6 7.9-3.5 54 1.5 106.9 11.6 157.2 30.1 48.7 17.9 94.1 43.4 135 75.7 40.5 32 75.6 69.9 104.4 112.7 29.2 43.5 51.2 91 65.3 141.3 0.9 3.1 0.2 6.5-1.9 9.1-2.1 2.5-5.3 3.9-8.5 3.6-69.5-5.6-121.1-0.8-134.8 12.5-2.5 2.4-2.7 4.4-2.7 6 3.4 67-26 98.2-52 125.7-20.6 21.9-40.1 42.5-44.1 80-3.7 34.9-15.7 78-30.5 110-20.5 44.4-45.7 67.8-73 67.8zM532.5 42.9c-46.2 55.5-65.9 98.2-55.6 120.4 8.8 18.8 40.8 22.8 66.2 22.8 43 0 77.2 6.3 101.6 18.7 23.7 12.1 37.1 30 37.5 50.5 0.6 26.8-20.6 54.3-58.3 75.3-28.3 15.8-78.8 35.4-159.2 39.2-89 4.2-143.1 32.6-144.8 76.1-0.8 19.8 9.9 41.4 29.3 59.2 21 19.3 49.6 32 80.4 35.8 70.2 8.8 113.4 41.6 128.2 97.5 0.2 0.8 0.3 1.7 0.3 2.6v1.5c0 19.8 1.9 39.6 5.6 58.8 0.1 0.6 0.2 1.3 0.2 1.9v0.4c0 0.9 0.2 1.7 0.5 2.4 0.3 0.6 0.5 1.3 0.7 2 12.6 57.5 40.2 69.3 77.6 69.3 25.1 0 45.2-35.2 54.9-56.1 16.9-36.6 26.1-78.8 28.7-103.7 4.7-44.2 27.5-68.3 49.4-91.6 25.5-27 49.6-52.6 46.6-111-0.4-8 2.6-15.4 8.7-21.3 11-10.6 32.2-17 65-19.4 24.1-1.8 50-1 70.8 0.2-13.6-43.2-33.2-84.1-58.6-121.9-27.6-41.1-61.3-77.5-100.2-108.2-39.2-31-82.8-55.4-129.6-72.6-46.7-17.2-95.8-26.9-145.9-28.8z\" fill=\"\"><\/path><\/svg>\t\t\t<\/div>\n\t\t<\/div>\n\t\t\t\t<\/div>\n\t\t\t\t<\/div>\n\t\t\t\t<div class=\"elementor-element elementor-element-40346a9 elementor-widget elementor-widget-heading\" data-id=\"40346a9\" data-element_type=\"widget\" data-widget_type=\"heading.default\">\n\t\t\t\t<div class=\"elementor-widget-container\">\n\t\t\t<h2 class=\"elementor-heading-title elementor-size-default\">World<\/h2>\t\t<\/div>\n\t\t\t\t<\/div>\n\t\t\t\t<div class=\"elementor-element elementor-element-8dd3596 elementor-widget elementor-widget-text-editor\" data-id=\"8dd3596\" data-element_type=\"widget\" data-widget_type=\"text-editor.default\">\n\t\t\t\t<div class=\"elementor-widget-container\">\n\t\t\t\t\t\t\t<p style=\"text-align: center;\" class=\"translation-block\">In the world, the Global Climate Observing System (GCOS) is a long-term, user-driven operational system capable of providing the comprehensive observations required for monitoring the climate system, detecting and attributing climate change. For the atmospheric domain, Aerosol Robotic Network (AERONET), GRUAN (Global Reference Upper Air Network), NDACC (Network for the Detection of Atmospheric Composition Change) and GAW (Global Atmosphere Watch) are four major components of that system. All networks operate advanced instrumentation, calibration centers and data centers essentially under national funding schemes. ACTRIS is the proposed funding scheme for long-term support of the European component contributing to AERONET, GRUAN, NDACC and GAW, for the relevant essential climate variables. ACTRIS includes support to the World Data Center (WDC) and World Calibration Centers (WCC) located in Europe, and contributes to operation at supersites relevant to those networks.\nACTRIS provides the proper level of coordination and commitment to make the European contribution to GCOS better recognized.<\/p>\t\t\t\t\t\t<\/div>\n\t\t\t\t<\/div>\n\t\t\t\t<\/div>\n\t\t\t\t\t<\/div>\n\t\t\t\t<\/div>\n\t\t<div class=\"elementor-element elementor-element-23cb3d6 e-flex e-con-boxed wpr-particle-no wpr-jarallax-no wpr-parallax-no wpr-sticky-section-no e-con e-parent\" data-id=\"23cb3d6\" data-element_type=\"container\" data-settings=\"{&quot;content_width&quot;:&quot;boxed&quot;}\" data-core-v316-plus=\"true\">\n\t\t\t\t\t<div class=\"e-con-inner\">\n\t\t\t\t<div class=\"elementor-element elementor-element-d0f0ec7 elementor-widget elementor-widget-spacer\" data-id=\"d0f0ec7\" data-element_type=\"widget\" data-widget_type=\"spacer.default\">\n\t\t\t\t<div class=\"elementor-widget-container\">\n\t\t\t\t\t<div class=\"elementor-spacer\">\n\t\t\t<div class=\"elementor-spacer-inner\"><\/div>\n\t\t<\/div>\n\t\t\t\t<\/div>\n\t\t\t\t<\/div>\n\t\t\t\t\t<\/div>\n\t\t\t\t<\/div>\n\t\t\t\t<\/div>","protected":false},"excerpt":{"rendered":"<p>\u00bfC\u00f3mo se vincula ACTRIS a la redes europeas e internacionales? Diferentes redes operan en Europa y en el mundo para producir informaci\u00f3n sobre los cambios de la composici\u00f3n atmosf\u00e9rica. Europa En Europa, el Programa de Monitorizaci\u00f3n y Evaluaci\u00f3n (EMEP) es un programa de base cient\u00edfica y orientaci\u00f3n regulatorio basado en el marco del Convenio sobre la Contaminaci\u00f3n Atmosf\u00e9rica Transfronteriza a Gran Distancia (CLRTAP) de cooperaci\u00f3n internacional para resolver los problemas de contaminaci\u00f3n atmosf\u00e9rica transfronteriza. EMEP coordina las actividades de seguimiento de alrededor de 180 estaciones de medida de Europa e incluye una componente de observaci\u00f3n de investigaci\u00f3n organizada en los llamados \u201csupersite\u201d EMEP (nivel 2 y nivel 3). Las actividades del nivel 3 tienen una orientaci\u00f3n de investigaci\u00f3n para mejorar el conocimiento cient\u00edfico de los procesos f\u00edsico-qu\u00edmicos relevantes en relaci\u00f3n a la contaminaci\u00f3n del aire en la regi\u00f3n y de su control. ACTRIS es el sistema de financiaci\u00f3n propuesto para garantizar la sostenibilidad a largo plazo del nivel 3 dentro de las actividades del EMEP, y es fundamental en la armonizaci\u00f3n de los esfuerzos de nivel 2 que aseguran la calidad y el desarrollo necesario. Mundo En el mundo, el Global Climate Observing System (GCOS) es un sistema operacional a largo plazo impulsado por los usuarios capaz de asegurar las exhaustivas observaciones necesarias para monitorizar el sistema clim\u00e1tico, y detectar su cambio y las causas del mismo. En el dominio atmosf\u00e9rico, Aerosol Robotic Network (AERONET), GRUAN (Global Reference Upper Air Network), NDACC (Network for the Detection of Atmospheric Composition Change) y GAW (Global Atmosphere Watch) son cuatro componentes principales de ese sistema. Todas estas redes operan con instrumentaci\u00f3n avanzada, y con centros de calibraci\u00f3n y de datos, funcionando esencialmente con un r\u00e9gimen de financiaci\u00f3n nacional. ACTRIS es el sistema de financiaci\u00f3n propuesto para el apoyo a largo plazo del componente europeo que contribuye a AERONET, GRUAN, NDACC y GAW, para las variables clim\u00e1ticas esenciales y relevantes. ACTRIS incluye el apoyo al World Data Center (WDC) y a los World Calibration Centers (WCC) con sede en Europa, y contribuye a la operaci\u00f3n de los \u201csupersite\u201d pertenecientes a dichas redes.<\/p>","protected":false},"author":1,"featured_media":0,"parent":0,"menu_order":0,"comment_status":"closed","ping_status":"closed","template":"","meta":{"neve_meta_sidebar":"","neve_meta_container":"","neve_meta_enable_content_width":"","neve_meta_content_width":0,"neve_meta_title_alignment":"","neve_meta_author_avatar":"","neve_post_elements_order":"","neve_meta_disable_header":"","neve_meta_disable_footer":"","neve_meta_disable_title":"","neve_meta_reading_time":"","footnotes":""},"class_list":["post-83","page","type-page","status-publish","hentry"],"publishpress_future_action":{"enabled":false,"date":"2026-05-06 07:20:58","action":"change-status","newStatus":"draft","terms":[],"taxonomy":""},"publishpress_future_workflow_manual_trigger":{"enabledWorkflows":[]},"_links":{"self":[{"href":"https:\/\/actris.es\/en\/wp-json\/wp\/v2\/pages\/83","targetHints":{"allow":["GET"]}}],"collection":[{"href":"https:\/\/actris.es\/en\/wp-json\/wp\/v2\/pages"}],"about":[{"href":"https:\/\/actris.es\/en\/wp-json\/wp\/v2\/types\/page"}],"author":[{"embeddable":true,"href":"https:\/\/actris.es\/en\/wp-json\/wp\/v2\/users\/1"}],"replies":[{"embeddable":true,"href":"https:\/\/actris.es\/en\/wp-json\/wp\/v2\/comments?post=83"}],"version-history":[{"count":39,"href":"https:\/\/actris.es\/en\/wp-json\/wp\/v2\/pages\/83\/revisions"}],"predecessor-version":[{"id":1771,"href":"https:\/\/actris.es\/en\/wp-json\/wp\/v2\/pages\/83\/revisions\/1771"}],"wp:attachment":[{"href":"https:\/\/actris.es\/en\/wp-json\/wp\/v2\/media?parent=83"}],"curies":[{"name":"wp","href":"https:\/\/api.w.org\/{rel}","templated":true}]}}