{"id":94,"date":"2024-02-27T09:02:36","date_gmt":"2024-02-27T08:02:36","guid":{"rendered":"https:\/\/iista.ugr.es\/actris\/?page_id=94"},"modified":"2024-03-13T10:51:54","modified_gmt":"2024-03-13T09:51:54","slug":"otros-datos","status":"publish","type":"page","link":"https:\/\/actris.es\/en\/otros-datos\/","title":{"rendered":"More information"},"content":{"rendered":"<div data-elementor-type=\"wp-page\" data-elementor-id=\"94\" class=\"elementor elementor-94\">\n\t\t\t\t<div class=\"elementor-element elementor-element-a663867 e-flex e-con-boxed wpr-particle-no wpr-jarallax-no wpr-parallax-no wpr-sticky-section-no e-con e-parent\" data-id=\"a663867\" data-element_type=\"container\" data-settings=\"{&quot;content_width&quot;:&quot;boxed&quot;}\" data-core-v316-plus=\"true\">\n\t\t\t\t\t<div class=\"e-con-inner\">\n\t\t\t\t<div class=\"elementor-element elementor-element-5079dbe elementor-widget elementor-widget-text-editor\" data-id=\"5079dbe\" data-element_type=\"widget\" data-widget_type=\"text-editor.default\">\n\t\t\t\t<div class=\"elementor-widget-container\">\n\t\t\t<style>\/*! elementor - v3.19.0 - 28-02-2024 *\/\n.elementor-widget-text-editor.elementor-drop-cap-view-stacked .elementor-drop-cap{background-color:#69727d;color:#fff}.elementor-widget-text-editor.elementor-drop-cap-view-framed .elementor-drop-cap{color:#69727d;border:3px solid;background-color:transparent}.elementor-widget-text-editor:not(.elementor-drop-cap-view-default) .elementor-drop-cap{margin-top:8px}.elementor-widget-text-editor:not(.elementor-drop-cap-view-default) .elementor-drop-cap-letter{width:1em;height:1em}.elementor-widget-text-editor .elementor-drop-cap{float:left;text-align:center;line-height:1;font-size:50px}.elementor-widget-text-editor .elementor-drop-cap-letter{display:inline-block}<\/style>\t\t\t\t<h2><strong>How is ACTRIS complementary to other Research Infrastructures?<\/strong><\/h2>\t\t\t\t\t\t<\/div>\n\t\t\t\t<\/div>\n\t\t\t\t\t<\/div>\n\t\t\t\t<\/div>\n\t\t<div class=\"elementor-element elementor-element-63a1fcf e-flex e-con-boxed wpr-particle-no wpr-jarallax-no wpr-parallax-no wpr-sticky-section-no e-con e-parent\" data-id=\"63a1fcf\" data-element_type=\"container\" data-settings=\"{&quot;content_width&quot;:&quot;boxed&quot;}\" data-core-v316-plus=\"true\">\n\t\t\t\t\t<div class=\"e-con-inner\">\n\t\t<div class=\"elementor-element elementor-element-cb14ca5 e-con-full e-flex wpr-particle-no wpr-jarallax-no wpr-parallax-no wpr-sticky-section-no e-con e-child\" data-id=\"cb14ca5\" data-element_type=\"container\" data-settings=\"{&quot;content_width&quot;:&quot;full&quot;}\">\n\t\t\t\t<div class=\"elementor-element elementor-element-95ad2c3 elementor-widget elementor-widget-image\" data-id=\"95ad2c3\" data-element_type=\"widget\" data-widget_type=\"image.default\">\n\t\t\t\t<div class=\"elementor-widget-container\">\n\t\t\t<style>\/*! elementor - v3.19.0 - 28-02-2024 *\/\n.elementor-widget-image{text-align:center}.elementor-widget-image a{display:inline-block}.elementor-widget-image a img[src$=\".svg\"]{width:48px}.elementor-widget-image img{vertical-align:middle;display:inline-block}<\/style>\t\t\t\t\t\t\t<figure class=\"wp-caption\">\n\t\t\t\t\t\t\t\t\t\t<img fetchpriority=\"high\" decoding=\"async\" width=\"315\" height=\"214\" src=\"https:\/\/actris.es\/wp-content\/uploads\/2024\/03\/Clip_5.jpg\" class=\"attachment-large size-large wp-image-1606\" alt=\"\" srcset=\"https:\/\/actris.es\/wp-content\/uploads\/2024\/03\/Clip_5.jpg 315w, https:\/\/actris.es\/wp-content\/uploads\/2024\/03\/Clip_5-300x204.jpg 300w, https:\/\/actris.es\/wp-content\/uploads\/2024\/03\/Clip_5-18x12.jpg 18w\" sizes=\"(max-width: 315px) 100vw, 315px\" \/>\t\t\t\t\t\t\t\t\t\t\t<figcaption class=\"widget-image-caption wp-caption-text\">Panorama europeo de observaciones atmosf\u00e9ricas.<\/figcaption>\n\t\t\t\t\t\t\t\t\t\t<\/figure>\n\t\t\t\t\t\t\t<\/div>\n\t\t\t\t<\/div>\n\t\t\t\t<\/div>\n\t\t<div class=\"elementor-element elementor-element-4b65b3c e-con-full e-flex wpr-particle-no wpr-jarallax-no wpr-parallax-no wpr-sticky-section-no e-con e-child\" data-id=\"4b65b3c\" data-element_type=\"container\" data-settings=\"{&quot;content_width&quot;:&quot;full&quot;}\">\n\t\t\t\t<div class=\"elementor-element elementor-element-d674d7e elementor-widget elementor-widget-text-editor\" data-id=\"d674d7e\" data-element_type=\"widget\" data-widget_type=\"text-editor.default\">\n\t\t\t\t<div class=\"elementor-widget-container\">\n\t\t\t\t\t\t\t<p>ACTRIS strongly supports research on direct effects of aerosols and the cloud feedback to global warming that form the major uncertainty in predicting climate change. Part of this research is the interaction of reactive gases, aerosols and cloud hydrometeors which is fundamental to the understanding of the evolution of aerosol and cloud  particles.\u00a0<\/p>\t\t\t\t\t\t<\/div>\n\t\t\t\t<\/div>\n\t\t\t\t<\/div>\n\t\t<div class=\"elementor-element elementor-element-be461e7 e-con-full e-flex wpr-particle-no wpr-jarallax-no wpr-parallax-no wpr-sticky-section-no e-con e-child\" data-id=\"be461e7\" data-element_type=\"container\" data-settings=\"{&quot;content_width&quot;:&quot;full&quot;}\">\n\t\t\t\t<div class=\"elementor-element elementor-element-f2c117a elementor-widget elementor-widget-text-editor\" data-id=\"f2c117a\" data-element_type=\"widget\" data-widget_type=\"text-editor.default\">\n\t\t\t\t<div class=\"elementor-widget-container\">\n\t\t\t\t\t\t\t<p class=\"translation-block\">The  observational  basis  to assess and understand these processes is not within the scope of ICOS (Integrated Carbon Observation System) and IAGOS (In-service Aircraft for a Global Observing System), the two infrastructures including an atmospheric component currently on the ESFRI roadmap. ICOS focuses on the observation of carbon dioxide and other greenhouse gases in Europe. IAGOS is a fleet of commercial airliners equipped with instrumentation to measure the atmospheric state along the fixed trajectories of the aircraft. Understanding the future developments of the climate system requires observations of the forcers of climate change such as greenhouse gases and aerosols as well as the response of the climate system to the effects of these forcers. ACTRIS will complement IAGOS by providing the required spatial and temporal dimension by measuring vertical profiles of the physical properties of the atmosphere. Several ACTRIS National Facilities are collocated with ICOS facilities. Interoperability amongst research infrastructures is essential for the user community. This is ensured by the ENVRIplus project, which is an EC funded project to provide common environmental RI solutions for science and society in where ACTRIS, ICOS and IAGOS are partners.<\/p>\t\t\t\t\t\t<\/div>\n\t\t\t\t<\/div>\n\t\t\t\t<\/div>\n\t\t\t\t\t<\/div>\n\t\t\t\t<\/div>\n\t\t<div class=\"elementor-element elementor-element-3791bf68 e-flex e-con-boxed wpr-particle-no wpr-jarallax-no wpr-parallax-no wpr-sticky-section-no e-con e-parent\" data-id=\"3791bf68\" data-element_type=\"container\" data-settings=\"{&quot;content_width&quot;:&quot;boxed&quot;}\" data-core-v316-plus=\"true\">\n\t\t\t\t\t<div class=\"e-con-inner\">\n\t\t\t\t<div class=\"elementor-element elementor-element-f0153e5 elementor-widget elementor-widget-text-editor\" data-id=\"f0153e5\" data-element_type=\"widget\" data-widget_type=\"text-editor.default\">\n\t\t\t\t<div class=\"elementor-widget-container\">\n\t\t\t\t\t\t\t<!-- wp:paragraph {\"fontSize\":\"medium\"} --><!-- \/wp:paragraph --><!-- wp:paragraph --><!-- \/wp:spacer --><!-- wp:paragraph {\"fontSize\":\"medium\"} -->\n<h2><strong>Who will use the ACTRIS infrastructure or its products and services?<\/strong><\/h2>\n<!-- \/wp:paragraph --><!-- wp:paragraph {\"fontSize\":\"medium\"} -->\n<p>The infrastructure will produce data and data products essential to a wide range of communities:<\/p>\n<!-- \/wp:paragraph --><!-- wp:list -->\n<ul><!-- wp:list-item -->\n<li>Climate and air quality research communities worldwide;<\/li>\n<!-- \/wp:list-item --><!-- wp:list-item -->\n<li>Universities and research institutions for training of researchers and young scientists;<\/li>\n<!-- \/wp:list-item --><!-- wp:list-item -->\n<li>Space agencies for validation and the development of new satellite missions;<\/li>\n<!-- \/wp:list-item --><!-- wp:list-item -->\n<li>Legislation-based monitoring networks of atmospheric compositional change;<\/li>\n<!-- \/wp:list-item --><!-- wp:list-item -->\n<li>Sensor industries for testing, prototyping and demonstrations;<\/li>\n<!-- \/wp:list-item --><!-- wp:list-item -->\n<li>Air quality agencies for validation of air pollution models;<\/li>\n<!-- \/wp:list-item --><!-- wp:list-item -->\n<li>Numerical weather prediction centres for model validation;<\/li>\n<!-- \/wp:list-item --><!-- wp:list-item -->\n<li>Institutes for eco-system studies of the interaction of atmosphere and biosphere.<\/li>\n<!-- \/wp:list-item --><\/ul>\n<!-- \/wp:list --><!-- wp:paragraph -->\n<p>ACTRIS is part of the data provision scheme of Copernicus Atmosphere Service. As such, improved climate models will result in better climate scenarios, which is relevant to a wide range of parties, e.g.:<\/p>\n<!-- \/wp:paragraph --><!-- wp:list -->\n<ul><!-- wp:list-item -->\n<li>Governments (local), who can adapt their policy to improved climate scenarios;<\/li>\n<!-- \/wp:list-item --><!-- wp:list-item -->\n<li>Water boards to improve water management strategies;<\/li>\n<!-- \/wp:list-item --><!-- wp:list-item -->\n<li>Insurance companies for the optimization of the risk-benefit analysis;<\/li>\n<!-- \/wp:list-item --><!-- wp:list-item -->\n<li>Companies with a long-term (multi-decadal) strategy (e.g., the food and energy industry).<\/li>\n<!-- \/wp:list-item --><\/ul>\n<!-- \/wp:list --><!-- wp:spacer --><!-- \/wp:spacer -->\t\t\t\t\t\t<\/div>\n\t\t\t\t<\/div>\n\t\t\t\t\t<\/div>\n\t\t\t\t<\/div>\n\t\t\t\t<\/div>","protected":false},"excerpt":{"rendered":"<p>\u00bfC\u00f3mo complementa ACTRIS a otras infraestructuras de investigaci\u00f3n? Panorama europeo de observaciones atmosf\u00e9ricas. ACTRIS apoya firmemente la investigaci\u00f3n sobre los efectos directos de los aerosoles y la retroalimentaci\u00f3n de las nubes al calentamiento global, que constituyen una de las mayores incertidumbres en la predicci\u00f3n del cambio clim\u00e1tico. Parte de esta investigaci\u00f3n es la interacci\u00f3n entre los gases reactivos, los aerosoles y los hidrometeoros de las nubes, que es fundamental para la comprensi\u00f3n de la evoluci\u00f3n de los aerosoles y las nubes.\u00a0 La base observacional para evaluar y comprender estos procesos no est\u00e1 dentro del \u00e1mbito de ICOS (Integrated Carbon Observation System) y IAGOS (In-service Aircraft for a Global Observing System), las dos infraestructuras que incluyen un componente atmosf\u00e9rico actualmente en la hoja de ruta de ESFRI. ICOS se centra en la observaci\u00f3n del CO2\u00a0y otros gases de efecto invernadero en Europa. IAGOS es una flota comercial de aviones de pasajeros equipados con instrumentaci\u00f3n para medir el estado atmosf\u00e9rico a lo largo de las trayectorias fijas de la aeronave. La comprensi\u00f3n de la evoluci\u00f3n futura del sistema clim\u00e1tico requiere observaciones de las variables de forzamiento del actual cambio clim\u00e1tico, tales como gases de efecto invernadero y aerosoles, as\u00ed como la respuesta del sistema clim\u00e1tico a los factores de forzamiento. ACTRIS complementar\u00e1 IAGOS al proporcionar la dimensi\u00f3n espacial y temporal requerida midiendo perfiles verticales de las propiedades f\u00edsicas de la atm\u00f3sfera. Varias instalaciones nacionales ACTRIS est\u00e1n co-\u00fabicadas con instalaciones ICOS. La interoperabilidad entre las infraestructuras de investigaci\u00f3n es esencial para la comunidad de usuarios. De ello se encarga el proyecto ENVRIplus, que es un proyecto financiado por la EU para proporcionar soluciones de Infraestructuras de Investigaci\u00f3n ambientales comunes para la ciencia y la sociedad, del que ACTRIS, ICOS y IAGOS son socios. \u00bfQui\u00e9n va a utilizar la infraestructura ACTRIS o sus productos y servicios? La infraestructura producir\u00e1 datos y productos esenciales para un amplio conjunto de comunidades: ACTRIS es parte del esquema de suministro de datos de Copernicus Atmosphere Service. Como tal, la mejora de los modelos atmosf\u00e9ricos y clim\u00e1ticos se traducir\u00e1 en mejores previsiones, por ejemplo:<\/p>","protected":false},"author":1,"featured_media":0,"parent":0,"menu_order":0,"comment_status":"closed","ping_status":"closed","template":"","meta":{"neve_meta_sidebar":"","neve_meta_container":"","neve_meta_enable_content_width":"","neve_meta_content_width":0,"neve_meta_title_alignment":"","neve_meta_author_avatar":"","neve_post_elements_order":"","neve_meta_disable_header":"","neve_meta_disable_footer":"","neve_meta_disable_title":"","neve_meta_reading_time":"","footnotes":""},"class_list":["post-94","page","type-page","status-publish","hentry"],"publishpress_future_action":{"enabled":false,"date":"2026-04-26 19:45:54","action":"change-status","newStatus":"draft","terms":[],"taxonomy":""},"publishpress_future_workflow_manual_trigger":{"enabledWorkflows":[]},"_links":{"self":[{"href":"https:\/\/actris.es\/en\/wp-json\/wp\/v2\/pages\/94","targetHints":{"allow":["GET"]}}],"collection":[{"href":"https:\/\/actris.es\/en\/wp-json\/wp\/v2\/pages"}],"about":[{"href":"https:\/\/actris.es\/en\/wp-json\/wp\/v2\/types\/page"}],"author":[{"embeddable":true,"href":"https:\/\/actris.es\/en\/wp-json\/wp\/v2\/users\/1"}],"replies":[{"embeddable":true,"href":"https:\/\/actris.es\/en\/wp-json\/wp\/v2\/comments?post=94"}],"version-history":[{"count":14,"href":"https:\/\/actris.es\/en\/wp-json\/wp\/v2\/pages\/94\/revisions"}],"predecessor-version":[{"id":1609,"href":"https:\/\/actris.es\/en\/wp-json\/wp\/v2\/pages\/94\/revisions\/1609"}],"wp:attachment":[{"href":"https:\/\/actris.es\/en\/wp-json\/wp\/v2\/media?parent=94"}],"curies":[{"name":"wp","href":"https:\/\/api.w.org\/{rel}","templated":true}]}}